{"id":954,"date":"2014-02-22T17:41:45","date_gmt":"2014-02-22T17:41:45","guid":{"rendered":"http:\/\/www.benzclassic.net\/?page_id=954"},"modified":"2015-10-14T13:25:53","modified_gmt":"2015-10-14T13:25:53","slug":"w136-w191","status":"publish","type":"page","link":"http:\/\/www.benzclassic.net\/?page_id=954","title":{"rendered":"W136 \/ W191"},"content":{"rendered":"<p>&nbsp;<\/p>\n<table cellspacing=\"3\">\n<tbody>\n<tr>\n<th scope=\"row\">\u00dcretim<\/th>\n<td>1935-1942<br \/>\n75,006 Adet<br \/>\n1947-1955<br \/>\n83,190 Adet<\/td>\n<\/tr>\n<tr>\n<th scope=\"row\">Montaj<\/th>\n<td><a title=\"Stuttgart\" href=\"http:\/\/en.wikipedia.org\/wiki\/Stuttgart\">Stuttgart<\/a>,\u00a0<a title=\"Almanya\" href=\"http:\/\/en.wikipedia.org\/wiki\/Germany\">Almanya<\/a><br \/>\n<a title=\"Buenos Aires\" href=\"http:\/\/en.wikipedia.org\/wiki\/Buenos_Aires\">Buenos Aires<\/a>,\u00a0<a title=\"Arjantin\" href=\"http:\/\/en.wikipedia.org\/wiki\/Argentina\">Arjantin<\/a><\/td>\n<\/tr>\n<tr>\n<th colspan=\"2\">G\u00f6vde ve \u015fasi<\/th>\n<\/tr>\n<tr>\n<th scope=\"row\"><a title=\"Ara\u00e7 s\u0131n\u0131fland\u0131rma\" href=\"http:\/\/en.wikipedia.org\/wiki\/Car_classification\">S\u0131n\u0131f<\/a><\/th>\n<td><a title=\"Orta boy\" href=\"http:\/\/en.wikipedia.org\/wiki\/Mid-size\">Orta boy<\/a>\u00a0<a title=\"L\u00fcks araba\" href=\"http:\/\/en.wikipedia.org\/wiki\/Luxury_car\">l\u00fcks araba<\/a><\/td>\n<\/tr>\n<tr>\n<th scope=\"row\"><a title=\"Ara\u00e7 s\u0131n\u0131fland\u0131rma\" href=\"http:\/\/en.wikipedia.org\/wiki\/Car_classification\">G\u00f6vde stili<\/a><\/th>\n<td>4 kap\u0131\u00a0<a title=\"Sedan (otomobil)\" href=\"http:\/\/en.wikipedia.org\/wiki\/Sedan_(automobile)\">sedan<\/a><br \/>\n4 kap\u0131 Cabrio-Sedan<br \/>\n2 kap\u0131 2 &amp; 4 ki\u015filik\u00a0<a title=\"Cabriolets\" href=\"http:\/\/en.wikipedia.org\/wiki\/Cabriolets\">cabriolets<\/a><br \/>\n2-kap\u0131\u00a0<a title=\"Roadster (otomobil)\" href=\"http:\/\/en.wikipedia.org\/wiki\/Roadster_(automobile)\">roadster<\/a><br \/>\n2-kap\u0131\u00a0<a title=\"Kamyonet\" href=\"http:\/\/en.wikipedia.org\/wiki\/Pickup_truck\">pikap<\/a><br \/>\n4 kap\u0131\u00a0<a title=\"Van\" href=\"http:\/\/en.wikipedia.org\/wiki\/Van\">van<\/a><\/td>\n<\/tr>\n<tr>\n<th scope=\"row\"><a title=\"Otomobil d\u00fczeni\" href=\"http:\/\/en.wikipedia.org\/wiki\/Automobile_layout\">D\u00fczeni<\/a><\/th>\n<td><a title=\"\u00d6nden motor, arkadan \u00e7eki\u015fli d\u00fczeni\" href=\"http:\/\/en.wikipedia.org\/wiki\/Front-engine,_rear-wheel-drive_layout\">FR d\u00fczeni<\/a><\/td>\n<\/tr>\n<tr>\n<th colspan=\"2\">Powertrain<\/th>\n<\/tr>\n<tr>\n<th scope=\"row\"><a title=\"Motoru\" href=\"http:\/\/en.wikipedia.org\/wiki\/Engine\">Motoru<\/a><\/th>\n<td>1,697cc<br \/>\n1935 &#8211; 19501,767cc<br \/>\n1950 &#8211; 1953<\/td>\n<\/tr>\n<tr>\n<th colspan=\"2\">Boyutlar<\/th>\n<\/tr>\n<tr>\n<th scope=\"row\"><a title=\"Dingil mesafesi\" href=\"http:\/\/en.wikipedia.org\/wiki\/Wheelbase\">Dingil mesafesi<\/a><\/th>\n<td>2,845 mm (112.0)<\/td>\n<\/tr>\n<tr>\n<th scope=\"row\">Geni\u015flik<\/th>\n<td>1,570 mm (62)<br \/>\n\u00e7o\u011fu sava\u015f \u00f6ncesi v\u00fccut tipleri<br \/>\n1,580 mm (62)<br \/>\n\u00e7o\u011fu sava\u015f sonras\u0131 v\u00fccut tipleri<br \/>\n1,630 mm (64)<br \/>\nne var ki, 1950<\/td>\n<\/tr>\n<\/tbody>\n<\/table>\n<h2>\u00a0 \u00a0 \u00a0 \u00a0 \u00a0 \u00a0 \u00a0 Modelleri<\/h2>\n<ul>\n<li>1935-1942:\u00a0<b>170 V<\/b>\u00a0sedan\/cabriolet<\/li>\n<li>1946-1950:\u00a0<b>170 V<\/b>\u00a0sedan\/cabriolet<\/li>\n<li>1949-1952:\u00a0<b>170 S\/SAC\/SBC<\/b><\/li>\n<li>1950-1952:\u00a0<b>170 Va<\/b><\/li>\n<li>1952-1953:\u00a0<b>170 Vb<\/b><\/li>\n<li>1953-1955:\u00a0<b>170 S-V, S-D<\/b><\/li>\n<li>1949-1950:\u00a0<b>170 D<\/b><\/li>\n<li>1950-1952:\u00a0<b>170 Da\/DaOTP<\/b><\/li>\n<li>1952-1953:\u00a0<b>170 Db<\/b><\/li>\n<li>1952-1953:\u00a0<b>Sb 170<\/b>\u00a0(Model W191)<\/li>\n<li>1952-1953:\u00a0<b>170 DS<\/b>\u00a0(Model W191)<\/li>\n<li>1953-1955:\u00a0<b>170 S-V<\/b><\/li>\n<li>1953-1955:\u00a0<b>170 S-D\u00a0<\/b><\/li>\n<\/ul>\n<h3>Zaman \u00e7izelgesi<\/h3>\n<p>&nbsp;<\/p>\n<table align=\"left\">\n<tbody>\n<tr bgcolor=\"#F0F0F0\">\n<td align=\"center\" width=\"5%\">1935<\/td>\n<td align=\"center\" width=\"5%\">1936<\/td>\n<td align=\"center\" width=\"5%\">1937<\/td>\n<td align=\"center\" width=\"5%\">1938<\/td>\n<td align=\"center\" width=\"5%\">1939<\/td>\n<td align=\"center\" width=\"5%\">1940<\/td>\n<td align=\"center\" width=\"5%\">1941<\/td>\n<td align=\"center\" width=\"5%\">1942<\/td>\n<td align=\"center\" width=\"5%\">1943<\/td>\n<td align=\"center\" width=\"5%\">1944<\/td>\n<td align=\"center\" width=\"5%\">1945<\/td>\n<td align=\"center\" width=\"5%\">1946<\/td>\n<td align=\"center\" width=\"5%\">1947<\/td>\n<td align=\"center\" width=\"5%\">1948<\/td>\n<td align=\"center\" width=\"5%\">1949<\/td>\n<td align=\"center\" width=\"5%\">1950<\/td>\n<td align=\"center\" width=\"5%\">1951<\/td>\n<td align=\"center\" width=\"5%\">1952<\/td>\n<td align=\"center\" width=\"5%\">1953<\/td>\n<td align=\"center\" width=\"5%\">1954<\/td>\n<td align=\"center\" width=\"5%\">1955<\/td>\n<\/tr>\n<tr align=\"center\">\n<td colspan=\"8\" bgcolor=\"#C0C0C0\">170 V<\/td>\n<td rowspan=\"5\" colspan=\"3\" bgcolor=\"#111111\"><a title=\"D\u00fcnya Sava\u015f\u0131\" href=\"http:\/\/en.wikipedia.org\/wiki\/World_War_II\">\u0130kinci d\u00fcnya SAVA\u015eI<\/a><\/td>\n<td colspan=\"4\" bgcolor=\"#C0C0C0\">170 V<\/td>\n<td colspan=\"2\" bgcolor=\"#C0C0C0\">170 Va<\/td>\n<td colspan=\"2\" bgcolor=\"#C0C0C0\">170 Vb<\/td>\n<td colspan=\"2\" bgcolor=\"#E0E0E0\"><\/td>\n<\/tr>\n<tr align=\"center\">\n<td colspan=\"8\" bgcolor=\"#E0E0E0\"><\/td>\n<td colspan=\"3\" bgcolor=\"#E0E0E0\"><\/td>\n<td colspan=\"4\" bgcolor=\"#C0C0C0\">170 S\/SAC\/SBC<\/td>\n<td colspan=\"3\" bgcolor=\"#C0C0C0\"><a title=\"170 S-V, S-D (sayfa mevcut de\u011fil)\" href=\"http:\/\/en.wikipedia.org\/w\/index.php?title=170_S-V\/S-D&amp;action=edit&amp;redlink=1\">170 S-V, S-D<\/a><\/td>\n<\/tr>\n<tr align=\"center\">\n<td colspan=\"8\" bgcolor=\"#E0E0E0\"><\/td>\n<td colspan=\"3\" bgcolor=\"#E0E0E0\"><\/td>\n<td colspan=\"2\" bgcolor=\"#C0C0C0\">170 D<\/td>\n<td colspan=\"2\" bgcolor=\"#C0C0C0\">170 Dekar<\/td>\n<td colspan=\"1\" bgcolor=\"#C0C0C0\">Db<\/td>\n<td colspan=\"2\" bgcolor=\"#E0E0E0\"><\/td>\n<\/tr>\n<tr align=\"center\">\n<td colspan=\"8\" bgcolor=\"#E0E0E0\"><\/td>\n<td colspan=\"6\" bgcolor=\"#E0E0E0\"><\/td>\n<td colspan=\"2\" bgcolor=\"#C0C0C0\">Sb 170<\/td>\n<td colspan=\"2\" bgcolor=\"#E0E0E0\"><\/td>\n<\/tr>\n<tr align=\"center\">\n<td colspan=\"8\" bgcolor=\"#E0E0E0\"><\/td>\n<td colspan=\"6\" bgcolor=\"#E0E0E0\"><\/td>\n<td colspan=\"2\" bgcolor=\"#C0C0C0\">170 DS<\/td>\n<\/tr>\n<\/tbody>\n<\/table>\n<p><a href=\"http:\/\/www.benzclassic.net\/wp-content\/uploads\/2014\/02\/2289_1950_30_48bf9636d6615.jpg\"><img loading=\"lazy\" class=\"alignnone size-medium wp-image-950\" alt=\"2289_1950_30_48bf9636d6615\" src=\"http:\/\/www.benzclassic.net\/wp-content\/uploads\/2014\/02\/2289_1950_30_48bf9636d6615-300x139.jpg\" width=\"300\" height=\"139\" srcset=\"http:\/\/www.benzclassic.net\/wp-content\/uploads\/2014\/02\/2289_1950_30_48bf9636d6615-300x139.jpg 300w, http:\/\/www.benzclassic.net\/wp-content\/uploads\/2014\/02\/2289_1950_30_48bf9636d6615.jpg 800w\" sizes=\"(max-width: 300px) 100vw, 300px\" \/><\/a><a href=\"http:\/\/www.benzclassic.net\/wp-content\/uploads\/2014\/02\/1952-w191-170s-1e.jpg\"><img loading=\"lazy\" class=\"alignnone size-medium wp-image-932\" alt=\"1952-w191-170s-1e\" src=\"http:\/\/www.benzclassic.net\/wp-content\/uploads\/2014\/02\/1952-w191-170s-1e-300x187.jpg\" width=\"300\" height=\"187\" srcset=\"http:\/\/www.benzclassic.net\/wp-content\/uploads\/2014\/02\/1952-w191-170s-1e-300x187.jpg 300w, http:\/\/www.benzclassic.net\/wp-content\/uploads\/2014\/02\/1952-w191-170s-1e.jpg 780w\" sizes=\"(max-width: 300px) 100vw, 300px\" \/><\/a><a href=\"http:\/\/www.benzclassic.net\/wp-content\/uploads\/2014\/02\/Mercedes-Benz-W136-W191-1935-1955-1950-170s-sedan-4d-01-AA1.jpg\"><img loading=\"lazy\" class=\"alignnone size-medium wp-image-935\" alt=\"Mercedes-Benz W136 (W191) 1935-1955 (1950 170s sedan 4d) (01) [AA1]\" src=\"http:\/\/www.benzclassic.net\/wp-content\/uploads\/2014\/02\/Mercedes-Benz-W136-W191-1935-1955-1950-170s-sedan-4d-01-AA1-300x199.jpg\" width=\"300\" height=\"199\" srcset=\"http:\/\/www.benzclassic.net\/wp-content\/uploads\/2014\/02\/Mercedes-Benz-W136-W191-1935-1955-1950-170s-sedan-4d-01-AA1-300x199.jpg 300w, http:\/\/www.benzclassic.net\/wp-content\/uploads\/2014\/02\/Mercedes-Benz-W136-W191-1935-1955-1950-170s-sedan-4d-01-AA1.jpg 694w\" sizes=\"(max-width: 300px) 100vw, 300px\" \/><\/a><\/p>\n","protected":false},"excerpt":{"rendered":"<p>&nbsp; \u00dcretim 1935-1942 75,006 Adet 1947-1955 83,190 Adet Montaj Stuttgart,\u00a0Almanya Buenos Aires,\u00a0Arjantin G\u00f6vde ve \u015fasi S\u0131n\u0131f Orta boy\u00a0l\u00fcks araba G\u00f6vde stili 4 kap\u0131\u00a0sedan 4 kap\u0131 Cabrio-Sedan 2 kap\u0131 2 &amp; 4 ki\u015filik\u00a0cabriolets 2-kap\u0131\u00a0roadster 2-kap\u0131\u00a0pikap 4 kap\u0131\u00a0van D\u00fczeni FR d\u00fczeni Powertrain Motoru 1,697cc 1935 &#8211; 19501,767cc 1950 &#8211; 1953 Boyutlar Dingil mesafesi 2,845 mm (112.0) Geni\u015flik &#8230; <span class=\"more\"><a class=\"more-link\" href=\"http:\/\/www.benzclassic.net\/?page_id=954\">[Read more&#8230;]<\/a><\/span><\/p>\n","protected":false},"author":1,"featured_media":0,"parent":673,"menu_order":13,"comment_status":"closed","ping_status":"closed","template":"","meta":[],"_links":{"self":[{"href":"http:\/\/www.benzclassic.net\/index.php?rest_route=\/wp\/v2\/pages\/954"}],"collection":[{"href":"http:\/\/www.benzclassic.net\/index.php?rest_route=\/wp\/v2\/pages"}],"about":[{"href":"http:\/\/www.benzclassic.net\/index.php?rest_route=\/wp\/v2\/types\/page"}],"author":[{"embeddable":true,"href":"http:\/\/www.benzclassic.net\/index.php?rest_route=\/wp\/v2\/users\/1"}],"replies":[{"embeddable":true,"href":"http:\/\/www.benzclassic.net\/index.php?rest_route=%2Fwp%2Fv2%2Fcomments&post=954"}],"version-history":[{"count":3,"href":"http:\/\/www.benzclassic.net\/index.php?rest_route=\/wp\/v2\/pages\/954\/revisions"}],"predecessor-version":[{"id":1751,"href":"http:\/\/www.benzclassic.net\/index.php?rest_route=\/wp\/v2\/pages\/954\/revisions\/1751"}],"up":[{"embeddable":true,"href":"http:\/\/www.benzclassic.net\/index.php?rest_route=\/wp\/v2\/pages\/673"}],"wp:attachment":[{"href":"http:\/\/www.benzclassic.net\/index.php?rest_route=%2Fwp%2Fv2%2Fmedia&parent=954"}],"curies":[{"name":"wp","href":"https:\/\/api.w.org\/{rel}","templated":true}]}}