{"id":884,"date":"2014-02-22T16:23:20","date_gmt":"2014-02-22T16:23:20","guid":{"rendered":"http:\/\/www.benzclassic.net\/?page_id=884"},"modified":"2015-10-14T13:26:01","modified_gmt":"2015-10-14T13:26:01","slug":"w198","status":"publish","type":"page","link":"http:\/\/www.benzclassic.net\/?page_id=884","title":{"rendered":"W198"},"content":{"rendered":"<p>&nbsp;<\/p>\n<h1 lang=\"en\">Mercedes-Benz W198 &#8221;Mart\u0131 Kanat&#8221;<\/h1>\n<table cellspacing=\"3\">\n<tbody>\n<tr>\n<th scope=\"row\">\u00dcretim<\/th>\n<td>1952-1953 (araba yar\u0131\u015f\u0131)<br \/>\n1954-1963 (seri \u00fcretim otomobili)<br \/>\n3,258 Adet<br \/>\nCoup\u00e9: 1,400 Adet<br \/>\nRoadster: 1,858 Adet<\/td>\n<\/tr>\n<tr>\n<th scope=\"row\">Montaj<\/th>\n<td><a title=\"Stuttgart\" href=\"http:\/\/en.wikipedia.org\/wiki\/Stuttgart\">Stuttgart<\/a>-Untert\u00fcrkheim,\u00a0<a title=\"Almanya\" href=\"http:\/\/en.wikipedia.org\/wiki\/Germany\">Almanya<\/a><\/td>\n<\/tr>\n<tr>\n<th colspan=\"2\">G\u00f6vde ve \u015fasi<\/th>\n<\/tr>\n<tr>\n<th scope=\"row\"><a title=\"Ara\u00e7 s\u0131n\u0131fland\u0131rma\" href=\"http:\/\/en.wikipedia.org\/wiki\/Car_classification\">S\u0131n\u0131f<\/a><\/th>\n<td><a title=\"Spor otomobil\" href=\"http:\/\/en.wikipedia.org\/wiki\/Sports_car\">Spor otomobil<\/a>,\u00a0<a title=\"Grand tourer\" href=\"http:\/\/en.wikipedia.org\/wiki\/Grand_tourer\">GT<\/a><\/td>\n<\/tr>\n<tr>\n<th scope=\"row\"><a title=\"Ara\u00e7 s\u0131n\u0131fland\u0131rma\" href=\"http:\/\/en.wikipedia.org\/wiki\/Car_classification\">G\u00f6vde stili<\/a><\/th>\n<td>2 kap\u0131\u00a0<a title=\"Coup\u00e9\" href=\"http:\/\/en.wikipedia.org\/wiki\/Coup%C3%A9\">coup\u00e9<\/a>,\u00a0<a title=\"Roadster (otomobil)\" href=\"http:\/\/en.wikipedia.org\/wiki\/Roadster_(automobile)\">roadster<\/a><\/td>\n<\/tr>\n<tr>\n<th scope=\"row\"><a title=\"Otomobil d\u00fczeni\" href=\"http:\/\/en.wikipedia.org\/wiki\/Automobile_layout\">D\u00fczeni<\/a><\/th>\n<td><a title=\"FR d\u00fczeni\" href=\"http:\/\/en.wikipedia.org\/wiki\/FR_layout\">FR d\u00fczeni<\/a><\/td>\n<\/tr>\n<tr>\n<th scope=\"row\"><a title=\"Otomobil platformu\" href=\"http:\/\/en.wikipedia.org\/wiki\/Automobile_platform\">Platform<\/a><\/th>\n<td>Mercedes-Benz W198<\/td>\n<\/tr>\n<tr>\n<th scope=\"row\">\u0130lgili<\/th>\n<td><a title=\"Mercedes-Benz 190SL\" href=\"http:\/\/en.wikipedia.org\/wiki\/Mercedes-Benz_190SL\">Mercedes-Benz B\u0130\u0130 W121<\/a>\u00a0(190SL)<\/td>\n<\/tr>\n<tr>\n<th colspan=\"2\">Powertrain<\/th>\n<\/tr>\n<tr>\n<th scope=\"row\"><a title=\"Motoru\" href=\"http:\/\/en.wikipedia.org\/wiki\/Engine\">Motoru<\/a><\/th>\n<td>2996 cc M198\u00a0<a title=\"SOHC\" href=\"http:\/\/en.wikipedia.org\/wiki\/SOHC\">SOHC<\/a>\u00a0<a title=\"\u01306 motoru\" href=\"http:\/\/en.wikipedia.org\/wiki\/I6_engine\">\u01306<\/a><br \/>\n212-222 hp<\/td>\n<\/tr>\n<tr>\n<th scope=\"row\"><a title=\"\u0130letim (mekani\u011fi)\" href=\"http:\/\/en.wikipedia.org\/wiki\/Transmission_(mechanics)\">\u015eanz\u0131man<\/a><\/th>\n<td>4-ileri manuel<\/td>\n<\/tr>\n<tr>\n<th colspan=\"2\">Boyutlar<\/th>\n<\/tr>\n<tr>\n<th scope=\"row\"><a title=\"Dingil mesafesi\" href=\"http:\/\/en.wikipedia.org\/wiki\/Wheelbase\">Dingil mesafesi<\/a><\/th>\n<td>2 bin 400 mm (94.5)<\/td>\n<\/tr>\n<tr>\n<th scope=\"row\">Uzunluk<\/th>\n<td>4,520 mm (178.0)<\/td>\n<\/tr>\n<tr>\n<th scope=\"row\">Geni\u015flik<\/th>\n<td>1,790 mm (70.5)<\/td>\n<\/tr>\n<tr>\n<th scope=\"row\">Y\u00fckseklik<\/th>\n<td>1,300 mm (51.2)<\/td>\n<\/tr>\n<tr>\n<th scope=\"row\"><a title=\"Bo\u015f a\u011f\u0131rl\u0131\u011f\u0131\" href=\"http:\/\/en.wikipedia.org\/wiki\/Curb_weight\">Bo\u015f a\u011f\u0131rl\u0131\u011f\u0131<\/a><\/th>\n<td>1,093 kg (2,410 lb)<\/td>\n<\/tr>\n<\/tbody>\n<\/table>\n<p>&nbsp;<\/p>\n<div>\n<div><b>Teknik veriler Mercedes-Benz 300SL\u00a0<sup id=\"cite_ref-DeAutos45bis90Oswald_1-1\"><a href=\"http:\/\/en.wikipedia.org\/wiki\/Mercedes-Benz_300SL#cite_note-DeAutos45bis90Oswald-1\">[1]<\/a><\/sup><\/b>\u00a0<i>(\u00dcreticinin belirtilmedi\u011fi s\u00fcrece rakamlar)<\/i><\/div>\n<p><a id=\"NavToggle1\" href=\"http:\/\/en.wikipedia.org\/wiki\/Mercedes-Benz_300SL#\">[hide]<\/a><\/p>\n<\/div>\n<div>\n<table>\n<tbody>\n<tr>\n<th>Mercedes-Benz<\/th>\n<th>300SL &#8220;Gullwing&#8221; (W198 ben)<\/th>\n<th>300SL Roadster (W198 II)<\/th>\n<\/tr>\n<tr>\n<td>\u00dcretilen:<\/td>\n<td>1954-1957<\/td>\n<td>1957-1963<\/td>\n<\/tr>\n<tr>\n<td>Motor:<\/td>\n<td colspan=\"2\"><a title=\"Alt\u0131 silindirli motor\" href=\"http:\/\/en.wikipedia.org\/wiki\/Straight-six_engine\">6-silindir-inline motoru<\/a>\u00a0(<a title=\"D\u00f6rt zamanl\u0131\" href=\"http:\/\/en.wikipedia.org\/wiki\/Four-stroke\">d\u00f6rt zamanl\u0131<\/a>), \u00f6n montajl\u0131<\/td>\n<\/tr>\n<tr>\n<td>\u00c7ap x Strok:<\/td>\n<td colspan=\"2\">85 mm (3.3) x 88 mm (3.5 in)<\/td>\n<\/tr>\n<tr>\n<td>Deplasman:<\/td>\n<td colspan=\"2\">2996 cc<\/td>\n<\/tr>\n<tr>\n<td>Max. G\u00fcc\u00fc @ rpm:<\/td>\n<td>215 PS (158 kW; hp 212) @ 5800<\/td>\n<td>215 PS (158 kW; hp 212) @ 5800<br \/>\nveya 225 PS (165 kW; 222 hp) @ 5800<\/td>\n<\/tr>\n<tr>\n<td>Max. Tork @ rpm:<\/td>\n<td colspan=\"2\">274 N\u00b7m (202 lb\u00b7ft) @ 4600<\/td>\n<\/tr>\n<tr>\n<td>S\u0131k\u0131\u015ft\u0131rma Oran\u0131:<\/td>\n<td>8.55: 1<\/td>\n<td>8.55: 1<br \/>\nveya 9.5:1<\/td>\n<\/tr>\n<tr>\n<td>Yak\u0131t besleme:<\/td>\n<td colspan=\"2\">Mekanik direkt yak\u0131t enjeksiyonu\u00a0<a title=\"Robert Bosch GmbH\" href=\"http:\/\/en.wikipedia.org\/wiki\/Robert_Bosch_GmbH\">Bosch<\/a>\u00a0enjeksiyon pompas\u0131<\/td>\n<\/tr>\n<tr>\n<td>Yak\u0131t tank kapasitesi:<\/td>\n<td>130 L (34.3 US galon; 28.6 \u0131mp gal)<\/td>\n<td>100 L (26.4 US galon; 22.0 \u0131mp gal)<\/td>\n<\/tr>\n<tr>\n<td>Valvetrain:<\/td>\n<td colspan=\"2\"><a title=\"SOHC\" href=\"http:\/\/en.wikipedia.org\/wiki\/SOHC\">SOHC<\/a>, zincir dubleks<\/td>\n<\/tr>\n<tr>\n<td>So\u011futma:<\/td>\n<td colspan=\"2\">Su<\/td>\n<\/tr>\n<tr>\n<td>\u015eanz\u0131man:<\/td>\n<td colspan=\"2\">4-ileri manuel<br \/>\narkadan \u00e7eki\u015fli, standart aks oran\u0131 3.64:1 (istek \u00fczerine 3.25:1, 3.42:1, 3.89:1 veya 4.11:1)<\/td>\n<\/tr>\n<tr>\n<td>Elektrik sistemi:<\/td>\n<td colspan=\"2\">12 volt<\/td>\n<\/tr>\n<tr>\n<td>\u00d6n s\u00fcspansiyon:<\/td>\n<td colspan=\"2\">\u00c7ift lades kemi\u011fi helezon yaylar, bar dengelenmekte<\/td>\n<\/tr>\n<tr>\n<td>Arka s\u00fcspansiyon::<\/td>\n<td>Y\u00fcksek pivot aks sal\u0131ncak, rad\u0131us kol, helezon yaylar<\/td>\n<td>D\u00fc\u015f\u00fck pivot aks sal\u0131ncak, enine telafi yay, helezon yaylar<\/td>\n<\/tr>\n<tr>\n<td>Frenler:<\/td>\n<td>Davullu (\u00d8 : 260 mm), g\u00fc\u00e7 yard\u0131ml\u0131<\/td>\n<td>Davullu (\u00d8 : 260 mm), g\u00fc\u00e7 yard\u0131ml\u0131<br \/>\nMart 1961: \u00f6n ve arka disk frenler (290 mm \u00d8), g\u00fc\u00e7 yard\u0131ml\u0131<\/td>\n<\/tr>\n<tr>\n<td>Direksiyon:<\/td>\n<td colspan=\"2\">Bilyal\u0131 direksiyon<\/td>\n<\/tr>\n<tr>\n<td>V\u00fccut yap\u0131:<\/td>\n<td>Sac\/al\u00fcminyum veya al\u00fcminyum (29 in\u015fa ara\u00e7lar\u0131) uzay kafes \u00e7elik boru<\/td>\n<td>Sac\/al\u00fcminyum uzay kafes \u00e7elik boru<\/td>\n<\/tr>\n<tr>\n<td>Kuru a\u011f\u0131rl\u0131k:<\/td>\n<td>1,310 kg (2,890 lb)<\/td>\n<td>1,420 kg (3,130 lb) (hardtop + 40 kg (88 lb))<\/td>\n<\/tr>\n<tr>\n<td>Y\u00fckl\u00fc a\u011f\u0131rl\u0131\u011f\u0131:<\/td>\n<td>1,555 kg (3,428 lb)<\/td>\n<td>1,560 kg (3,440 lb), 1961 1,660 kg (3,660 lb)<\/td>\n<\/tr>\n<tr>\n<td>\u0130z \u00f6n\/<br \/>\narka:<\/td>\n<td>1,385 mm (54.5) 1,435 mm (56.5)<\/td>\n<td>1,398 mm (55.0) 1,448 mm (57.0)<\/td>\n<\/tr>\n<tr>\n<td>Dingil a\u00e7\u0131kl\u0131\u011f\u0131:<\/td>\n<td colspan=\"2\">2 bin 400 mm (94.5)<\/td>\n<\/tr>\n<tr>\n<td>Uzunluk:<\/td>\n<td>4,520 mm (178.0)<\/td>\n<td>4,570 mm (179.9)<\/td>\n<\/tr>\n<tr>\n<td>Geni\u015flik:<\/td>\n<td>1,790 mm (70.5)<\/td>\n<td>1,790 mm (70.5)<\/td>\n<\/tr>\n<tr>\n<td>Y\u00fckseklik:<\/td>\n<td>1,300 mm (51.2)<\/td>\n<td>1,300 mm (51.2)<\/td>\n<\/tr>\n<tr>\n<td>Lastik\/Lastik boyutlar\u0131:<\/td>\n<td>6.50-Supersport 15<\/td>\n<td>6.70-Supersport 15<\/td>\n<\/tr>\n<tr>\n<td>En \u00fcst h\u0131z:<\/td>\n<td>235 km\/h (146 mph) (3.64:1)<br \/>\n250 km\/h (160 mph) (3.42:1)<br \/>\n260 km\/h (160 mph) (3.25:1)<\/td>\n<td>&#8220;g\u00f6re aks oran\u0131&#8221;<\/td>\n<\/tr>\n<tr>\n<td>Yak\u0131t T\u00fcketimi (tahmini):<\/td>\n<td colspan=\"2\">17.0 litre \/ 100 km (16.6 mpg<sub><small>-\u0131mp<\/small><\/sub>; 13.8 mpg<sub><small>-ABD<\/small><\/sub>)<\/td>\n<\/tr>\n<\/tbody>\n<\/table>\n<\/div>\n<div><a href=\"http:\/\/www.benzclassic.net\/wp-content\/uploads\/2014\/02\/Mercedes-Benz-SL-300-1956-Gullwing-W198-021.jpg\"><img loading=\"lazy\" class=\"alignnone size-medium wp-image-878\" alt=\"Mercedes-Benz-SL-300-1956-Gullwing-W198-021\" src=\"http:\/\/www.benzclassic.net\/wp-content\/uploads\/2014\/02\/Mercedes-Benz-SL-300-1956-Gullwing-W198-021-300x199.jpg\" width=\"300\" height=\"199\" srcset=\"http:\/\/www.benzclassic.net\/wp-content\/uploads\/2014\/02\/Mercedes-Benz-SL-300-1956-Gullwing-W198-021-300x199.jpg 300w, http:\/\/www.benzclassic.net\/wp-content\/uploads\/2014\/02\/Mercedes-Benz-SL-300-1956-Gullwing-W198-021-1024x681.jpg 1024w, http:\/\/www.benzclassic.net\/wp-content\/uploads\/2014\/02\/Mercedes-Benz-SL-300-1956-Gullwing-W198-021.jpg 1080w\" sizes=\"(max-width: 300px) 100vw, 300px\" \/><\/a><a href=\"http:\/\/www.benzclassic.net\/wp-content\/uploads\/2014\/02\/d39badb8365477a47178473e255b6684.jpg\"><img loading=\"lazy\" class=\"alignnone size-medium wp-image-872\" alt=\"d39badb8365477a47178473e255b6684\" src=\"http:\/\/www.benzclassic.net\/wp-content\/uploads\/2014\/02\/d39badb8365477a47178473e255b6684-300x191.jpg\" width=\"300\" height=\"191\" srcset=\"http:\/\/www.benzclassic.net\/wp-content\/uploads\/2014\/02\/d39badb8365477a47178473e255b6684-300x191.jpg 300w, http:\/\/www.benzclassic.net\/wp-content\/uploads\/2014\/02\/d39badb8365477a47178473e255b6684.jpg 736w\" sizes=\"(max-width: 300px) 100vw, 300px\" \/><\/a><a href=\"http:\/\/www.benzclassic.net\/wp-content\/uploads\/2014\/02\/phpThumb_generated_thumbnailjpg-74.jpg\"><img loading=\"lazy\" class=\"alignnone size-medium wp-image-880\" alt=\"phpThumb_generated_thumbnailjpg (74)\" src=\"http:\/\/www.benzclassic.net\/wp-content\/uploads\/2014\/02\/phpThumb_generated_thumbnailjpg-74-300x200.jpg\" width=\"300\" height=\"200\" srcset=\"http:\/\/www.benzclassic.net\/wp-content\/uploads\/2014\/02\/phpThumb_generated_thumbnailjpg-74-300x200.jpg 300w, http:\/\/www.benzclassic.net\/wp-content\/uploads\/2014\/02\/phpThumb_generated_thumbnailjpg-74.jpg 674w\" sizes=\"(max-width: 300px) 100vw, 300px\" \/><\/a><\/div>\n","protected":false},"excerpt":{"rendered":"<p>&nbsp; Mercedes-Benz W198 &#8221;Mart\u0131 Kanat&#8221; \u00dcretim 1952-1953 (araba yar\u0131\u015f\u0131) 1954-1963 (seri \u00fcretim otomobili) 3,258 Adet Coup\u00e9: 1,400 Adet Roadster: 1,858 Adet Montaj Stuttgart-Untert\u00fcrkheim,\u00a0Almanya G\u00f6vde ve \u015fasi S\u0131n\u0131f Spor otomobil,\u00a0GT G\u00f6vde stili 2 kap\u0131\u00a0coup\u00e9,\u00a0roadster D\u00fczeni FR d\u00fczeni Platform Mercedes-Benz W198 \u0130lgili Mercedes-Benz B\u0130\u0130 W121\u00a0(190SL) Powertrain Motoru 2996 cc M198\u00a0SOHC\u00a0\u01306 212-222 hp \u015eanz\u0131man 4-ileri manuel Boyutlar Dingil &#8230; <span class=\"more\"><a class=\"more-link\" href=\"http:\/\/www.benzclassic.net\/?page_id=884\">[Read more&#8230;]<\/a><\/span><\/p>\n","protected":false},"author":1,"featured_media":0,"parent":673,"menu_order":15,"comment_status":"closed","ping_status":"closed","template":"","meta":[],"_links":{"self":[{"href":"http:\/\/www.benzclassic.net\/index.php?rest_route=\/wp\/v2\/pages\/884"}],"collection":[{"href":"http:\/\/www.benzclassic.net\/index.php?rest_route=\/wp\/v2\/pages"}],"about":[{"href":"http:\/\/www.benzclassic.net\/index.php?rest_route=\/wp\/v2\/types\/page"}],"author":[{"embeddable":true,"href":"http:\/\/www.benzclassic.net\/index.php?rest_route=\/wp\/v2\/users\/1"}],"replies":[{"embeddable":true,"href":"http:\/\/www.benzclassic.net\/index.php?rest_route=%2Fwp%2Fv2%2Fcomments&post=884"}],"version-history":[{"count":3,"href":"http:\/\/www.benzclassic.net\/index.php?rest_route=\/wp\/v2\/pages\/884\/revisions"}],"predecessor-version":[{"id":887,"href":"http:\/\/www.benzclassic.net\/index.php?rest_route=\/wp\/v2\/pages\/884\/revisions\/887"}],"up":[{"embeddable":true,"href":"http:\/\/www.benzclassic.net\/index.php?rest_route=\/wp\/v2\/pages\/673"}],"wp:attachment":[{"href":"http:\/\/www.benzclassic.net\/index.php?rest_route=%2Fwp%2Fv2%2Fmedia&parent=884"}],"curies":[{"name":"wp","href":"https:\/\/api.w.org\/{rel}","templated":true}]}}