{"id":851,"date":"2014-02-22T16:01:10","date_gmt":"2014-02-22T16:01:10","guid":{"rendered":"http:\/\/www.benzclassic.net\/?page_id=851"},"modified":"2016-06-24T06:56:29","modified_gmt":"2016-06-24T06:56:29","slug":"r121","status":"publish","type":"page","link":"http:\/\/www.benzclassic.net\/?page_id=851","title":{"rendered":"R121"},"content":{"rendered":"<h1 lang=\"en\">Mercedes-Benz R121<\/h1>\n<table cellspacing=\"3\">\n<tbody>\n<tr>\n<th scope=\"row\">\u00dcretim<\/th>\n<td>1955-1963<br \/>\n25,881 Adet<sup id=\"cite_ref-DeAutos45bis90Oswald_1-0\"><a href=\"http:\/\/en.wikipedia.org\/wiki\/Mercedes-Benz_190SL#cite_note-DeAutos45bis90Oswald-1\"><br \/>\n<\/a><\/sup><\/td>\n<\/tr>\n<tr>\n<th scope=\"row\">Montaj<\/th>\n<td><a title=\"Stuttgart\" href=\"http:\/\/en.wikipedia.org\/wiki\/Stuttgart\">Stuttgart<\/a>\u00a0Untert\u00fcrkheim,\u00a0<a title=\"Almanya\" href=\"http:\/\/en.wikipedia.org\/wiki\/Germany\">Almanya<\/a><\/td>\n<\/tr>\n<tr>\n<th colspan=\"2\">G\u00f6vde ve \u015fasi<\/th>\n<\/tr>\n<tr>\n<th scope=\"row\"><a title=\"Ara\u00e7 s\u0131n\u0131fland\u0131rma\" href=\"http:\/\/en.wikipedia.org\/wiki\/Car_classification\">S\u0131n\u0131f<\/a><\/th>\n<td><a title=\"Grand tourer\" href=\"http:\/\/en.wikipedia.org\/wiki\/Grand_tourer\">grand tourer<\/a><\/td>\n<\/tr>\n<tr>\n<th scope=\"row\"><a title=\"Ara\u00e7 s\u0131n\u0131fland\u0131rma\" href=\"http:\/\/en.wikipedia.org\/wiki\/Car_classification\">G\u00f6vde stili<\/a><\/th>\n<td><a title=\"Roadster (otomobil)\" href=\"http:\/\/en.wikipedia.org\/wiki\/Roadster_(automobile)\">roadster<\/a><\/td>\n<\/tr>\n<tr>\n<th scope=\"row\"><a title=\"Otomobil d\u00fczeni\" href=\"http:\/\/en.wikipedia.org\/wiki\/Automobile_layout\">D\u00fczeni<\/a><\/th>\n<td><a title=\"FR d\u00fczeni\" href=\"http:\/\/en.wikipedia.org\/wiki\/FR_layout\">FR d\u00fczeni<\/a><\/td>\n<\/tr>\n<tr>\n<th scope=\"row\"><a title=\"Otomobil platformu\" href=\"http:\/\/en.wikipedia.org\/wiki\/Automobile_platform\">Platform<\/a><\/th>\n<td><a title=\"Mercedes-Benz W120\/121\" href=\"http:\/\/en.wikipedia.org\/wiki\/Mercedes-Benz_W120\/121\">Mercedes-Benz W121<\/a><\/td>\n<\/tr>\n<tr>\n<th scope=\"row\">\u0130lgili<\/th>\n<td><a title=\"Mercedes-Benz W198\" href=\"http:\/\/en.wikipedia.org\/wiki\/Mercedes-Benz_W198\">Mercedes-Benz W198<\/a>\u00a0(300SL)<br \/>\n<a title=\"Mercedes-Benz W120\/121\" href=\"http:\/\/en.wikipedia.org\/wiki\/Mercedes-Benz_W120\/121\">Mercedes-Benz W120\/121<\/a><\/td>\n<\/tr>\n<tr>\n<th colspan=\"2\">Powertrain<\/th>\n<\/tr>\n<tr>\n<th scope=\"row\"><a title=\"Motoru\" href=\"http:\/\/en.wikipedia.org\/wiki\/Engine\">Motoru<\/a><\/th>\n<td>1,897 cc\u00a0<a title=\"Mercedes-Benz M121 motoru\" href=\"http:\/\/en.wikipedia.org\/wiki\/Mercedes-Benz_M121_engine\"><i>M121<\/i><\/a>\u00a0<a title=\"SOHC\" href=\"http:\/\/en.wikipedia.org\/wiki\/SOHC\">SOHC<\/a>\u00a0<a title=\"S\u0131ral\u0131 d\u00f6rt motoru\" href=\"http:\/\/en.wikipedia.org\/wiki\/Inline-four_engine\">I4<\/a><\/td>\n<\/tr>\n<tr>\n<th scope=\"row\"><a title=\"\u0130letim (mekani\u011fi)\" href=\"http:\/\/en.wikipedia.org\/wiki\/Transmission_(mechanics)\">\u015eanz\u0131man<\/a><\/th>\n<td>4-ileri manuel, tam senkronize<\/td>\n<\/tr>\n<tr>\n<th colspan=\"2\">Boyutlar<\/th>\n<\/tr>\n<tr>\n<th scope=\"row\"><a title=\"Dingil mesafesi\" href=\"http:\/\/en.wikipedia.org\/wiki\/Wheelbase\">Dingil mesafesi<\/a><\/th>\n<td>2 bin 400 mm (94.5)<\/td>\n<\/tr>\n<tr>\n<th scope=\"row\">Uzunluk<\/th>\n<td>4,290 mm (168.9)<\/td>\n<\/tr>\n<tr>\n<th scope=\"row\">Geni\u015flik<\/th>\n<td>1,740 mm (68.5)<\/td>\n<\/tr>\n<tr>\n<th scope=\"row\">Y\u00fckseklik<\/th>\n<td>1,320 mm (52.0)<\/td>\n<\/tr>\n<tr>\n<th scope=\"row\"><a title=\"Bo\u015f a\u011f\u0131rl\u0131\u011f\u0131\" href=\"http:\/\/en.wikipedia.org\/wiki\/Curb_weight\">Bo\u015f a\u011f\u0131rl\u0131\u011f\u0131<\/a><\/th>\n<td>2,552 lb (1,158 kg)<\/td>\n<\/tr>\n<\/tbody>\n<\/table>\n<p>&nbsp;<\/p>\n<div style=\"display: inline !important;\"><b>Teknik veriler<\/b><\/div>\n<div>\n<table>\n<tbody>\n<tr>\n<th>Mercedes-Benz<\/th>\n<th>190SL<\/th>\n<\/tr>\n<tr>\n<td>\u00dcretilen:<\/td>\n<td>1955-1963<\/td>\n<\/tr>\n<tr>\n<td>Motor:<\/td>\n<td><a title=\"I4 motor\" href=\"http:\/\/en.wikipedia.org\/wiki\/I4_engine\">4-silindir-inline motoru<\/a>\u00a0(<a title=\"D\u00f6rt zamanl\u0131\" href=\"http:\/\/en.wikipedia.org\/wiki\/Four-stroke\">d\u00f6rt zamanl\u0131<\/a>), \u00f6n montajl\u0131<\/td>\n<\/tr>\n<tr>\n<td>\u00c7ap x Strok:<\/td>\n<td>85 mm x 83.6 mm<\/td>\n<\/tr>\n<tr>\n<td>Deplasman:<\/td>\n<td>1897 cc<\/td>\n<\/tr>\n<tr>\n<td>Max. G\u00fcc\u00fc @ rpm:<\/td>\n<td>105 PS (77 kW; 104 hp) @ 5700<\/td>\n<\/tr>\n<tr>\n<td>Max. Tork @ rpm:<\/td>\n<td>142 N\u00b7m (105 lb\u00b7ft) @ 3200<\/td>\n<\/tr>\n<tr>\n<td>S\u0131k\u0131\u015ft\u0131rma Oran\u0131:<\/td>\n<td>8.5: 1, 09\/59 8.8:1<\/td>\n<\/tr>\n<tr>\n<td>Yak\u0131t besleme:<\/td>\n<td>ikiz iki varil sidedraft karb\u00fcrat\u00f6rler &#8211; Solex 44PHH<\/td>\n<\/tr>\n<tr>\n<td>Yak\u0131t tank kapasitesi:<\/td>\n<td>65 L (17.2 US gal; 14.3 \u0131mp gal)<\/td>\n<\/tr>\n<tr>\n<td>Valvetrain:<\/td>\n<td><a title=\"SOHC\" href=\"http:\/\/en.wikipedia.org\/wiki\/SOHC\">SOHC<\/a>, zincir dubleks<\/td>\n<\/tr>\n<tr>\n<td>So\u011futma:<\/td>\n<td>Su<\/td>\n<\/tr>\n<tr>\n<td>\u015eanz\u0131man:<\/td>\n<td>4-ileri manuel, kol koltuklar aras\u0131nda<br \/>\narkadan iti\u015fli, standart aks oran\u0131 3.90:1<\/td>\n<\/tr>\n<tr>\n<td>Elektrik sistemi:<\/td>\n<td>12-volt<\/td>\n<\/tr>\n<tr>\n<td>\u00d6n s\u00fcspansiyon:<\/td>\n<td>\u00c7ift lades kemi\u011fi helezon yaylar, stabilize bar<\/td>\n<\/tr>\n<tr>\n<td>Arka s\u00fcspansiyon::<\/td>\n<td>Aks sal\u0131ncak, helezon yaylar<\/td>\n<\/tr>\n<tr>\n<td>Frenler:<\/td>\n<td>Davullu (\u00d8 230 mm), g\u00fc\u00e7 yard\u0131ml\u0131<\/td>\n<\/tr>\n<tr>\n<td>Direksiyon:<\/td>\n<td>Bilyal\u0131 direksiyon<\/td>\n<\/tr>\n<tr>\n<td>V\u00fccut yap\u0131:<\/td>\n<td>Sac, uni-g\u00f6vde yap\u0131s\u0131<\/td>\n<\/tr>\n<tr>\n<td>Kuru a\u011f\u0131rl\u0131k:<\/td>\n<td>1,160 kg (2,560 lb) (Hardtop: + 20 kg (44 lbs))<\/td>\n<\/tr>\n<tr>\n<td>Y\u00fckl\u00fc a\u011f\u0131rl\u0131\u011f\u0131:<\/td>\n<td>1,400 kg (3,100 lb), 1961 1,440 kg (3,170 lb)<\/td>\n<\/tr>\n<tr>\n<td>\u0130z \u00f6n\/<br \/>\narka:<\/td>\n<td>1,430 mm (56.3 in) 1.475 i\u015fletmenin sevk mm (58.1)<\/td>\n<\/tr>\n<tr>\n<td>Dingil a\u00e7\u0131kl\u0131\u011f\u0131:<\/td>\n<td>2 bin 400 mm (94.5)<\/td>\n<\/tr>\n<tr>\n<td>Uzunluk:<\/td>\n<td>4,290 mm (168.9)<\/td>\n<\/tr>\n<tr>\n<td>Geni\u015flik:<\/td>\n<td>1,740 mm (68.5)<\/td>\n<\/tr>\n<tr>\n<td>Y\u00fckseklik:<\/td>\n<td>1,320 mm (52.0)<\/td>\n<\/tr>\n<tr>\n<td>Lastik\/Lastik boyutlar\u0131:<\/td>\n<td>6.40-13 Spor<\/td>\n<\/tr>\n<tr>\n<td>En \u00fcst h\u0131z:<\/td>\n<td>171 km\/h (106 mph)<\/td>\n<\/tr>\n<tr>\n<td>Yak\u0131t T\u00fcketimi (tahmini):<\/td>\n<td>12.5 litre \/ 100 km (22.6 mpg<sub><small>-\u0131mp<\/small><\/sub>; 18.8 mpg<sub><small>-ABD<\/small><\/sub>)<\/td>\n<\/tr>\n<\/tbody>\n<\/table>\n<p><a href=\"http:\/\/www.benzclassic.net\/wp-content\/uploads\/2014\/02\/190_SL_vorne.jpg\"><img loading=\"lazy\" class=\"alignnone size-medium wp-image-820\" alt=\"MINOLTA DIGITAL CAMERA\" src=\"http:\/\/www.benzclassic.net\/wp-content\/uploads\/2014\/02\/190_SL_vorne-300x195.jpg\" width=\"300\" height=\"195\" srcset=\"http:\/\/www.benzclassic.net\/wp-content\/uploads\/2014\/02\/190_SL_vorne-300x195.jpg 300w, http:\/\/www.benzclassic.net\/wp-content\/uploads\/2014\/02\/190_SL_vorne-1024x666.jpg 1024w, http:\/\/www.benzclassic.net\/wp-content\/uploads\/2014\/02\/190_SL_vorne.jpg 1939w\" sizes=\"(max-width: 300px) 100vw, 300px\" \/><\/a><a href=\"http:\/\/www.benzclassic.net\/wp-content\/uploads\/2014\/02\/1961-Mercedes-Benz-190SL.jpg\"><img loading=\"lazy\" class=\"alignnone size-medium wp-image-830\" alt=\"1961 Mercedes-Benz 190SL\" src=\"http:\/\/www.benzclassic.net\/wp-content\/uploads\/2014\/02\/1961-Mercedes-Benz-190SL-300x199.jpg\" width=\"300\" height=\"199\" srcset=\"http:\/\/www.benzclassic.net\/wp-content\/uploads\/2014\/02\/1961-Mercedes-Benz-190SL-300x199.jpg 300w, http:\/\/www.benzclassic.net\/wp-content\/uploads\/2014\/02\/1961-Mercedes-Benz-190SL.jpg 1024w\" sizes=\"(max-width: 300px) 100vw, 300px\" \/><\/a><\/p>\n<\/div>\n<p>&nbsp;<\/p>\n","protected":false},"excerpt":{"rendered":"<p>Mercedes-Benz R121 \u00dcretim 1955-1963 25,881 Adet Montaj Stuttgart\u00a0Untert\u00fcrkheim,\u00a0Almanya G\u00f6vde ve \u015fasi S\u0131n\u0131f grand tourer G\u00f6vde stili roadster D\u00fczeni FR d\u00fczeni Platform Mercedes-Benz W121 \u0130lgili Mercedes-Benz W198\u00a0(300SL) Mercedes-Benz W120\/121 Powertrain Motoru 1,897 cc\u00a0M121\u00a0SOHC\u00a0I4 \u015eanz\u0131man 4-ileri manuel, tam senkronize Boyutlar Dingil mesafesi 2 bin 400 mm (94.5) Uzunluk 4,290 mm (168.9) Geni\u015flik 1,740 mm (68.5) Y\u00fckseklik 1,320 &#8230; <span class=\"more\"><a class=\"more-link\" href=\"http:\/\/www.benzclassic.net\/?page_id=851\">[Read more&#8230;]<\/a><\/span><\/p>\n","protected":false},"author":1,"featured_media":0,"parent":673,"menu_order":14,"comment_status":"closed","ping_status":"closed","template":"","meta":[],"_links":{"self":[{"href":"http:\/\/www.benzclassic.net\/index.php?rest_route=\/wp\/v2\/pages\/851"}],"collection":[{"href":"http:\/\/www.benzclassic.net\/index.php?rest_route=\/wp\/v2\/pages"}],"about":[{"href":"http:\/\/www.benzclassic.net\/index.php?rest_route=\/wp\/v2\/types\/page"}],"author":[{"embeddable":true,"href":"http:\/\/www.benzclassic.net\/index.php?rest_route=\/wp\/v2\/users\/1"}],"replies":[{"embeddable":true,"href":"http:\/\/www.benzclassic.net\/index.php?rest_route=%2Fwp%2Fv2%2Fcomments&post=851"}],"version-history":[{"count":2,"href":"http:\/\/www.benzclassic.net\/index.php?rest_route=\/wp\/v2\/pages\/851\/revisions"}],"predecessor-version":[{"id":853,"href":"http:\/\/www.benzclassic.net\/index.php?rest_route=\/wp\/v2\/pages\/851\/revisions\/853"}],"up":[{"embeddable":true,"href":"http:\/\/www.benzclassic.net\/index.php?rest_route=\/wp\/v2\/pages\/673"}],"wp:attachment":[{"href":"http:\/\/www.benzclassic.net\/index.php?rest_route=%2Fwp%2Fv2%2Fmedia&parent=851"}],"curies":[{"name":"wp","href":"https:\/\/api.w.org\/{rel}","templated":true}]}}