{"id":716,"date":"2014-02-21T22:14:51","date_gmt":"2014-02-21T22:14:51","guid":{"rendered":"http:\/\/www.benzclassic.net\/?page_id=716"},"modified":"2016-06-24T06:53:29","modified_gmt":"2016-06-24T06:53:29","slug":"w105","status":"publish","type":"page","link":"http:\/\/www.benzclassic.net\/?page_id=716","title":{"rendered":"W105"},"content":{"rendered":"<p>&nbsp;<\/p>\n<h1 lang=\"en\">Mercedes-Benz W105\u00a0\u201dPonton 219\u201c<\/h1>\n<table cellspacing=\"3\">\n<tbody>\n<tr>\n<th scope=\"row\">\u00dcretim<\/th>\n<td>1956-1959<br \/>\n27,845 Adet<\/td>\n<\/tr>\n<tr>\n<th colspan=\"2\">G\u00f6vde ve \u015fasi<\/th>\n<\/tr>\n<tr>\n<th style=\"text-align: left;\" scope=\"row\"><a title=\"Ara\u00e7 s\u0131n\u0131fland\u0131rma\" href=\"http:\/\/en.wikipedia.org\/wiki\/Car_classification\">S\u0131n\u0131f<\/a><\/th>\n<td><a title=\"L\u00fcks araba\" href=\"http:\/\/en.wikipedia.org\/wiki\/Luxury_car\">l\u00fcks araba<\/a><\/td>\n<\/tr>\n<tr>\n<th scope=\"row\"><a title=\"Ara\u00e7 s\u0131n\u0131fland\u0131rma\" href=\"http:\/\/en.wikipedia.org\/wiki\/Car_classification\">G\u00f6vde stili<\/a><\/th>\n<td>4 kap\u0131\u00a0<a title=\"Sedan (araba)\" href=\"http:\/\/en.wikipedia.org\/wiki\/Sedan_(car)\">sedan<\/a><\/td>\n<\/tr>\n<tr>\n<th colspan=\"2\">Powertrain<\/th>\n<\/tr>\n<tr>\n<th scope=\"row\"><a title=\"Motoru\" href=\"http:\/\/en.wikipedia.org\/wiki\/Engine\">Motoru<\/a><\/th>\n<td><a title=\"D\u00fcz-6\" href=\"http:\/\/en.wikipedia.org\/wiki\/Straight-6\">d\u00fcz-6<\/a><\/td>\n<\/tr>\n<\/tbody>\n<\/table>\n<table>\n<tbody>\n<tr>\n<td align=\"center\" valign=\"center\" width=\"135\" height=\"13\">Model<\/td>\n<td align=\"center\" valign=\"center\" width=\"98\">Y\u0131l<\/td>\n<td align=\"center\" valign=\"center\" width=\"70\">\u015ease kodu<\/td>\n<td align=\"center\" valign=\"center\" width=\"161\">Motoru<\/td>\n<td align=\"center\" valign=\"center\" width=\"91\">Deplasman<\/td>\n<td align=\"center\" valign=\"center\" width=\"110\">G\u00fc\u00e7<\/td>\n<td align=\"center\" valign=\"center\" width=\"110\">\u00dcretim Adeti<\/td>\n<\/tr>\n<tr align=\"center\" valign=\"bottom\">\n<td height=\"13\"><\/td>\n<td><\/td>\n<td><\/td>\n<td><\/td>\n<td>[cc]<\/td>\n<td>[PS] \/ [kW]<\/td>\n<td><\/td>\n<\/tr>\n<tr>\n<td align=\"center\" valign=\"center\" height=\"13\">219<\/td>\n<td align=\"center\" valign=\"center\">3\/56-7\/59<\/td>\n<td align=\"center\" valign=\"center\">105.010<br \/>\n105.011*<\/td>\n<td align=\"center\" valign=\"center\">M 180.921 \/ R 6<\/td>\n<td align=\"center\" valign=\"center\">2195<\/td>\n<td align=\"center\" valign=\"center\">86 \/ 63<\/td>\n<td align=\"center\" valign=\"center\">27,845<\/td>\n<\/tr>\n<\/tbody>\n<\/table>\n<p><a href=\"http:\/\/www.benzclassic.net\/wp-content\/uploads\/2014\/02\/4973760812_0c2e731ab7_z.jpg\"><img loading=\"lazy\" class=\"alignnone size-medium wp-image-717\" alt=\"4973760812_0c2e731ab7_z\" src=\"http:\/\/www.benzclassic.net\/wp-content\/uploads\/2014\/02\/4973760812_0c2e731ab7_z-300x200.jpg\" width=\"300\" height=\"200\" srcset=\"http:\/\/www.benzclassic.net\/wp-content\/uploads\/2014\/02\/4973760812_0c2e731ab7_z-300x200.jpg 300w, http:\/\/www.benzclassic.net\/wp-content\/uploads\/2014\/02\/4973760812_0c2e731ab7_z.jpg 640w\" sizes=\"(max-width: 300px) 100vw, 300px\" \/><\/a> <a href=\"http:\/\/www.benzclassic.net\/wp-content\/uploads\/2014\/02\/Mercedes-219-1957.jpg\"><img loading=\"lazy\" class=\"alignnone size-medium wp-image-718\" alt=\"Mercedes 219 1957\" src=\"http:\/\/www.benzclassic.net\/wp-content\/uploads\/2014\/02\/Mercedes-219-1957-300x143.jpg\" width=\"300\" height=\"143\" srcset=\"http:\/\/www.benzclassic.net\/wp-content\/uploads\/2014\/02\/Mercedes-219-1957-300x143.jpg 300w, http:\/\/www.benzclassic.net\/wp-content\/uploads\/2014\/02\/Mercedes-219-1957.jpg 800w\" sizes=\"(max-width: 300px) 100vw, 300px\" \/><\/a><\/p>\n","protected":false},"excerpt":{"rendered":"<p>&nbsp; Mercedes-Benz W105\u00a0\u201dPonton 219\u201c \u00dcretim 1956-1959 27,845 Adet G\u00f6vde ve \u015fasi S\u0131n\u0131f l\u00fcks araba G\u00f6vde stili 4 kap\u0131\u00a0sedan Powertrain Motoru d\u00fcz-6 Model Y\u0131l \u015ease kodu Motoru Deplasman G\u00fc\u00e7 \u00dcretim Adeti [cc] [PS] \/ [kW] 219 3\/56-7\/59 105.010 105.011* M 180.921 \/ R 6 2195 86 \/ 63 27,845<\/p>\n","protected":false},"author":1,"featured_media":0,"parent":673,"menu_order":8,"comment_status":"closed","ping_status":"closed","template":"","meta":[],"_links":{"self":[{"href":"http:\/\/www.benzclassic.net\/index.php?rest_route=\/wp\/v2\/pages\/716"}],"collection":[{"href":"http:\/\/www.benzclassic.net\/index.php?rest_route=\/wp\/v2\/pages"}],"about":[{"href":"http:\/\/www.benzclassic.net\/index.php?rest_route=\/wp\/v2\/types\/page"}],"author":[{"embeddable":true,"href":"http:\/\/www.benzclassic.net\/index.php?rest_route=\/wp\/v2\/users\/1"}],"replies":[{"embeddable":true,"href":"http:\/\/www.benzclassic.net\/index.php?rest_route=%2Fwp%2Fv2%2Fcomments&post=716"}],"version-history":[{"count":1,"href":"http:\/\/www.benzclassic.net\/index.php?rest_route=\/wp\/v2\/pages\/716\/revisions"}],"predecessor-version":[{"id":719,"href":"http:\/\/www.benzclassic.net\/index.php?rest_route=\/wp\/v2\/pages\/716\/revisions\/719"}],"up":[{"embeddable":true,"href":"http:\/\/www.benzclassic.net\/index.php?rest_route=\/wp\/v2\/pages\/673"}],"wp:attachment":[{"href":"http:\/\/www.benzclassic.net\/index.php?rest_route=%2Fwp%2Fv2%2Fmedia&parent=716"}],"curies":[{"name":"wp","href":"https:\/\/api.w.org\/{rel}","templated":true}]}}