{"id":713,"date":"2014-02-21T22:00:42","date_gmt":"2014-02-21T22:00:42","guid":{"rendered":"http:\/\/www.benzclassic.net\/?page_id=713"},"modified":"2015-10-14T13:25:46","modified_gmt":"2015-10-14T13:25:46","slug":"w189","status":"publish","type":"page","link":"http:\/\/www.benzclassic.net\/?page_id=713","title":{"rendered":"W189"},"content":{"rendered":"<h1 lang=\"en\">Mercedes-Benz W189<\/h1>\n<table cellspacing=\"3\">\n<tbody>\n<tr>\n<th scope=\"row\">\u00dcretim<\/th>\n<td>W186: 1951-1957<br \/>\nW189: 1957-1962<br \/>\nW188: 1951-1958<br \/>\n12,190 Adet<br \/>\nW186 Salon: 7,646<br \/>\nW186 Cabr.D: 642<br \/>\nW189 Salon: 3,077<br \/>\nW189 Cabr.D: 65<br \/>\nW188 Coup\u00e9: 314<br \/>\nW188 Cabr.\/Rdstr.: 446<\/td>\n<\/tr>\n<tr>\n<th colspan=\"2\">G\u00f6vde ve \u015fasi<\/th>\n<\/tr>\n<tr>\n<th scope=\"row\"><a title=\"Ara\u00e7 s\u0131n\u0131fland\u0131rma\" href=\"http:\/\/en.wikipedia.org\/wiki\/Car_classification\">S\u0131n\u0131f<\/a><\/th>\n<td><a title=\"L\u00fcks araba\" href=\"http:\/\/en.wikipedia.org\/wiki\/Luxury_car\">l\u00fcks araba<\/a><\/td>\n<\/tr>\n<tr>\n<th scope=\"row\"><a title=\"Ara\u00e7 s\u0131n\u0131fland\u0131rma\" href=\"http:\/\/en.wikipedia.org\/wiki\/Car_classification\">G\u00f6vde stili<\/a><\/th>\n<td>4 kap\u0131\u00a0<a title=\"Salon (araba)\" href=\"http:\/\/en.wikipedia.org\/wiki\/Saloon_(car)\">salon<\/a><br \/>\n4 kap\u0131\u00a0<a title=\"Phaeton v\u00fccut\" href=\"http:\/\/en.wikipedia.org\/wiki\/Phaeton_body\">phaeton<\/a><br \/>\n4 kap\u0131\u00a0<a title=\"Cabriolet (otomobil)\" href=\"http:\/\/en.wikipedia.org\/wiki\/Cabriolet_(automobile)\">cabriolet<\/a><br \/>\n4 kap\u0131\u00a0<a title=\"Sedan\" href=\"http:\/\/en.wikipedia.org\/wiki\/Limousine\">sedan<\/a><br \/>\n2 kap\u0131\u00a0<a title=\"Coup\u00e9\" href=\"http:\/\/en.wikipedia.org\/wiki\/Coup%C3%A9\">coup\u00e9<\/a><br \/>\n2-kap\u0131\u00a0<a title=\"Cabriolet (otomobil)\" href=\"http:\/\/en.wikipedia.org\/wiki\/Cabriolet_(automobile)\">cabriolet<\/a><\/td>\n<\/tr>\n<tr>\n<th scope=\"row\"><a title=\"Otomobil d\u00fczeni\" href=\"http:\/\/en.wikipedia.org\/wiki\/Automobile_layout\">D\u00fczeni<\/a><\/th>\n<td><a title=\"FR d\u00fczeni\" href=\"http:\/\/en.wikipedia.org\/wiki\/FR_layout\">FR d\u00fczeni<\/a><\/td>\n<\/tr>\n<tr>\n<th scope=\"row\"><a title=\"Otomobil platformu\" href=\"http:\/\/en.wikipedia.org\/wiki\/Automobile_platform\">Platform<\/a><\/th>\n<td>Mercedes-Benz W186\/188\/189<\/td>\n<\/tr>\n<tr>\n<th colspan=\"2\">Powertrain<\/th>\n<\/tr>\n<tr>\n<th scope=\"row\"><a title=\"Motoru\" href=\"http:\/\/en.wikipedia.org\/wiki\/Engine\">Motoru<\/a><\/th>\n<td>Mercedes 2996 cc\u00a0<a title=\"D\u00fcz-6\" href=\"http:\/\/en.wikipedia.org\/wiki\/Straight-6\">I-6<\/a>,\u00a0<a title=\"SOHC\" href=\"http:\/\/en.wikipedia.org\/wiki\/SOHC\">SOHC<\/a><\/td>\n<\/tr>\n<tr>\n<th scope=\"row\"><a title=\"\u0130letim (mekani\u011fi)\" href=\"http:\/\/en.wikipedia.org\/wiki\/Transmission_(mechanics)\">\u015eanz\u0131man<\/a><\/th>\n<td>4-ileri manuel<br \/>\n3-ileri otomatik<\/td>\n<\/tr>\n<tr>\n<th colspan=\"2\">Boyutlar<\/th>\n<\/tr>\n<tr>\n<th scope=\"row\"><a title=\"Dingil mesafesi\" href=\"http:\/\/en.wikipedia.org\/wiki\/Wheelbase\">Dingil mesafesi<\/a><\/th>\n<td>W186: 3,050 mm (120)<br \/>\nW189: 3,150 mm (124)<br \/>\nW188: 2,900 mm (110)<\/td>\n<\/tr>\n<tr>\n<th scope=\"row\">Uzunluk<\/th>\n<td>W186: 4,950 mm (195)<br \/>\nW189: 5,190 mm (204)<br \/>\nW188: 4,700 mm (190)<\/td>\n<\/tr>\n<tr>\n<th scope=\"row\">Geni\u015flik<\/th>\n<td>W186: 1,840 mm (72)<br \/>\nW189: 1,860 mm (73)<br \/>\nW188: 1,860 mm (73)<\/td>\n<\/tr>\n<tr>\n<th scope=\"row\">Y\u00fckseklik<\/th>\n<td>W186: 1,640 mm (65)<br \/>\nW189: 1,620 mm (64)<br \/>\nW188: 1,510 mm (59 in)<\/td>\n<\/tr>\n<tr>\n<th scope=\"row\"><a title=\"Bo\u015f a\u011f\u0131rl\u0131\u011f\u0131\" href=\"http:\/\/en.wikipedia.org\/wiki\/Curb_weight\">Bo\u015f a\u011f\u0131rl\u0131\u011f\u0131<\/a><\/th>\n<td>W186: 1,780 kg (3,920 lb)<br \/>\nW189: 1,950 kg (4,300 lb)<br \/>\nW188: 1,760 kg (3,880 lb)<\/td>\n<\/tr>\n<\/tbody>\n<\/table>\n<p>&nbsp;<\/p>\n<p><a href=\"http:\/\/www.benzclassic.net\/wp-content\/uploads\/2014\/02\/mercedes-benz-300-d-W189.jpg\"><img loading=\"lazy\" class=\"alignnone size-medium wp-image-649\" alt=\"mercedes-benz-300-d-W189\" src=\"http:\/\/www.benzclassic.net\/wp-content\/uploads\/2014\/02\/mercedes-benz-300-d-W189-300x204.jpg\" width=\"300\" height=\"204\" srcset=\"http:\/\/www.benzclassic.net\/wp-content\/uploads\/2014\/02\/mercedes-benz-300-d-W189-300x204.jpg 300w, http:\/\/www.benzclassic.net\/wp-content\/uploads\/2014\/02\/mercedes-benz-300-d-W189.jpg 800w\" sizes=\"(max-width: 300px) 100vw, 300px\" \/><\/a><a href=\"http:\/\/www.benzclassic.net\/wp-content\/uploads\/2014\/02\/dig2011_mb_w_186_ii_0001.jpg\"><img loading=\"lazy\" class=\"alignnone size-medium wp-image-642\" alt=\"dig2011_mb_w_186_ii_0001\" src=\"http:\/\/www.benzclassic.net\/wp-content\/uploads\/2014\/02\/dig2011_mb_w_186_ii_0001-300x156.jpg\" width=\"300\" height=\"156\" srcset=\"http:\/\/www.benzclassic.net\/wp-content\/uploads\/2014\/02\/dig2011_mb_w_186_ii_0001-300x156.jpg 300w, http:\/\/www.benzclassic.net\/wp-content\/uploads\/2014\/02\/dig2011_mb_w_186_ii_0001.jpg 1000w\" sizes=\"(max-width: 300px) 100vw, 300px\" \/><\/a><a href=\"http:\/\/www.benzclassic.net\/wp-content\/uploads\/2014\/02\/IMG_00000651.jpg\"><img loading=\"lazy\" class=\"alignnone size-medium wp-image-645\" alt=\"IMG_00000651\" src=\"http:\/\/www.benzclassic.net\/wp-content\/uploads\/2014\/02\/IMG_00000651-300x168.jpg\" width=\"300\" height=\"168\" srcset=\"http:\/\/www.benzclassic.net\/wp-content\/uploads\/2014\/02\/IMG_00000651-300x168.jpg 300w, http:\/\/www.benzclassic.net\/wp-content\/uploads\/2014\/02\/IMG_00000651.jpg 640w\" sizes=\"(max-width: 300px) 100vw, 300px\" \/><\/a><\/p>\n","protected":false},"excerpt":{"rendered":"<p>Mercedes-Benz W189 \u00dcretim W186: 1951-1957 W189: 1957-1962 W188: 1951-1958 12,190 Adet W186 Salon: 7,646 W186 Cabr.D: 642 W189 Salon: 3,077 W189 Cabr.D: 65 W188 Coup\u00e9: 314 W188 Cabr.\/Rdstr.: 446 G\u00f6vde ve \u015fasi S\u0131n\u0131f l\u00fcks araba G\u00f6vde stili 4 kap\u0131\u00a0salon 4 kap\u0131\u00a0phaeton 4 kap\u0131\u00a0cabriolet 4 kap\u0131\u00a0sedan 2 kap\u0131\u00a0coup\u00e9 2-kap\u0131\u00a0cabriolet D\u00fczeni FR d\u00fczeni Platform Mercedes-Benz W186\/188\/189 Powertrain &#8230; <span class=\"more\"><a class=\"more-link\" href=\"http:\/\/www.benzclassic.net\/?page_id=713\">[Read more&#8230;]<\/a><\/span><\/p>\n","protected":false},"author":1,"featured_media":0,"parent":673,"menu_order":12,"comment_status":"closed","ping_status":"closed","template":"","meta":[],"_links":{"self":[{"href":"http:\/\/www.benzclassic.net\/index.php?rest_route=\/wp\/v2\/pages\/713"}],"collection":[{"href":"http:\/\/www.benzclassic.net\/index.php?rest_route=\/wp\/v2\/pages"}],"about":[{"href":"http:\/\/www.benzclassic.net\/index.php?rest_route=\/wp\/v2\/types\/page"}],"author":[{"embeddable":true,"href":"http:\/\/www.benzclassic.net\/index.php?rest_route=\/wp\/v2\/users\/1"}],"replies":[{"embeddable":true,"href":"http:\/\/www.benzclassic.net\/index.php?rest_route=%2Fwp%2Fv2%2Fcomments&post=713"}],"version-history":[{"count":3,"href":"http:\/\/www.benzclassic.net\/index.php?rest_route=\/wp\/v2\/pages\/713\/revisions"}],"predecessor-version":[{"id":1750,"href":"http:\/\/www.benzclassic.net\/index.php?rest_route=\/wp\/v2\/pages\/713\/revisions\/1750"}],"up":[{"embeddable":true,"href":"http:\/\/www.benzclassic.net\/index.php?rest_route=\/wp\/v2\/pages\/673"}],"wp:attachment":[{"href":"http:\/\/www.benzclassic.net\/index.php?rest_route=%2Fwp%2Fv2%2Fmedia&parent=713"}],"curies":[{"name":"wp","href":"https:\/\/api.w.org\/{rel}","templated":true}]}}