{"id":710,"date":"2014-02-21T21:50:59","date_gmt":"2014-02-21T21:50:59","guid":{"rendered":"http:\/\/www.benzclassic.net\/?page_id=710"},"modified":"2016-06-24T06:57:41","modified_gmt":"2016-06-24T06:57:41","slug":"w180","status":"publish","type":"page","link":"http:\/\/www.benzclassic.net\/?page_id=710","title":{"rendered":"W180"},"content":{"rendered":"<h1 lang=\"en\">Mercedes-Benz W180<\/h1>\n<table cellspacing=\"3\">\n<tbody>\n<tr>\n<th scope=\"row\">\u00dcretim<\/th>\n<td>1954-1959<br \/>\n84,645 Adet<br \/>\n220 a: 25,937<br \/>\n220 S Salon: 55,279<br \/>\n220 S Cabr.\/Coup\u00e9: 3,429<\/td>\n<\/tr>\n<tr>\n<th scope=\"row\">Montaj<\/th>\n<td><a title=\"Almanya\" href=\"http:\/\/en.wikipedia.org\/wiki\/Germany\">Almanya<\/a><br \/>\n<a title=\"Port Melbourne\" href=\"http:\/\/en.wikipedia.org\/wiki\/Port_Melbourne\">Port Melbourne<\/a>,\u00a0<a title=\"Avustralya\" href=\"http:\/\/en.wikipedia.org\/wiki\/Australia\">Avustralya<\/a>\u00a0<sup id=\"cite_ref-2\"><a href=\"http:\/\/en.wikipedia.org\/wiki\/Mercedes-Benz_W180#cite_note-2\"><br \/>\n<\/a><\/sup><\/td>\n<\/tr>\n<tr>\n<th colspan=\"2\">G\u00f6vde ve \u015fasi<\/th>\n<\/tr>\n<tr>\n<th scope=\"row\"><a title=\"Ara\u00e7 s\u0131n\u0131fland\u0131rma\" href=\"http:\/\/en.wikipedia.org\/wiki\/Car_classification\">S\u0131n\u0131f<\/a><\/th>\n<td><a title=\"L\u00fcks araba\" href=\"http:\/\/en.wikipedia.org\/wiki\/Luxury_car\">l\u00fcks araba<\/a><\/td>\n<\/tr>\n<tr>\n<th scope=\"row\"><a title=\"Ara\u00e7 s\u0131n\u0131fland\u0131rma\" href=\"http:\/\/en.wikipedia.org\/wiki\/Car_classification\">G\u00f6vde stili<\/a><\/th>\n<td>4 kap\u0131\u00a0<a title=\"Sedan (araba)\" href=\"http:\/\/en.wikipedia.org\/wiki\/Sedan_(car)\">sedan<\/a><br \/>\n2-kap\u0131\u00a0<a title=\"Coupe\" href=\"http:\/\/en.wikipedia.org\/wiki\/Coupe\">coupe<\/a><br \/>\n2-kap\u0131\u00a0<a title=\"Convertible (araba)\" href=\"http:\/\/en.wikipedia.org\/wiki\/Convertible_(car)\">cabrio<\/a><\/td>\n<\/tr>\n<tr>\n<th colspan=\"2\">Powertrain<\/th>\n<\/tr>\n<tr>\n<th scope=\"row\"><a title=\"Motoru\" href=\"http:\/\/en.wikipedia.org\/wiki\/Engine\">Motoru<\/a><\/th>\n<td><a title=\"D\u00fcz-6\" href=\"http:\/\/en.wikipedia.org\/wiki\/Straight-6\">d\u00fcz-6<\/a><\/td>\n<\/tr>\n<\/tbody>\n<\/table>\n<div>\n<div><b>Teknik veriler\u00a0<\/b><\/div>\n<\/div>\n<div>\n<table>\n<tbody>\n<tr>\n<th>Mercedes-Benz<\/th>\n<th>220a (W180 ben)<\/th>\n<th>220 S (W180 II)<\/th>\n<th>220 S Cabriolet\/Coupe (W180 II)<\/th>\n<\/tr>\n<tr>\n<td>\u00dcretilen:<\/td>\n<td>1954-1956<\/td>\n<td>1956-1959<\/td>\n<td>1956-1959<\/td>\n<\/tr>\n<tr>\n<td>Motor:<\/td>\n<td colspan=\"3\"><a title=\"Alt\u0131 silindirli motor\" href=\"http:\/\/en.wikipedia.org\/wiki\/Straight-six_engine\">6-silindir-inline motoru<\/a>\u00a0(<a title=\"D\u00f6rt zamanl\u0131\" href=\"http:\/\/en.wikipedia.org\/wiki\/Four-stroke\">d\u00f6rt zamanl\u0131<\/a>), \u00f6n montajl\u0131<\/td>\n<\/tr>\n<tr>\n<td>\u00c7ap x Strok:<\/td>\n<td colspan=\"3\">80 mm x 72.8 mm<\/td>\n<\/tr>\n<tr>\n<td>Deplasman:<\/td>\n<td colspan=\"3\">2195 cc<\/td>\n<\/tr>\n<tr>\n<td>Max. G\u00fcc\u00fc @ rpm:<\/td>\n<td>85 PS (63 kW \/ 84 hp) @ 4800<\/td>\n<td colspan=\"2\">100 PS (74 kW; 99 hp) @ 4800<br \/>\na\u011fustos 1957: 106 PS (78 kW; 105 hp) @ 5200<\/td>\n<\/tr>\n<tr>\n<td>Max. Tork @ rpm:<\/td>\n<td>157 N\u00b7m (116 lb\u00b7ft) @ 2400<\/td>\n<td colspan=\"2\">162 N\u00b7m (119 lb\u00b7ft) @ 3500 a\u011fustos 1957: 171.5 N\u00b7m (126.5 lb\u00b7ft) @ 3500<\/td>\n<\/tr>\n<tr>\n<td>S\u0131k\u0131\u015ft\u0131rma Oran\u0131:<\/td>\n<td>7.6: 1<\/td>\n<td colspan=\"2\">7.6: 1<br \/>\na\u011fustos 1957: 8.6: 1<\/td>\n<\/tr>\n<tr>\n<td>Yak\u0131t besleme:<\/td>\n<td>Tek 2-bbl Solex PAJTA 32<\/td>\n<td colspan=\"2\">\u0130kili 2-bbl Solex PAJTA 32<\/td>\n<\/tr>\n<tr>\n<td>Yak\u0131t tank kapasitesi:<\/td>\n<td colspan=\"3\">64 L (16.9 US galon; 14.1 \u0131mp gal)<\/td>\n<\/tr>\n<tr>\n<td>Valvetrain:<\/td>\n<td colspan=\"3\"><a title=\"SOHC\" href=\"http:\/\/en.wikipedia.org\/wiki\/SOHC\">SOHC<\/a>, zincir dubleks<\/td>\n<\/tr>\n<tr>\n<td>So\u011futma:<\/td>\n<td colspan=\"3\">Su<\/td>\n<\/tr>\n<tr>\n<td>\u015eanz\u0131man:<\/td>\n<td colspan=\"3\">4-ileri manuel w\/ s\u00fctun kollu<br \/>\narkadan \u00e7eki\u015fli, standart aks oran\u0131 4.11:1 (sonradan 4.10:1)<\/td>\n<\/tr>\n<tr>\n<td>Elektrik sistemi:<\/td>\n<td colspan=\"3\">12 volt<\/td>\n<\/tr>\n<tr>\n<td>\u00d6n s\u00fcspansiyon:<\/td>\n<td colspan=\"3\">\u00c7ift lades kemi\u011fi helezon yaylar, bar dengelenmekte<\/td>\n<\/tr>\n<tr>\n<td>Arka s\u00fcspansiyon::<\/td>\n<td colspan=\"3\">Aks sal\u0131ncak, rad\u0131us kol, helezon yaylar<\/td>\n<\/tr>\n<tr>\n<td>Frenler:<\/td>\n<td colspan=\"3\">Davullu (\u00d8 230 mm), g\u00fc\u00e7 yard\u0131ml\u0131<\/td>\n<\/tr>\n<tr>\n<td>Direksiyon:<\/td>\n<td colspan=\"3\">Bilyal\u0131 direksiyon<\/td>\n<\/tr>\n<tr>\n<td>V\u00fccut yap\u0131:<\/td>\n<td colspan=\"3\">Sac, monokok (yekpare) in\u015faat<\/td>\n<\/tr>\n<tr>\n<td><\/td>\n<td colspan=\"3\"><\/td>\n<\/tr>\n<tr>\n<td><\/td>\n<td colspan=\"3\"><\/td>\n<\/tr>\n<tr>\n<td>Kuru a\u011f\u0131rl\u0131k:<\/td>\n<td>1,300 kg (2,900 lb)<\/td>\n<td>1,350 kg (2,980 lb)<\/td>\n<td>Cabriolet A\/C: 1,450 kg (3,200 lb)<br \/>\nCoup\u00e9: 1,410 kg (3,110 lb)<\/td>\n<\/tr>\n<tr>\n<td>Y\u00fckl\u00fc a\u011f\u0131rl\u0131\u011f\u0131:<\/td>\n<td>1,730 kg (3,810 lb)<\/td>\n<td>1,790 kg (3,950 lb)<\/td>\n<td>1,815 kg (4,001 lb)<\/td>\n<\/tr>\n<tr>\n<td><\/td>\n<td colspan=\"3\"><\/td>\n<\/tr>\n<tr>\n<td>\u0130z \u00f6n\/<br \/>\narka:<\/td>\n<td colspan=\"3\">1,430 mm (56) \/ 1,470 mm (58 in)<\/td>\n<\/tr>\n<tr>\n<td>Dingil a\u00e7\u0131kl\u0131\u011f\u0131:<\/td>\n<td colspan=\"2\">2,820 mm (111)<\/td>\n<td>2700 mm (110)<\/td>\n<\/tr>\n<tr>\n<td><\/td>\n<td colspan=\"3\"><\/td>\n<\/tr>\n<tr>\n<td>Uzunluk:<\/td>\n<td>4,715 mm (185.6)<\/td>\n<td>4,750 mm (187)<\/td>\n<td>4,760 mm (187)<\/td>\n<\/tr>\n<tr>\n<td>Geni\u015flik:<\/td>\n<td>1,740 mm (69)<\/td>\n<td>1,740 mm (69)<\/td>\n<td>1,765 mm (69.5 in)<\/td>\n<\/tr>\n<tr>\n<td>Y\u00fckseklik:<\/td>\n<td>1,560 mm (61)<\/td>\n<td>1,560 mm (61)<\/td>\n<td>1,530 mm (60)<\/td>\n<\/tr>\n<tr>\n<td><\/td>\n<td colspan=\"3\"><\/td>\n<\/tr>\n<tr>\n<td><\/td>\n<td colspan=\"3\"><\/td>\n<\/tr>\n<tr>\n<td>Lastik\/Lastik boyutlar\u0131:<\/td>\n<td colspan=\"3\">6.70 x 13<\/td>\n<\/tr>\n<tr>\n<td><\/td>\n<td colspan=\"3\"><\/td>\n<\/tr>\n<tr>\n<td><\/td>\n<td colspan=\"3\"><\/td>\n<\/tr>\n<tr>\n<td>En \u00fcst h\u0131z:<\/td>\n<td>150 km\/h (93 mph)<\/td>\n<td>160 km\/h (99 mph)<\/td>\n<td>160 km\/h (99 mph)<\/td>\n<\/tr>\n<tr>\n<td>Yak\u0131t T\u00fcketimi (tahmini):<\/td>\n<td>13.5 litre \/ 100 km (20.9 mpg<sub><small>-\u0131mp<\/small><\/sub>; 17.4 mpg<sub><small>-ABD<\/small><\/sub>)<\/td>\n<td>13.5 litre \/ 100 km (20.9 mpg<sub><small>-\u0131mp<\/small><\/sub>; 17.4 mpg<sub><small>-ABD<\/small><\/sub>)<\/td>\n<td>13.5 litre \/ 100 km (20.9 mpg<sub><small>-\u0131mp<\/small><\/sub>; 17.4 mpg<sub><small>-ABD<\/small><\/sub>)<\/td>\n<\/tr>\n<\/tbody>\n<\/table>\n<p><a href=\"http:\/\/www.benzclassic.net\/wp-content\/uploads\/2014\/02\/Mercedes-Benz-W180-1954-1959-1959-220S-coupe-2d-01-AA1.jpg\"><img loading=\"lazy\" class=\"alignnone size-medium wp-image-616\" alt=\"Mercedes-Benz W180 1954-1959 (1959 220S coupe 2d) (01) [AA1]\" src=\"http:\/\/www.benzclassic.net\/wp-content\/uploads\/2014\/02\/Mercedes-Benz-W180-1954-1959-1959-220S-coupe-2d-01-AA1-300x199.jpg\" width=\"300\" height=\"199\" srcset=\"http:\/\/www.benzclassic.net\/wp-content\/uploads\/2014\/02\/Mercedes-Benz-W180-1954-1959-1959-220S-coupe-2d-01-AA1-300x199.jpg 300w, http:\/\/www.benzclassic.net\/wp-content\/uploads\/2014\/02\/Mercedes-Benz-W180-1954-1959-1959-220S-coupe-2d-01-AA1.jpg 694w\" sizes=\"(max-width: 300px) 100vw, 300px\" \/><\/a><a href=\"http:\/\/www.benzclassic.net\/wp-content\/uploads\/2014\/02\/1956_Mercedes-Benz_S-klasse__W180__cabriolet_004_6441.jpg\"><img loading=\"lazy\" class=\"alignnone size-medium wp-image-614\" alt=\"1956_Mercedes-Benz_S-klasse_(_W180_)_cabriolet_004_6441\" src=\"http:\/\/www.benzclassic.net\/wp-content\/uploads\/2014\/02\/1956_Mercedes-Benz_S-klasse__W180__cabriolet_004_6441-300x225.jpg\" width=\"300\" height=\"225\" srcset=\"http:\/\/www.benzclassic.net\/wp-content\/uploads\/2014\/02\/1956_Mercedes-Benz_S-klasse__W180__cabriolet_004_6441-300x225.jpg 300w, http:\/\/www.benzclassic.net\/wp-content\/uploads\/2014\/02\/1956_Mercedes-Benz_S-klasse__W180__cabriolet_004_6441-1024x768.jpg 1024w, http:\/\/www.benzclassic.net\/wp-content\/uploads\/2014\/02\/1956_Mercedes-Benz_S-klasse__W180__cabriolet_004_6441.jpg 2048w\" sizes=\"(max-width: 300px) 100vw, 300px\" \/><\/a><\/p>\n<\/div>\n","protected":false},"excerpt":{"rendered":"<p>Mercedes-Benz W180 \u00dcretim 1954-1959 84,645 Adet 220 a: 25,937 220 S Salon: 55,279 220 S Cabr.\/Coup\u00e9: 3,429 Montaj Almanya Port Melbourne,\u00a0Avustralya\u00a0 G\u00f6vde ve \u015fasi S\u0131n\u0131f l\u00fcks araba G\u00f6vde stili 4 kap\u0131\u00a0sedan 2-kap\u0131\u00a0coupe 2-kap\u0131\u00a0cabrio Powertrain Motoru d\u00fcz-6 Teknik veriler\u00a0 Mercedes-Benz 220a (W180 ben) 220 S (W180 II) 220 S Cabriolet\/Coupe (W180 II) \u00dcretilen: 1954-1956 1956-1959 1956-1959 &#8230; <span class=\"more\"><a class=\"more-link\" href=\"http:\/\/www.benzclassic.net\/?page_id=710\">[Read more&#8230;]<\/a><\/span><\/p>\n","protected":false},"author":1,"featured_media":0,"parent":673,"menu_order":15,"comment_status":"closed","ping_status":"closed","template":"","meta":[],"_links":{"self":[{"href":"http:\/\/www.benzclassic.net\/index.php?rest_route=\/wp\/v2\/pages\/710"}],"collection":[{"href":"http:\/\/www.benzclassic.net\/index.php?rest_route=\/wp\/v2\/pages"}],"about":[{"href":"http:\/\/www.benzclassic.net\/index.php?rest_route=\/wp\/v2\/types\/page"}],"author":[{"embeddable":true,"href":"http:\/\/www.benzclassic.net\/index.php?rest_route=\/wp\/v2\/users\/1"}],"replies":[{"embeddable":true,"href":"http:\/\/www.benzclassic.net\/index.php?rest_route=%2Fwp%2Fv2%2Fcomments&post=710"}],"version-history":[{"count":3,"href":"http:\/\/www.benzclassic.net\/index.php?rest_route=\/wp\/v2\/pages\/710\/revisions"}],"predecessor-version":[{"id":1749,"href":"http:\/\/www.benzclassic.net\/index.php?rest_route=\/wp\/v2\/pages\/710\/revisions\/1749"}],"up":[{"embeddable":true,"href":"http:\/\/www.benzclassic.net\/index.php?rest_route=\/wp\/v2\/pages\/673"}],"wp:attachment":[{"href":"http:\/\/www.benzclassic.net\/index.php?rest_route=%2Fwp%2Fv2%2Fmedia&parent=710"}],"curies":[{"name":"wp","href":"https:\/\/api.w.org\/{rel}","templated":true}]}}