{"id":707,"date":"2014-02-21T21:45:49","date_gmt":"2014-02-21T21:45:49","guid":{"rendered":"http:\/\/www.benzclassic.net\/?page_id=707"},"modified":"2016-06-24T06:57:15","modified_gmt":"2016-06-24T06:57:15","slug":"w123","status":"publish","type":"page","link":"http:\/\/www.benzclassic.net\/?page_id=707","title":{"rendered":"W123"},"content":{"rendered":"<h1 lang=\"en\">Mercedes-Benz W123<\/h1>\n<table cellspacing=\"3\">\n<tbody>\n<tr>\n<th scope=\"row\">\u00dcretim<\/th>\n<td>1976-1985<br \/>\n2,696,915 Adet<br \/>\n4-kap\u0131: 2,397,514 Adet<br \/>\nCoup\u00e9: 99,884 Adet<br \/>\nStation: 199,517 Adet<\/td>\n<\/tr>\n<tr>\n<th scope=\"row\">Montaj<\/th>\n<td><a title=\"Sindelfingen\" href=\"http:\/\/en.wikipedia.org\/wiki\/Sindelfingen\">Sindelfingen<\/a>,\u00a0<a title=\"Bat\u0131 Almanya\" href=\"http:\/\/en.wikipedia.org\/wiki\/West_Germany\">Bat\u0131 Almanya<\/a><a title=\"Stuttgart\" href=\"http:\/\/en.wikipedia.org\/wiki\/Stuttgart\">Stuttgart<\/a>,\u00a0<a title=\"Bat\u0131 Almanya\" href=\"http:\/\/en.wikipedia.org\/wiki\/West_Germany\">Bat\u0131 Almanya<\/a><a title=\"Bremen\" href=\"http:\/\/en.wikipedia.org\/wiki\/Bremen\">Bremen<\/a>,\u00a0<a title=\"Bat\u0131 Almanya\" href=\"http:\/\/en.wikipedia.org\/wiki\/West_Germany\">Bat\u0131 Almanya<\/a><\/td>\n<\/tr>\n<tr>\n<th scope=\"row\"><a title=\"Otomotiv tasar\u0131m\" href=\"http:\/\/en.wikipedia.org\/wiki\/Automotive_design\">Tasar\u0131mc\u0131<\/a><\/th>\n<td>Bruno Sacco (Salon ve coupe: 1973, T-Modell: 1975)<\/td>\n<\/tr>\n<tr>\n<th colspan=\"2\">G\u00f6vde ve \u015fasi<\/th>\n<\/tr>\n<tr>\n<th scope=\"row\"><a title=\"Ara\u00e7 s\u0131n\u0131fland\u0131rma\" href=\"http:\/\/en.wikipedia.org\/wiki\/Car_classification\">S\u0131n\u0131f<\/a><\/th>\n<td><a title=\"Y\u00f6netici araba\" href=\"http:\/\/en.wikipedia.org\/wiki\/Executive_car\">Y\u00f6netici araba<\/a><\/td>\n<\/tr>\n<tr>\n<th scope=\"row\"><a title=\"Ara\u00e7 s\u0131n\u0131fland\u0131rma\" href=\"http:\/\/en.wikipedia.org\/wiki\/Car_classification\">G\u00f6vde stili<\/a><\/th>\n<td>4 kap\u0131\u00a0<a title=\"Sedan (araba)\" href=\"http:\/\/en.wikipedia.org\/wiki\/Sedan_(car)\">salon<\/a><br \/>\n2-kap\u0131\u00a0<a title=\"Coup\u00e9\" href=\"http:\/\/en.wikipedia.org\/wiki\/Coup%C3%A9\">coup\u00e9<\/a><br \/>\n5 kap\u0131 Station<br \/>\n4 kap\u0131\u00a0<a title=\"Sedan\" href=\"http:\/\/en.wikipedia.org\/wiki\/Limousine\">sedan<\/a><\/td>\n<\/tr>\n<tr>\n<th colspan=\"2\">Powertrain<\/th>\n<\/tr>\n<tr>\n<th scope=\"row\"><a title=\"Motoru\" href=\"http:\/\/en.wikipedia.org\/wiki\/Engine\">Motoru<\/a><\/th>\n<td>2.0 L\u00a0<a title=\"D\u00fcz-4\" href=\"http:\/\/en.wikipedia.org\/wiki\/Straight-4\">I4<\/a><br \/>\n2.0 L\u00a0<a title=\"D\u00fcz-4\" href=\"http:\/\/en.wikipedia.org\/wiki\/Straight-4\">I4<\/a>\u00a0Dizel<br \/>\n2.2 L\u00a0<a title=\"D\u00fcz-4\" href=\"http:\/\/en.wikipedia.org\/wiki\/Straight-4\">I4<\/a>\u00a0<a title=\"Dizel motor\" href=\"http:\/\/en.wikipedia.org\/wiki\/Diesel_engine\">Dizel<\/a><br \/>\n2.3 lt\u00a0<a title=\"D\u00fcz-4\" href=\"http:\/\/en.wikipedia.org\/wiki\/Straight-4\">I4<\/a><br \/>\n2.4 L\u00a0<a title=\"D\u00fcz-4\" href=\"http:\/\/en.wikipedia.org\/wiki\/Straight-4\">I4<\/a>\u00a0Dizel<br \/>\n2.5 L\u00a0<a title=\"Alt\u0131 silindirli motor\" href=\"http:\/\/en.wikipedia.org\/wiki\/Straight-six_engine\">\u01306<\/a><br \/>\n2.8 L\u00a0<a title=\"Alt\u0131 silindirli motor\" href=\"http:\/\/en.wikipedia.org\/wiki\/Straight-six_engine\">\u01306<\/a><br \/>\n3.0 L\u00a0<a title=\"D\u00fcz-5\" href=\"http:\/\/en.wikipedia.org\/wiki\/Straight-5\">\u01305<\/a>\u00a0<a title=\"Dizel motor\" href=\"http:\/\/en.wikipedia.org\/wiki\/Diesel_engine\">Dizel<\/a><\/td>\n<\/tr>\n<tr>\n<th scope=\"row\"><a title=\"\u0130letim (mekani\u011fi)\" href=\"http:\/\/en.wikipedia.org\/wiki\/Transmission_(mechanics)\">\u015eanz\u0131man<\/a><\/th>\n<td>3-h\u0131zl\u0131\u00a0<a title=\"Otomatik \u015fanz\u0131man\" href=\"http:\/\/en.wikipedia.org\/wiki\/Automatic_transmission\">otomatik<\/a><br \/>\n4-h\u0131z\u00a0<a title=\"Otomatik \u015fanz\u0131man\" href=\"http:\/\/en.wikipedia.org\/wiki\/Automatic_transmission\">otomatik<\/a><br \/>\n4-h\u0131z\u00a0<a title=\"\u015eanz\u0131man\" href=\"http:\/\/en.wikipedia.org\/wiki\/Manual_transmission\">manuel<\/a><br \/>\n5 vites\u00a0<a title=\"\u015eanz\u0131man\" href=\"http:\/\/en.wikipedia.org\/wiki\/Manual_transmission\">manuel<\/a><\/td>\n<\/tr>\n<tr>\n<th colspan=\"2\">Boyutlar<\/th>\n<\/tr>\n<tr>\n<th scope=\"row\"><a title=\"Dingil mesafesi\" href=\"http:\/\/en.wikipedia.org\/wiki\/Wheelbase\">Dingil mesafesi<\/a><\/th>\n<td>Salon: 2,795 mm (110.0)<br \/>\nCoup\u00e9: 2,710 mm (106.7)<br \/>\nSedan\/ambulans\/cenaze arabas\u0131: 3,425 mm (134.8)<\/td>\n<\/tr>\n<tr>\n<th scope=\"row\">Uzunluk<\/th>\n<td>Salon: 4,724 mm (186.0)\u00a0(euro-spec tamponlar)<br \/>\n4,640 mm (183) (Coupe)<\/td>\n<\/tr>\n<tr>\n<th scope=\"row\">Geni\u015flik<\/th>\n<td>Salon: 1,784 mm (70.2)<sup id=\"cite_ref-Autocar197809_2-1\"><a href=\"http:\/\/en.wikipedia.org\/wiki\/Mercedes-Benz_W123#cite_note-Autocar197809-2\"><br \/>\n<\/a><\/sup><\/td>\n<\/tr>\n<tr>\n<th scope=\"row\">Y\u00fckseklik<\/th>\n<td>Salon: 1,435 mm (56.5)<sup id=\"cite_ref-Autocar197809_2-2\"><a href=\"http:\/\/en.wikipedia.org\/wiki\/Mercedes-Benz_W123#cite_note-Autocar197809-2\"><br \/>\n<\/a><\/sup><\/td>\n<\/tr>\n<tr>\n<th scope=\"row\"><a title=\"Bo\u015f a\u011f\u0131rl\u0131\u011f\u0131\" href=\"http:\/\/en.wikipedia.org\/wiki\/Curb_weight\">Bo\u015f a\u011f\u0131rl\u0131\u011f\u0131<\/a><\/th>\n<td>Salon: 1,625 kg (3,582 .5 lb) (turbo dizel, otomatik)<\/td>\n<\/tr>\n<\/tbody>\n<\/table>\n<h2>Modelleri<\/h2>\n<table>\n<tbody>\n<tr>\n<th>\u015ease kodu<\/th>\n<th>Y\u0131l<\/th>\n<th>Model<\/th>\n<th>Motoru<\/th>\n<th>G\u00fc\u00e7<\/th>\n<th>Tork<\/th>\n<\/tr>\n<tr>\n<td>W123.020<\/td>\n<td>1976-1981<\/td>\n<td>200<\/td>\n<td>2.0 L\u00a0<i><a title=\"Mercedes-Benz M115 motoru\" href=\"http:\/\/en.wikipedia.org\/wiki\/Mercedes-Benz_M115_engine\">M115<\/a><\/i>\u00a0<a title=\"D\u00fcz-4\" href=\"http:\/\/en.wikipedia.org\/wiki\/Straight-4\">I4<\/a><\/td>\n<td>94 PS (69 kW; 93 hp) @ 4800<\/td>\n<td>158 N\u00b7m (117 lb\u00b7ft) @ 3000<\/td>\n<\/tr>\n<tr>\n<td>W123.220<\/td>\n<td>1979-1985<\/td>\n<td>200<\/td>\n<td>2.0 L\u00a0<i><a title=\"Mercedes-Benz M102 motoru\" href=\"http:\/\/en.wikipedia.org\/wiki\/Mercedes-Benz_M102_engine\">M102<\/a><\/i>\u00a0<a title=\"D\u00fcz-4\" href=\"http:\/\/en.wikipedia.org\/wiki\/Straight-4\">I4<\/a><\/td>\n<td>109 PS (80 kW; 108 hp) @ 5200<\/td>\n<td>170 N\u00b7m (125 lb\u00b7ft) @ 3000<\/td>\n<\/tr>\n<tr>\n<td>W123.280<\/td>\n<td>1980-1985<\/td>\n<td>200T<\/td>\n<td>2.0 L\u00a0<i><a title=\"Mercedes-Benz M102 motoru\" href=\"http:\/\/en.wikipedia.org\/wiki\/Mercedes-Benz_M102_engine\">M102<\/a><\/i>\u00a0<a title=\"D\u00fcz-4\" href=\"http:\/\/en.wikipedia.org\/wiki\/Straight-4\">I4<\/a><\/td>\n<td>109 PS (80 kW; 108 hp) @ 5200<\/td>\n<td>170 N\u00b7m (125 lb\u00b7ft) @ 3000<\/td>\n<\/tr>\n<tr>\n<td>W123.120<\/td>\n<td>1976-1979<\/td>\n<td>200D<\/td>\n<td>2.0 L\u00a0<i><a title=\"Mercedes-Benz OM615\" href=\"http:\/\/en.wikipedia.org\/wiki\/Mercedes-Benz_OM615\">OM615<\/a><\/i>\u00a0<a title=\"D\u00fcz-4\" href=\"http:\/\/en.wikipedia.org\/wiki\/Straight-4\">I4<\/a>\u00a0<a title=\"Dizel motor\" href=\"http:\/\/en.wikipedia.org\/wiki\/Diesel_engine\">Dizel<\/a><\/td>\n<td>55 PS (40 kW; 54 hp) @ 4200<\/td>\n<td>113 N\u00b7m (83 lb\u00b7ft) @ 2400<\/td>\n<\/tr>\n<tr>\n<td>W123.120<\/td>\n<td>1979-1985<\/td>\n<td>200D<\/td>\n<td>2.0 L\u00a0<i><a title=\"Mercedes-Benz OM615\" href=\"http:\/\/en.wikipedia.org\/wiki\/Mercedes-Benz_OM615\">OM615<\/a><\/i>\u00a0<a title=\"D\u00fcz-4\" href=\"http:\/\/en.wikipedia.org\/wiki\/Straight-4\">I4<\/a>\u00a0<a title=\"Dizel motor\" href=\"http:\/\/en.wikipedia.org\/wiki\/Diesel_engine\">Dizel<\/a><\/td>\n<td>60 PS (44 kW; 59 hp) @ 4400<\/td>\n<td>113 N\u00b7m (83 lb\u00b7ft) @ 2400<\/td>\n<\/tr>\n<tr>\n<td>W123.126<\/td>\n<td>1976-1979<\/td>\n<td>220D<\/td>\n<td>2.2 L\u00a0<i><a title=\"Mercedes-Benz OM615\" href=\"http:\/\/en.wikipedia.org\/wiki\/Mercedes-Benz_OM615\">OM615<\/a><\/i>\u00a0<a title=\"D\u00fcz-4\" href=\"http:\/\/en.wikipedia.org\/wiki\/Straight-4\">I4<\/a>\u00a0<a title=\"Dizel motor\" href=\"http:\/\/en.wikipedia.org\/wiki\/Diesel_engine\">Dizel<\/a><\/td>\n<td>60 PS (44 kW; 59 hp) @ 4200<\/td>\n<td>125 N\u00b7m (92 lb\u00b7ft) @ 2400<\/td>\n<\/tr>\n<tr>\n<td>W123.023<\/td>\n<td>1975-1981<\/td>\n<td>230<\/td>\n<td>2.3 lt\u00a0<i><a title=\"Mercedes-Benz M115 motoru\" href=\"http:\/\/en.wikipedia.org\/wiki\/Mercedes-Benz_M115_engine\">M115<\/a><\/i>\u00a0<a title=\"D\u00fcz-4\" href=\"http:\/\/en.wikipedia.org\/wiki\/Straight-4\">I4<\/a><\/td>\n<td>109 PS (80 kW; 108 hp) @ 4800<\/td>\n<td>185 N\u00b7m (136 lb\u00b7ft) @ 3000<\/td>\n<\/tr>\n<tr>\n<td>W123.223<\/td>\n<td>1979-1985<\/td>\n<td>230E<\/td>\n<td>2.3 lt\u00a0<i><a title=\"Mercedes-Benz M102 motoru\" href=\"http:\/\/en.wikipedia.org\/wiki\/Mercedes-Benz_M102_engine\">M102<\/a><\/i>\u00a0<a title=\"D\u00fcz-4\" href=\"http:\/\/en.wikipedia.org\/wiki\/Straight-4\">I4<\/a><\/td>\n<td>136 PS (100 kW; 134 hp) @ 5100<\/td>\n<td>201 N\u00b7m (148 lb\u00b7ft) @ 3500<\/td>\n<\/tr>\n<tr>\n<td>W123.043<\/td>\n<td>1977-1980<\/td>\n<td>230 C<\/td>\n<td>2.3 lt\u00a0<i><a title=\"Mercedes-Benz M115 motoru\" href=\"http:\/\/en.wikipedia.org\/wiki\/Mercedes-Benz_M115_engine\">M115<\/a><\/i>\u00a0<a title=\"D\u00fcz-4\" href=\"http:\/\/en.wikipedia.org\/wiki\/Straight-4\">I4<\/a><\/td>\n<td>109 PS (80 kW; 108 hp) @ 4800<\/td>\n<td>185 N\u00b7m (136 lb\u00b7ft) @ 3000<\/td>\n<\/tr>\n<tr>\n<td>W123.243<\/td>\n<td>1980-1985<\/td>\n<td>230CE<\/td>\n<td>2.3 lt\u00a0<i><a title=\"Mercedes-Benz M102 motoru\" href=\"http:\/\/en.wikipedia.org\/wiki\/Mercedes-Benz_M102_engine\">M102<\/a><\/i>\u00a0<a title=\"D\u00fcz-4\" href=\"http:\/\/en.wikipedia.org\/wiki\/Straight-4\">I4<\/a><\/td>\n<td>136 PS (100 kW; 134 hp) @ 5100<\/td>\n<td>201 N\u00b7m (148 lb\u00b7ft) @ 3500<\/td>\n<\/tr>\n<tr>\n<td>W123.083<\/td>\n<td>1978-1980<\/td>\n<td>230T<\/td>\n<td>2.3 lt\u00a0<i><a title=\"Mercedes-Benz M115 motoru\" href=\"http:\/\/en.wikipedia.org\/wiki\/Mercedes-Benz_M115_engine\">M115<\/a><\/i>\u00a0<a title=\"D\u00fcz-4\" href=\"http:\/\/en.wikipedia.org\/wiki\/Straight-4\">I4<\/a><\/td>\n<td>109 PS (80 kW; 108 hp) @ 4800<\/td>\n<td>185 N\u00b7m (136 lb\u00b7ft) @ 3000<\/td>\n<\/tr>\n<tr>\n<td>W123.283<\/td>\n<td>1980-1985<\/td>\n<td>230TE<\/td>\n<td>2.3 lt\u00a0<i><a title=\"Mercedes-Benz M102 motoru\" href=\"http:\/\/en.wikipedia.org\/wiki\/Mercedes-Benz_M102_engine\">M102<\/a><\/i>\u00a0<a title=\"D\u00fcz-4\" href=\"http:\/\/en.wikipedia.org\/wiki\/Straight-4\">I4<\/a><\/td>\n<td>136 PS (100 kW; 134 hp) @ 5100<\/td>\n<td>201 N\u00b7m (148 lb\u00b7ft) @ 3500<\/td>\n<\/tr>\n<tr>\n<td>W123.123<\/td>\n<td>1976-1985<\/td>\n<td><a title=\"Mercedes-Benz 240D (sayfa mevcut de\u011fil)\" href=\"http:\/\/en.wikipedia.org\/w\/index.php?title=Mercedes-Benz_240D&amp;action=edit&amp;redlink=1\">240D<\/a><\/td>\n<td>2.4 L\u00a0<i><a title=\"Mercedes-Benz OM616\" href=\"http:\/\/en.wikipedia.org\/wiki\/Mercedes-Benz_OM616\">OM616<\/a><\/i>\u00a0<a title=\"D\u00fcz-4\" href=\"http:\/\/en.wikipedia.org\/wiki\/Straight-4\">I4<\/a>\u00a0<a title=\"Dizel motor\" href=\"http:\/\/en.wikipedia.org\/wiki\/Diesel_engine\">Dizel<\/a><\/td>\n<td>65 PS (48 kW; 64 hp) @ 4200<br \/>\ngelen 02\/79 72 PS (53 kW; 71 hp) @ 4400<\/td>\n<td>137 N\u00b7m (101 lb\u00b7ft) @ 2400<\/td>\n<\/tr>\n<tr>\n<td>W123.125<\/td>\n<td>1977-1985<\/td>\n<td><a title=\"Mercedes-Benz 240D (sayfa mevcut de\u011fil)\" href=\"http:\/\/en.wikipedia.org\/w\/index.php?title=Mercedes-Benz_240D&amp;action=edit&amp;redlink=1\">240D<\/a>\u00a0LWB<\/td>\n<td>2.4 L\u00a0<i><a title=\"Mercedes-Benz OM616\" href=\"http:\/\/en.wikipedia.org\/wiki\/Mercedes-Benz_OM616\">OM616<\/a><\/i>\u00a0<a title=\"D\u00fcz-4\" href=\"http:\/\/en.wikipedia.org\/wiki\/Straight-4\">I4<\/a>\u00a0<a title=\"Dizel motor\" href=\"http:\/\/en.wikipedia.org\/wiki\/Diesel_engine\">Dizel<\/a><\/td>\n<td>65 PS (48 kW; 64 hp) @ 4200<br \/>\ngelen 02\/79 72 PS (53 kW; 71 hp) @ 4400<\/td>\n<td>137 N\u00b7m (101 lb\u00b7ft) @ 2400<\/td>\n<\/tr>\n<tr>\n<td>W123.183<\/td>\n<td>1978-1986<\/td>\n<td><a title=\"Mercedes-Benz 240D (sayfa mevcut de\u011fil)\" href=\"http:\/\/en.wikipedia.org\/w\/index.php?title=Mercedes-Benz_240D&amp;action=edit&amp;redlink=1\">240TD<\/a><\/td>\n<td>2.4 L\u00a0<i><a title=\"Mercedes-Benz OM616\" href=\"http:\/\/en.wikipedia.org\/wiki\/Mercedes-Benz_OM616\">OM616<\/a><\/i>\u00a0<a title=\"D\u00fcz-4\" href=\"http:\/\/en.wikipedia.org\/wiki\/Straight-4\">I4<\/a>\u00a0<a title=\"Dizel motor\" href=\"http:\/\/en.wikipedia.org\/wiki\/Diesel_engine\">Dizel<\/a><\/td>\n<td>65 PS (48 kW; 64 hp) @ 4200<br \/>\ngelen 02\/79 72 PS (53 kW; 71 hp) @ 4400<\/td>\n<td>137 N\u00b7m (101 lb\u00b7ft) @ 2400<\/td>\n<\/tr>\n<tr>\n<td>W123.026<\/td>\n<td>1975-1985<\/td>\n<td>250<\/td>\n<td>2.5 L\u00a0<i><a title=\"Mercedes-Benz M123 motoru\" href=\"http:\/\/en.wikipedia.org\/wiki\/Mercedes-Benz_M123_engine\">M123<\/a><\/i>\u00a0<a title=\"D\u00fcz-6\" href=\"http:\/\/en.wikipedia.org\/wiki\/Straight-6\">\u01306<\/a><\/td>\n<td>129 PS (95 kW; 127 hp) @ 5500<br \/>\ngelen 09\/79 140 PS (100 kW \/ 140 hp) @ 5500<\/td>\n<td>192 N\u00b7m (142 lb\u00b7ft) @ 3500<br \/>\ngelen 09\/79 196 N\u00b7m (145 lb\u00b7ft) @ 3500<\/td>\n<\/tr>\n<tr>\n<td>W123.028<\/td>\n<td>1977-1985<\/td>\n<td>250 LWB<\/td>\n<td>2.5 L\u00a0<i><a title=\"Mercedes-Benz M123 motoru\" href=\"http:\/\/en.wikipedia.org\/wiki\/Mercedes-Benz_M123_engine\">M123<\/a><\/i>\u00a0<a title=\"D\u00fcz-6\" href=\"http:\/\/en.wikipedia.org\/wiki\/Straight-6\">\u01306<\/a><\/td>\n<td>129 PS (95 kW; 127 hp) @ 5500<br \/>\ngelen 09\/79 140 PS (100 kW \/ 140 hp) @ 5500<\/td>\n<td>192 N\u00b7m (142 lb\u00b7ft) @ 3500<br \/>\ngelen 09\/79 196 N\u00b7m (145 lb\u00b7ft) @ 3500<\/td>\n<\/tr>\n<tr>\n<td>W123.086<\/td>\n<td>1978-1985<\/td>\n<td>250<\/td>\n<td>2.5 L\u00a0<i><a title=\"Mercedes-Benz M123 motoru\" href=\"http:\/\/en.wikipedia.org\/wiki\/Mercedes-Benz_M123_engine\">M123<\/a><\/i>\u00a0<a title=\"D\u00fcz-6\" href=\"http:\/\/en.wikipedia.org\/wiki\/Straight-6\">\u01306<\/a><\/td>\n<td>140 PS (100 kW \/ 140 hp) @ 5500<br \/>\ngelen 09\/79 140 PS (100 kW \/ 140 hp) @ 5500<\/td>\n<td>192 N\u00b7m (142 lb\u00b7ft) @ 3500<br \/>\ngelen 09\/79 196 N\u00b7m (145 lb\u00b7ft) @ 3500<\/td>\n<\/tr>\n<tr>\n<td>W123.030<\/td>\n<td>1975-1981<\/td>\n<td>280<\/td>\n<td>2.8 L\u00a0<i><a title=\"Mercedes-Benz M110 motoru\" href=\"http:\/\/en.wikipedia.org\/wiki\/Mercedes-Benz_M110_engine\">M110<\/a><\/i>\u00a0<a title=\"D\u00fcz-6\" href=\"http:\/\/en.wikipedia.org\/wiki\/Straight-6\">\u01306<\/a><\/td>\n<td>156 PS (115 kW; 154 hp) @ 5500<\/td>\n<td>222 N\u00b7m (164 lb\u00b7ft) @ 4000<\/td>\n<\/tr>\n<tr>\n<td>W123.033<\/td>\n<td>1975-1985<\/td>\n<td>280E<\/td>\n<td>2.8 L\u00a0<i><a title=\"Mercedes-Benz M110 motoru\" href=\"http:\/\/en.wikipedia.org\/wiki\/Mercedes-Benz_M110_engine\">M110<\/a><\/i>\u00a0<a title=\"D\u00fcz-6\" href=\"http:\/\/en.wikipedia.org\/wiki\/Straight-6\">\u01306<\/a><\/td>\n<td>177 PS (130 kW; 175 hp) @ 6000<br \/>\n1978 y\u0131llar\u0131 aras\u0131nda 185 PS (136 kW; 182 hp) @ 5800<\/td>\n<td>229 N\u00b7m (169 lb\u00b7ft) @ 4500<br \/>\ngelen 09\/79 235 N\u00b7m (173 lb\u00b7ft) @ 4500<\/td>\n<\/tr>\n<tr>\n<td>W123.050<\/td>\n<td>1977-1980<\/td>\n<td>280C<\/td>\n<td>2.8 L\u00a0<i><a title=\"Mercedes-Benz M110 motoru\" href=\"http:\/\/en.wikipedia.org\/wiki\/Mercedes-Benz_M110_engine\">M110<\/a><\/i>\u00a0<a title=\"D\u00fcz-6\" href=\"http:\/\/en.wikipedia.org\/wiki\/Straight-6\">\u01306<\/a><\/td>\n<td>156 PS (115 kW; 154 hp) @ 5500<\/td>\n<td>222 N\u00b7m (164 lb\u00b7ft) @ 4000<\/td>\n<\/tr>\n<tr>\n<td>W123.053<\/td>\n<td>1977-1985<\/td>\n<td>280CE<\/td>\n<td>2.8 L\u00a0<i><a title=\"Mercedes-Benz M110 motoru\" href=\"http:\/\/en.wikipedia.org\/wiki\/Mercedes-Benz_M110_engine\">M110<\/a><\/i>\u00a0<a title=\"D\u00fcz-6\" href=\"http:\/\/en.wikipedia.org\/wiki\/Straight-6\">\u01306<\/a><\/td>\n<td>177 PS (130 kW; 175 hp) @ 6000<br \/>\n1978 y\u0131llar\u0131 aras\u0131nda 185 PS (136 kW; 182 hp) @ 5800<\/td>\n<td>229 N\u00b7m (169 lb\u00b7ft) @ 4500<br \/>\ngelen 09\/79 235 N\u00b7m (173 lb\u00b7ft) @ 4500<\/td>\n<\/tr>\n<tr>\n<td>W123.093<\/td>\n<td>1978-1985<\/td>\n<td>280TE<\/td>\n<td>2.8 L\u00a0<i><a title=\"Mercedes-Benz M110 motoru\" href=\"http:\/\/en.wikipedia.org\/wiki\/Mercedes-Benz_M110_engine\">M110<\/a><\/i>\u00a0<a title=\"D\u00fcz-6\" href=\"http:\/\/en.wikipedia.org\/wiki\/Straight-6\">\u01306<\/a><\/td>\n<td>185 PS (136 kW; 182 hp) @ 6000<br \/>\n1978 y\u0131llar\u0131 aras\u0131nda 185 PS (136 kW; 182 hp) @ 5800<\/td>\n<td>229 N\u00b7m (169 lb\u00b7ft) @ 4500<br \/>\ngelen 09\/79 235 N\u00b7m (173 lb\u00b7ft) @ 4500<\/td>\n<\/tr>\n<tr>\n<td>W123.130<\/td>\n<td>1976-1985<\/td>\n<td><a title=\"Mercedes-Benz 300D\" href=\"http:\/\/en.wikipedia.org\/wiki\/Mercedes-Benz_300D\">300D<\/a><\/td>\n<td>3.0 L\u00a0<i><a title=\"Mercedes-Benz OM617 motoru\" href=\"http:\/\/en.wikipedia.org\/wiki\/Mercedes-Benz_OM617_engine\">OM617<\/a><\/i>\u00a0<a title=\"D\u00fcz-5\" href=\"http:\/\/en.wikipedia.org\/wiki\/Straight-5\">\u01305<\/a>\u00a0<a title=\"Dizel motor\" href=\"http:\/\/en.wikipedia.org\/wiki\/Diesel_engine\">Dizel<\/a><\/td>\n<td>80 PS (59 kW; 79 hp) @ 4000<br \/>\ngelen 09\/79 88 PS (65 kW; 87 hp) @ 4400<\/td>\n<td>169 N\u00b7m (125 lb\u00b7ft) @ 2400<\/td>\n<\/tr>\n<tr>\n<td>W123.132<\/td>\n<td>1977-1985<\/td>\n<td><a title=\"Mercedes-Benz 300D\" href=\"http:\/\/en.wikipedia.org\/wiki\/Mercedes-Benz_300D\">300D<\/a>\u00a0LWB<\/td>\n<td>3.0 L\u00a0<i><a title=\"Mercedes-Benz OM617 motoru\" href=\"http:\/\/en.wikipedia.org\/wiki\/Mercedes-Benz_OM617_engine\">OM617<\/a><\/i>\u00a0<a title=\"D\u00fcz-5\" href=\"http:\/\/en.wikipedia.org\/wiki\/Straight-5\">\u01305<\/a>\u00a0<a title=\"Dizel motor\" href=\"http:\/\/en.wikipedia.org\/wiki\/Diesel_engine\">Dizel<\/a><\/td>\n<td>80 PS (59 kW; 79 hp) @ 4000<br \/>\ngelen 09\/79 88 PS (65 kW; 87 hp) @ 4400<\/td>\n<td>169 N\u00b7m (125 lb\u00b7ft) @ 2400<\/td>\n<\/tr>\n<tr>\n<td>W123.133<\/td>\n<td>1981-1985<\/td>\n<td><a title=\"Mercedes-Benz 300D\" href=\"http:\/\/en.wikipedia.org\/wiki\/Mercedes-Benz_300D\">300D<\/a>\u00a0Turbo<\/td>\n<td>3.0 L\u00a0<i><a title=\"Mercedes-Benz OM617 motoru\" href=\"http:\/\/en.wikipedia.org\/wiki\/Mercedes-Benz_OM617_engine\">OM617a<\/a><\/i>\u00a0<a title=\"D\u00fcz-5\" href=\"http:\/\/en.wikipedia.org\/wiki\/Straight-5\">\u01305<\/a><a title=\"Dizel motor\" href=\"http:\/\/en.wikipedia.org\/wiki\/Diesel_engine\">Dizel<\/a><\/td>\n<td>125 PS (92 kW; 123 hp) @ 4350<\/td>\n<td>245 N\u00b7m (181 lb\u00b7ft) @ 2400<\/td>\n<\/tr>\n<tr>\n<td>W123.150<\/td>\n<td>1977-1981<\/td>\n<td><a title=\"Mercedes-Benz 300D\" href=\"http:\/\/en.wikipedia.org\/wiki\/Mercedes-Benz_300D\">300CD<\/a><\/td>\n<td>3.0 L\u00a0<i><a title=\"Mercedes-Benz OM617 motoru\" href=\"http:\/\/en.wikipedia.org\/wiki\/Mercedes-Benz_OM617_engine\">OM617<\/a><\/i>\u00a0<a title=\"D\u00fcz-5\" href=\"http:\/\/en.wikipedia.org\/wiki\/Straight-5\">\u01305<\/a>\u00a0<a title=\"Dizel motor\" href=\"http:\/\/en.wikipedia.org\/wiki\/Diesel_engine\">Dizel<\/a><\/td>\n<td>80 PS (59 kW; 79 hp) @ 4000<br \/>\ngelen 09\/79 88 PS (65 kW; 87 hp) @ 4400<\/td>\n<td>169 N\u00b7m (125 lb\u00b7ft) @ 2400<\/td>\n<\/tr>\n<tr>\n<td>W123.153<\/td>\n<td>1981-1985<\/td>\n<td><a title=\"Mercedes-Benz 300D\" href=\"http:\/\/en.wikipedia.org\/wiki\/Mercedes-Benz_300D\">300CD<\/a>Turbo<\/td>\n<td>3.0 L\u00a0<i><a title=\"Mercedes-Benz OM617 motoru\" href=\"http:\/\/en.wikipedia.org\/wiki\/Mercedes-Benz_OM617_engine\">OM617a<\/a><\/i>\u00a0<a title=\"D\u00fcz-5\" href=\"http:\/\/en.wikipedia.org\/wiki\/Straight-5\">\u01305<\/a><a title=\"Dizel motor\" href=\"http:\/\/en.wikipedia.org\/wiki\/Diesel_engine\">Dizel<\/a><\/td>\n<td>125 PS (92 kW; 123 hp) @ 4350<\/td>\n<td>245 N\u00b7m (181 lb\u00b7ft) @ 2400<\/td>\n<\/tr>\n<tr>\n<td>W123.190<\/td>\n<td>1978-1985<\/td>\n<td><a title=\"Mercedes-Benz 300D\" href=\"http:\/\/en.wikipedia.org\/wiki\/Mercedes-Benz_300D\">300TD<\/a><\/td>\n<td>3.0 L\u00a0<i><a title=\"Mercedes-Benz OM617 motoru\" href=\"http:\/\/en.wikipedia.org\/wiki\/Mercedes-Benz_OM617_engine\">OM617<\/a><\/i>\u00a0<a title=\"D\u00fcz-5\" href=\"http:\/\/en.wikipedia.org\/wiki\/Straight-5\">\u01305<\/a>\u00a0<a title=\"Dizel motor\" href=\"http:\/\/en.wikipedia.org\/wiki\/Diesel_engine\">Dizel<\/a><\/td>\n<td>80 PS (59 kW; 79 hp) @ 4000<br \/>\ngelen 09\/79 88 PS (65 kW; 87 hp) @ 4400<\/td>\n<td>169 N\u00b7m (125 lb\u00b7ft) @ 2400<\/td>\n<\/tr>\n<tr>\n<td>W123.193<\/td>\n<td>1980-1985<\/td>\n<td><a title=\"Mercedes-Benz 300D\" href=\"http:\/\/en.wikipedia.org\/wiki\/Mercedes-Benz_300D\">300TD<\/a>\u00a0Turbo<\/td>\n<td>3.0 L\u00a0<i><a title=\"Mercedes-Benz OM617 motoru\" href=\"http:\/\/en.wikipedia.org\/wiki\/Mercedes-Benz_OM617_engine\">OM617a<\/a><\/i>\u00a0<a title=\"D\u00fcz-5\" href=\"http:\/\/en.wikipedia.org\/wiki\/Straight-5\">\u01305<\/a><a title=\"Dizel motor\" href=\"http:\/\/en.wikipedia.org\/wiki\/Diesel_engine\">Dizel<\/a><\/td>\n<td>125 PS (92 kW; 123 hp) @ 4350<\/td>\n<td>245 N\u00b7m (181 lb\u00b7ft) @ 2400<\/td>\n<\/tr>\n<\/tbody>\n<\/table>\n<p>&nbsp;<\/p>\n<table>\n<tbody>\n<tr>\n<th>Model<\/th>\n<th>Y\u0131l<\/th>\n<th>Motoru<\/th>\n<th>G\u00fc\u00e7<\/th>\n<th>Tork<\/th>\n<\/tr>\n<tr>\n<td>230<\/td>\n<td>\u00a01977-1978<\/td>\n<td>M115<\/td>\n<td>93.0 hp (69 kW) @ 4800<\/td>\n<td>125 lb\u00b7ft (169 N\u00b7m) @ 2500<\/td>\n<\/tr>\n<tr>\n<td>240D<\/td>\n<td>\u00a01977-1983<\/td>\n<td>OM616.912<\/td>\n<td>62 hp (46 kW) @ 4000<br \/>\n1981 67 bg (50 kW) @ 4000<\/td>\n<td>97 lb\u00b7ft (132 N\u00b7m) @ 2400<\/td>\n<\/tr>\n<tr>\n<td>280E<\/td>\n<td>\u00a01977-1981<\/td>\n<td>M110<\/td>\n<td>142 hp (106 kW) @ 5750<br \/>\n1980: 140 hp (104 kW) @ 5500<\/td>\n<td>149 lb\u00b7ft (202 N\u00b7m) @ 4600<br \/>\n1980: 145 lb\u00b7ft (197 N\u00b7m) @ 4600<\/td>\n<\/tr>\n<tr>\n<td>280CE<\/td>\n<td>\u00a01978-1981<\/td>\n<td>M110<\/td>\n<td>142 hp (106 kW) @ 5750<br \/>\nBEN\u0130M 1980: 140 hp (104 kW) @ 5500<\/td>\n<td>149 lb\u00b7ft (202 N\u00b7m) @ 4600<br \/>\n1980: 145 lb\u00b7ft (197 N\u00b7m) @ 4600<\/td>\n<\/tr>\n<tr>\n<td>300D<\/td>\n<td>\u00a01977-1981<\/td>\n<td>OM617.912<\/td>\n<td>77 bg (57 kW) @ 4000<br \/>\n1981: 83 bg (62 kW) @ 4200<\/td>\n<td>115 lb\u00b7ft (156 N\u00b7m) @ 2400<br \/>\n1981: 120 lb\u00b7ft (163 N\u00b7m) @ 2400<\/td>\n<\/tr>\n<tr>\n<td>300CD<\/td>\n<td>1978-1981<\/td>\n<td>OM617.912<\/td>\n<td>77 bg (57 kW) @ 4000<br \/>\n1981: 83 bg (62 kW) @ 4200<\/td>\n<td>115 lb\u00b7ft (156 N\u00b7m) @ 2400<br \/>\n1981: 120 lb\u00b7ft (163 N\u00b7m) @ 2400<\/td>\n<\/tr>\n<tr>\n<td>300TD<\/td>\n<td>\u00a01979-1980<\/td>\n<td>OM617.912<\/td>\n<td>77 bg (57 kW) @ 4000<\/td>\n<td>115 lb\u00b7ft (156 N\u00b7m) @ 2400<\/td>\n<\/tr>\n<tr>\n<td>300TD Turbo<\/td>\n<td>\u00a01981-1985<\/td>\n<td>OM617.952<\/td>\n<td>125 bg (93 kW) @ 4350<\/td>\n<td>181 lb\u00b7ft (245 N\u00b7m) @ 2400<\/td>\n<\/tr>\n<tr>\n<td>300D<\/td>\n<td>\u00a01981-1985<\/td>\n<td>OM617.952<\/td>\n<td>125 bg (93 kW) @ 4350<\/td>\n<td>181 lb\u00b7ft (245 N\u00b7m) @ 2400<\/td>\n<\/tr>\n<tr>\n<td>300CD<\/td>\n<td>\u00a01981-1985<\/td>\n<td>OM617.952<\/td>\n<td>125 bg (93 kW) @ 4350<\/td>\n<td>181 lb\u00b7ft (245 N\u00b7m) @ 2400<\/td>\n<\/tr>\n<\/tbody>\n<\/table>\n<p><a href=\"http:\/\/www.benzclassic.net\/wp-content\/uploads\/2014\/02\/377582_512267575482483_897769466_n.jpg\"><img loading=\"lazy\" class=\"alignnone size-medium wp-image-529\" alt=\"377582_512267575482483_897769466_n\" src=\"http:\/\/www.benzclassic.net\/wp-content\/uploads\/2014\/02\/377582_512267575482483_897769466_n-300x177.jpg\" width=\"300\" height=\"177\" srcset=\"http:\/\/www.benzclassic.net\/wp-content\/uploads\/2014\/02\/377582_512267575482483_897769466_n-300x177.jpg 300w, http:\/\/www.benzclassic.net\/wp-content\/uploads\/2014\/02\/377582_512267575482483_897769466_n.jpg 960w\" sizes=\"(max-width: 300px) 100vw, 300px\" \/><\/a><a href=\"http:\/\/www.benzclassic.net\/wp-content\/uploads\/2014\/02\/1450346_641351712574068_1699120346_n.jpg\"><img loading=\"lazy\" class=\"alignnone size-medium wp-image-537\" alt=\"1450346_641351712574068_1699120346_n\" src=\"http:\/\/www.benzclassic.net\/wp-content\/uploads\/2014\/02\/1450346_641351712574068_1699120346_n-300x199.jpg\" width=\"300\" height=\"199\" srcset=\"http:\/\/www.benzclassic.net\/wp-content\/uploads\/2014\/02\/1450346_641351712574068_1699120346_n-300x199.jpg 300w, http:\/\/www.benzclassic.net\/wp-content\/uploads\/2014\/02\/1450346_641351712574068_1699120346_n.jpg 960w\" sizes=\"(max-width: 300px) 100vw, 300px\" \/><\/a><a href=\"http:\/\/www.benzclassic.net\/wp-content\/uploads\/2014\/02\/w123-wagon.jpg\"><img loading=\"lazy\" class=\"alignnone size-medium wp-image-547\" alt=\"w123 wagon\" src=\"http:\/\/www.benzclassic.net\/wp-content\/uploads\/2014\/02\/w123-wagon-300x260.jpg\" width=\"300\" height=\"260\" srcset=\"http:\/\/www.benzclassic.net\/wp-content\/uploads\/2014\/02\/w123-wagon-300x260.jpg 300w, http:\/\/www.benzclassic.net\/wp-content\/uploads\/2014\/02\/w123-wagon.jpg 500w\" sizes=\"(max-width: 300px) 100vw, 300px\" \/><\/a><\/p>\n","protected":false},"excerpt":{"rendered":"<p>Mercedes-Benz W123 \u00dcretim 1976-1985 2,696,915 Adet 4-kap\u0131: 2,397,514 Adet Coup\u00e9: 99,884 Adet Station: 199,517 Adet Montaj Sindelfingen,\u00a0Bat\u0131 AlmanyaStuttgart,\u00a0Bat\u0131 AlmanyaBremen,\u00a0Bat\u0131 Almanya Tasar\u0131mc\u0131 Bruno Sacco (Salon ve coupe: 1973, T-Modell: 1975) G\u00f6vde ve \u015fasi S\u0131n\u0131f Y\u00f6netici araba G\u00f6vde stili 4 kap\u0131\u00a0salon 2-kap\u0131\u00a0coup\u00e9 5 kap\u0131 Station 4 kap\u0131\u00a0sedan Powertrain Motoru 2.0 L\u00a0I4 2.0 L\u00a0I4\u00a0Dizel 2.2 L\u00a0I4\u00a0Dizel 2.3 lt\u00a0I4 &#8230; <span class=\"more\"><a class=\"more-link\" href=\"http:\/\/www.benzclassic.net\/?page_id=707\">[Read more&#8230;]<\/a><\/span><\/p>\n","protected":false},"author":1,"featured_media":0,"parent":673,"menu_order":14,"comment_status":"closed","ping_status":"closed","template":"","meta":[],"_links":{"self":[{"href":"http:\/\/www.benzclassic.net\/index.php?rest_route=\/wp\/v2\/pages\/707"}],"collection":[{"href":"http:\/\/www.benzclassic.net\/index.php?rest_route=\/wp\/v2\/pages"}],"about":[{"href":"http:\/\/www.benzclassic.net\/index.php?rest_route=\/wp\/v2\/types\/page"}],"author":[{"embeddable":true,"href":"http:\/\/www.benzclassic.net\/index.php?rest_route=\/wp\/v2\/users\/1"}],"replies":[{"embeddable":true,"href":"http:\/\/www.benzclassic.net\/index.php?rest_route=%2Fwp%2Fv2%2Fcomments&post=707"}],"version-history":[{"count":4,"href":"http:\/\/www.benzclassic.net\/index.php?rest_route=\/wp\/v2\/pages\/707\/revisions"}],"predecessor-version":[{"id":2019,"href":"http:\/\/www.benzclassic.net\/index.php?rest_route=\/wp\/v2\/pages\/707\/revisions\/2019"}],"up":[{"embeddable":true,"href":"http:\/\/www.benzclassic.net\/index.php?rest_route=\/wp\/v2\/pages\/673"}],"wp:attachment":[{"href":"http:\/\/www.benzclassic.net\/index.php?rest_route=%2Fwp%2Fv2%2Fmedia&parent=707"}],"curies":[{"name":"wp","href":"https:\/\/api.w.org\/{rel}","templated":true}]}}