{"id":704,"date":"2014-02-21T21:34:58","date_gmt":"2014-02-21T21:34:58","guid":{"rendered":"http:\/\/www.benzclassic.net\/?page_id=704"},"modified":"2016-06-24T06:56:47","modified_gmt":"2016-06-24T06:56:47","slug":"w120-w-121","status":"publish","type":"page","link":"http:\/\/www.benzclassic.net\/?page_id=704","title":{"rendered":"W120 \/ W 121"},"content":{"rendered":"<p>&nbsp;<\/p>\n<h1 lang=\"en\">Mercedes-Benz W120 \/ W121 \u201dPonton\u201c<\/h1>\n<table cellspacing=\"3\">\n<tbody>\n<tr>\n<th scope=\"row\">\u00dcretim<\/th>\n<td>1953-1962<br \/>\n442,963 Adet<\/td>\n<\/tr>\n<tr>\n<th scope=\"row\">Montaj<\/th>\n<td><a title=\"Bat\u0131 Almanya\" href=\"http:\/\/en.wikipedia.org\/wiki\/West_Germany\">Bat\u0131 Almanya<\/a><br \/>\n<a title=\"Avustralya\" href=\"http:\/\/en.wikipedia.org\/wiki\/Australia\">Avustralya<\/a>\u00a0(W121)\u00a0<sup id=\"cite_ref-1\"><a href=\"http:\/\/en.wikipedia.org\/wiki\/Mercedes-Benz_W120#cite_note-1\"><br \/>\n<\/a><\/sup><\/td>\n<\/tr>\n<tr>\n<th colspan=\"2\">G\u00f6vde ve \u015fasi<\/th>\n<\/tr>\n<tr>\n<th scope=\"row\"><a title=\"Ara\u00e7 s\u0131n\u0131fland\u0131rma\" href=\"http:\/\/en.wikipedia.org\/wiki\/Car_classification\">S\u0131n\u0131f<\/a><\/th>\n<td><a title=\"Kompakt otomobilden\" href=\"http:\/\/en.wikipedia.org\/wiki\/Compact_executive_car\">Kompakt otomobilden<\/a><\/td>\n<\/tr>\n<tr>\n<th scope=\"row\"><a title=\"Ara\u00e7 s\u0131n\u0131fland\u0131rma\" href=\"http:\/\/en.wikipedia.org\/wiki\/Car_classification\">G\u00f6vde stili<\/a><\/th>\n<td>4 kap\u0131\u00a0<a title=\"Sedan (araba)\" href=\"http:\/\/en.wikipedia.org\/wiki\/Sedan_(car)\">sedan<\/a><\/td>\n<\/tr>\n<tr>\n<th colspan=\"2\">Boyutlar<\/th>\n<\/tr>\n<tr>\n<th scope=\"row\"><a title=\"Dingil mesafesi\" href=\"http:\/\/en.wikipedia.org\/wiki\/Wheelbase\">Dingil mesafesi<\/a><\/th>\n<td>104.3 in (2649 mm)<\/td>\n<\/tr>\n<tr>\n<th scope=\"row\"><a title=\"Bo\u015f a\u011f\u0131rl\u0131\u011f\u0131\" href=\"http:\/\/en.wikipedia.org\/wiki\/Curb_weight\">Bo\u015f a\u011f\u0131rl\u0131\u011f\u0131<\/a><\/th>\n<td>2690 lb (1220 kg)<\/td>\n<\/tr>\n<\/tbody>\n<\/table>\n<h2>Modelleri[<a title=\"D\u00fczenle b\u00f6l\u00fcm\u00fc: Modelleri\" href=\"http:\/\/en.wikipedia.org\/w\/index.php?title=Mercedes-Benz_W120&amp;action=edit&amp;section=1\">d\u00fczenle<\/a>]<\/h2>\n<table>\n<tbody>\n<tr>\n<th>T\u00fcr\u00fc<\/th>\n<th>\u015ease kodu<\/th>\n<th>Y\u0131l<\/th>\n<th>Model<\/th>\n<th>Motoru<\/th>\n<th>\u00dcretim Adeti<\/th>\n<\/tr>\n<tr>\n<td rowspan=\"7\">W120 sedan<\/td>\n<td rowspan=\"4\">W120.010<\/td>\n<td>1953-1957<\/td>\n<td>180<\/td>\n<td>1.8 L\u00a0<i><a title=\"Mercedes-Benz M136 motoru (sayfa mevcut de\u011fil)\" href=\"http:\/\/en.wikipedia.org\/w\/index.php?title=Mercedes-Benz_M136_engine&amp;action=edit&amp;redlink=1\">M136<\/a><\/i>\u00a0<a title=\"S\u0131ral\u0131 d\u00f6rt motoru\" href=\"http:\/\/en.wikipedia.org\/wiki\/Inline-four_engine\">I4<\/a><\/td>\n<td>52,186<\/td>\n<\/tr>\n<tr>\n<td>1957-1959<\/td>\n<td>180a<\/td>\n<td rowspan=\"3\">1.9 L\u00a0<i><a title=\"Mercedes-Benz M121 motoru\" href=\"http:\/\/en.wikipedia.org\/wiki\/Mercedes-Benz_M121_engine\">M121<\/a><\/i>\u00a0<a title=\"D\u00fcz-4\" href=\"http:\/\/en.wikipedia.org\/wiki\/Straight-4\">I4<\/a><\/td>\n<td>27,353<\/td>\n<\/tr>\n<tr>\n<td>1959-1961<\/td>\n<td>180b<\/td>\n<td>29,415<\/td>\n<\/tr>\n<tr>\n<td>1961-1962<\/td>\n<td>180c<\/td>\n<td>9,280<\/td>\n<\/tr>\n<tr>\n<td rowspan=\"3\">W120.110<\/td>\n<td>1953-1959<\/td>\n<td>180D<\/td>\n<td rowspan=\"2\">1.8 L\u00a0<i><a title=\"Mercedes-Benz OM636\" href=\"http:\/\/en.wikipedia.org\/wiki\/Mercedes-Benz_OM636\">OM636<\/a><\/i>\u00a0<a title=\"Dizel motor\" href=\"http:\/\/en.wikipedia.org\/wiki\/Diesel_engine\">Dizel<\/a>\u00a0I4<\/td>\n<td>116,485<\/td>\n<\/tr>\n<tr>\n<td>1959-1961<\/td>\n<td>180Db<\/td>\n<td>24,676<\/td>\n<\/tr>\n<tr>\n<td>1961-1962<\/td>\n<td>180Dc<\/td>\n<td>1.8 L\u00a0<i><a title=\"Mercedes-Benz OM621 motoru (sayfa mevcut de\u011fil)\" href=\"http:\/\/en.wikipedia.org\/w\/index.php?title=Mercedes-Benz_OM621_engine&amp;action=edit&amp;redlink=1\">OM621<\/a><\/i>\u00a0<a title=\"Dizel motor\" href=\"http:\/\/en.wikipedia.org\/wiki\/Diesel_engine\">Dizel<\/a>\u00a0I4<\/td>\n<td>11,822<\/td>\n<\/tr>\n<tr>\n<td rowspan=\"4\">W121 sedan<\/td>\n<td rowspan=\"2\">W121.010<\/td>\n<td>1956-1959<\/td>\n<td>190<\/td>\n<td>1.9 L\u00a0<i><a title=\"Mercedes-Benz M121 (sayfa mevcut de\u011fil)\" href=\"http:\/\/en.wikipedia.org\/w\/index.php?title=Mercedes-Benz_M121&amp;action=edit&amp;redlink=1\">M121<\/a><\/i>\u00a0I4<\/td>\n<td>61,345<\/td>\n<\/tr>\n<tr>\n<td>1959-1961<\/td>\n<td>190b<\/td>\n<td>1.9 L\u00a0<i><a title=\"Mercedes-Benz M121 motoru\" href=\"http:\/\/en.wikipedia.org\/wiki\/Mercedes-Benz_M121_engine\">M121<\/a><\/i>\u00a0<a title=\"D\u00fcz-4\" href=\"http:\/\/en.wikipedia.org\/wiki\/Straight-4\">I4<\/a><\/td>\n<td>28,463<\/td>\n<\/tr>\n<tr>\n<td rowspan=\"2\">W121.110<\/td>\n<td>1958-1959<\/td>\n<td>190D<\/td>\n<td>1.9 L\u00a0<a title=\"Dizel motor\" href=\"http:\/\/en.wikipedia.org\/wiki\/Diesel_engine\">Dizel<\/a>\u00a0<a title=\"D\u00fcz-4\" href=\"http:\/\/en.wikipedia.org\/wiki\/Straight-4\">I4<\/a><\/td>\n<td>20,629<\/td>\n<\/tr>\n<tr>\n<td>1959-1961<\/td>\n<td>190Db<\/td>\n<td>1.9 L\u00a0<i><a title=\"Mercedes-Benz OM621 motoru (sayfa mevcut de\u011fil)\" href=\"http:\/\/en.wikipedia.org\/w\/index.php?title=Mercedes-Benz_OM621_engine&amp;action=edit&amp;redlink=1\">OM621<\/a><\/i>\u00a0<a title=\"Dizel motor\" href=\"http:\/\/en.wikipedia.org\/wiki\/Diesel_engine\">Dizel<\/a>\u00a0<a title=\"D\u00fcz-4\" href=\"http:\/\/en.wikipedia.org\/wiki\/Straight-4\">I4<\/a><\/td>\n<td>61,309<\/td>\n<\/tr>\n<tr>\n<td><\/td>\n<td><\/td>\n<td><\/td>\n<td><\/td>\n<td><\/td>\n<td>Notlar<\/td>\n<\/tr>\n<tr>\n<td rowspan=\"4\"><a title=\"Mercedes-Benz 190SL\" href=\"http:\/\/en.wikipedia.org\/wiki\/Mercedes-Benz_190SL\">R121 Roadster<\/a><\/td>\n<td rowspan=\"2\">121.040 hardtop<\/td>\n<td>1955-1961<\/td>\n<td rowspan=\"4\"><a title=\"Mercedes-Benz 190SL\" href=\"http:\/\/en.wikipedia.org\/wiki\/Mercedes-Benz_190SL\">190SL<\/a><\/td>\n<td rowspan=\"4\">1.9 L\u00a0<i><a title=\"Mercedes-Benz M121 motoru\" href=\"http:\/\/en.wikipedia.org\/wiki\/Mercedes-Benz_M121_engine\">M121<\/a><\/i>\u00a0<a title=\"D\u00fcz-4\" href=\"http:\/\/en.wikipedia.org\/wiki\/Straight-4\">I4<\/a><\/td>\n<td>921 motoru<\/td>\n<\/tr>\n<tr>\n<td>1962-1963<\/td>\n<td>928 motoru<\/td>\n<\/tr>\n<tr>\n<td rowspan=\"2\">121.042 yumu\u015fak top<\/td>\n<td>1955-1961<\/td>\n<td>921 motoru<\/td>\n<\/tr>\n<tr>\n<td>1962-1963<\/td>\n<td>928 motoru<\/td>\n<\/tr>\n<\/tbody>\n<\/table>\n<p><a href=\"http:\/\/www.benzclassic.net\/wp-content\/uploads\/2014\/02\/MERCEDESBENZS-Klasse-2175_9.jpg\"><img loading=\"lazy\" class=\"alignnone size-medium wp-image-593\" alt=\"MERCEDESBENZS-Klasse---2175_9\" src=\"http:\/\/www.benzclassic.net\/wp-content\/uploads\/2014\/02\/MERCEDESBENZS-Klasse-2175_9-300x176.jpg\" width=\"300\" height=\"176\" srcset=\"http:\/\/www.benzclassic.net\/wp-content\/uploads\/2014\/02\/MERCEDESBENZS-Klasse-2175_9-300x176.jpg 300w, http:\/\/www.benzclassic.net\/wp-content\/uploads\/2014\/02\/MERCEDESBENZS-Klasse-2175_9.jpg 800w\" sizes=\"(max-width: 300px) 100vw, 300px\" \/><\/a><a href=\"http:\/\/www.benzclassic.net\/wp-content\/uploads\/2014\/02\/24.jpg\"><img loading=\"lazy\" class=\"alignnone size-medium wp-image-559\" alt=\"2\" src=\"http:\/\/www.benzclassic.net\/wp-content\/uploads\/2014\/02\/24-300x226.jpg\" width=\"300\" height=\"226\" srcset=\"http:\/\/www.benzclassic.net\/wp-content\/uploads\/2014\/02\/24-300x226.jpg 300w, http:\/\/www.benzclassic.net\/wp-content\/uploads\/2014\/02\/24.jpg 800w\" sizes=\"(max-width: 300px) 100vw, 300px\" \/><\/a><a href=\"http:\/\/www.benzclassic.net\/wp-content\/uploads\/2014\/02\/62.jpg\"><img loading=\"lazy\" class=\"alignnone size-medium wp-image-563\" alt=\"6\" src=\"http:\/\/www.benzclassic.net\/wp-content\/uploads\/2014\/02\/62-300x211.jpg\" width=\"300\" height=\"211\" srcset=\"http:\/\/www.benzclassic.net\/wp-content\/uploads\/2014\/02\/62-300x211.jpg 300w, http:\/\/www.benzclassic.net\/wp-content\/uploads\/2014\/02\/62.jpg 680w\" sizes=\"(max-width: 300px) 100vw, 300px\" \/><\/a><\/p>\n","protected":false},"excerpt":{"rendered":"<p>&nbsp; Mercedes-Benz W120 \/ W121 \u201dPonton\u201c \u00dcretim 1953-1962 442,963 Adet Montaj Bat\u0131 Almanya Avustralya\u00a0(W121)\u00a0 G\u00f6vde ve \u015fasi S\u0131n\u0131f Kompakt otomobilden G\u00f6vde stili 4 kap\u0131\u00a0sedan Boyutlar Dingil mesafesi 104.3 in (2649 mm) Bo\u015f a\u011f\u0131rl\u0131\u011f\u0131 2690 lb (1220 kg) Modelleri[d\u00fczenle] T\u00fcr\u00fc \u015ease kodu Y\u0131l Model Motoru \u00dcretim Adeti W120 sedan W120.010 1953-1957 180 1.8 L\u00a0M136\u00a0I4 52,186 1957-1959 &#8230; <span class=\"more\"><a class=\"more-link\" href=\"http:\/\/www.benzclassic.net\/?page_id=704\">[Read more&#8230;]<\/a><\/span><\/p>\n","protected":false},"author":1,"featured_media":0,"parent":673,"menu_order":15,"comment_status":"open","ping_status":"open","template":"","meta":[],"_links":{"self":[{"href":"http:\/\/www.benzclassic.net\/index.php?rest_route=\/wp\/v2\/pages\/704"}],"collection":[{"href":"http:\/\/www.benzclassic.net\/index.php?rest_route=\/wp\/v2\/pages"}],"about":[{"href":"http:\/\/www.benzclassic.net\/index.php?rest_route=\/wp\/v2\/types\/page"}],"author":[{"embeddable":true,"href":"http:\/\/www.benzclassic.net\/index.php?rest_route=\/wp\/v2\/users\/1"}],"replies":[{"embeddable":true,"href":"http:\/\/www.benzclassic.net\/index.php?rest_route=%2Fwp%2Fv2%2Fcomments&post=704"}],"version-history":[{"count":3,"href":"http:\/\/www.benzclassic.net\/index.php?rest_route=\/wp\/v2\/pages\/704\/revisions"}],"predecessor-version":[{"id":2018,"href":"http:\/\/www.benzclassic.net\/index.php?rest_route=\/wp\/v2\/pages\/704\/revisions\/2018"}],"up":[{"embeddable":true,"href":"http:\/\/www.benzclassic.net\/index.php?rest_route=\/wp\/v2\/pages\/673"}],"wp:attachment":[{"href":"http:\/\/www.benzclassic.net\/index.php?rest_route=%2Fwp%2Fv2%2Fmedia&parent=704"}],"curies":[{"name":"wp","href":"https:\/\/api.w.org\/{rel}","templated":true}]}}