{"id":701,"date":"2014-02-21T21:28:53","date_gmt":"2014-02-21T21:28:53","guid":{"rendered":"http:\/\/www.benzclassic.net\/?page_id=701"},"modified":"2016-06-24T06:55:41","modified_gmt":"2016-06-24T06:55:41","slug":"w116","status":"publish","type":"page","link":"http:\/\/www.benzclassic.net\/?page_id=701","title":{"rendered":"W116"},"content":{"rendered":"<p>&nbsp;<\/p>\n<h1 id=\"firstHeading\" lang=\"en\">Mercedes-Benz W116<\/h1>\n<table cellspacing=\"3\">\n<tbody>\n<tr>\n<th scope=\"row\">\u00dcretim<\/th>\n<td>1972-1980<\/td>\n<\/tr>\n<tr>\n<th scope=\"row\">Montaj<\/th>\n<td><a title=\"Sindelfingen\" href=\"http:\/\/en.wikipedia.org\/wiki\/Sindelfingen\">Sindelfingen<\/a>, West Germany<br \/>\n<a title=\"Barcelona, Anzo\u00e1tegui\" href=\"http:\/\/en.wikipedia.org\/wiki\/Barcelona,_Anzo%C3%A1tegui\">Barcelona<\/a>, Venezuela (<a title=\"Tam y\u0131kmak\" href=\"http:\/\/en.wikipedia.org\/wiki\/Complete_knock_down\">CKD<\/a>)<\/td>\n<\/tr>\n<tr>\n<th scope=\"row\"><a title=\"Otomotiv tasar\u0131m\" href=\"http:\/\/en.wikipedia.org\/wiki\/Automotive_design\">Tasar\u0131mc\u0131<\/a><\/th>\n<td>Friedrich Geiger (1969, 1970)<sup id=\"cite_ref-w116.org_1-0\"><a href=\"http:\/\/en.wikipedia.org\/wiki\/Mercedes-Benz_W116#cite_note-w116.org-1\"><br \/>\n<\/a><\/sup><\/td>\n<\/tr>\n<tr>\n<th colspan=\"2\">G\u00f6vde ve \u015fasi<\/th>\n<\/tr>\n<tr>\n<th scope=\"row\"><a title=\"Ara\u00e7 s\u0131n\u0131fland\u0131rma\" href=\"http:\/\/en.wikipedia.org\/wiki\/Car_classification\">S\u0131n\u0131f<\/a><\/th>\n<td><a title=\"Tam boy\" href=\"http:\/\/en.wikipedia.org\/wiki\/Full-size\">Tam boy<\/a>\u00a0<a title=\"L\u00fcks araba\" href=\"http:\/\/en.wikipedia.org\/wiki\/Luxury_car\">l\u00fcks araba<\/a><\/td>\n<\/tr>\n<tr>\n<th scope=\"row\"><a title=\"Ara\u00e7 s\u0131n\u0131fland\u0131rma\" href=\"http:\/\/en.wikipedia.org\/wiki\/Car_classification\">G\u00f6vde stili<\/a><\/th>\n<td>4 kap\u0131\u00a0<a title=\"Sedan (araba)\" href=\"http:\/\/en.wikipedia.org\/wiki\/Sedan_(car)\">sedan<\/a><\/td>\n<\/tr>\n<tr>\n<th scope=\"row\"><a title=\"Otomobil d\u00fczeni\" href=\"http:\/\/en.wikipedia.org\/wiki\/Automobile_layout\">D\u00fczeni<\/a><\/th>\n<td><a title=\"FR d\u00fczeni\" href=\"http:\/\/en.wikipedia.org\/wiki\/FR_layout\">FR d\u00fczeni<\/a><\/td>\n<\/tr>\n<tr>\n<th scope=\"row\">\u0130lgili<\/th>\n<td><a title=\"Mercedes-Benz W114\" href=\"http:\/\/en.wikipedia.org\/wiki\/Mercedes-Benz_W114\">Mercedes-Benz W114<\/a><br \/>\n<a title=\"Mercedes-Benz R107\" href=\"http:\/\/en.wikipedia.org\/wiki\/Mercedes-Benz_R107\">Mercedes-Benz R107<\/a><br \/>\n<a title=\"Mercedes-Benz W123\" href=\"http:\/\/en.wikipedia.org\/wiki\/Mercedes-Benz_W123\">Mercedes-Benz W123<\/a><\/td>\n<\/tr>\n<tr>\n<th colspan=\"2\">Powertrain<\/th>\n<\/tr>\n<tr>\n<th scope=\"row\"><a title=\"Motoru\" href=\"http:\/\/en.wikipedia.org\/wiki\/Engine\">Motoru<\/a><\/th>\n<td>2.8L\u00a0<a title=\"D\u00fcz-6\" href=\"http:\/\/en.wikipedia.org\/wiki\/Straight-6\">\u01306<\/a><br \/>\n3.5L\u00a0<a title=\"V8 motoru\" href=\"http:\/\/en.wikipedia.org\/wiki\/V8_engine\">V8<\/a><br \/>\n4.5L V8<br \/>\n6.9L\u00a0<a title=\"V8 motoru\" href=\"http:\/\/en.wikipedia.org\/wiki\/V8_engine\">V8<\/a><br \/>\n3.0L\u00a0<a title=\"D\u00fcz-5\" href=\"http:\/\/en.wikipedia.org\/wiki\/Straight-5\">\u01305<\/a>\u00a0<a title=\"Turbo dizel\" href=\"http:\/\/en.wikipedia.org\/wiki\/Turbodiesel\">turbo dizel<\/a><\/td>\n<\/tr>\n<tr>\n<th scope=\"row\"><a title=\"\u0130letim (mekani\u011fi)\" href=\"http:\/\/en.wikipedia.org\/wiki\/Transmission_(mechanics)\">\u015eanz\u0131man<\/a><\/th>\n<td>3-h\u0131zl\u0131\u00a0<a title=\"Otomatik \u015fanz\u0131man\" href=\"http:\/\/en.wikipedia.org\/wiki\/Automatic_transmission\">otomatik<\/a><br \/>\n4 ileri otomatik<br \/>\n4-h\u0131z\u00a0<a title=\"\u015eanz\u0131man\" href=\"http:\/\/en.wikipedia.org\/wiki\/Manual_transmission\">manuel<\/a><br \/>\n5 ileri manuel<\/td>\n<\/tr>\n<tr>\n<th colspan=\"2\">Boyutlar<\/th>\n<\/tr>\n<tr>\n<th scope=\"row\"><a title=\"Dingil mesafesi\" href=\"http:\/\/en.wikipedia.org\/wiki\/Wheelbase\">Dingil mesafesi<\/a><\/th>\n<td>2,865 mm (art\u0131\u015fla 112.8)<br \/>\nSEL: 2,965 mm (116.7)<\/td>\n<\/tr>\n<tr>\n<th scope=\"row\">Uzunluk<\/th>\n<td>4,960 mm (195)<br \/>\n5,060 mm (199)<\/td>\n<\/tr>\n<tr>\n<th scope=\"row\">Geni\u015flik<\/th>\n<td>1,870 mm (74)<\/td>\n<\/tr>\n<tr>\n<th scope=\"row\">Y\u00fckseklik<\/th>\n<td>1,410 mm (56) &amp; 1,430 mm (56)<\/td>\n<\/tr>\n<\/tbody>\n<\/table>\n<p>&nbsp;<\/p>\n<table>\n<tbody>\n<tr>\n<th>\u015ease kodu<\/th>\n<th>Model Y\u0131l<\/th>\n<th>Model<\/th>\n<th>Motoru<\/th>\n<th>\u00dcretim Adeti<\/th>\n<\/tr>\n<tr>\n<td>W116.020<\/td>\n<td>1973-1980<\/td>\n<td>280 S sedan<\/td>\n<td>2.8 L\u00a0<i><a title=\"Mercedes-Benz M110 motoru\" href=\"http:\/\/en.wikipedia.org\/wiki\/Mercedes-Benz_M110_engine\">M110<\/a><\/i>\u00a0<a title=\"D\u00fcz-6\" href=\"http:\/\/en.wikipedia.org\/wiki\/Straight-6\">\u01306<\/a><\/td>\n<td>122,848<\/td>\n<\/tr>\n<tr>\n<td>W116.024<\/td>\n<td>1973-1980<\/td>\n<td>280 SE sedan<\/td>\n<td>2.8 L\u00a0<i><a title=\"Mercedes-Benz M110 motoru\" href=\"http:\/\/en.wikipedia.org\/wiki\/Mercedes-Benz_M110_engine\">M110<\/a><\/i>\u00a0<a title=\"D\u00fcz-6\" href=\"http:\/\/en.wikipedia.org\/wiki\/Straight-6\">\u01306<\/a><\/td>\n<td>150,593<\/td>\n<\/tr>\n<tr>\n<td>W116.025<\/td>\n<td>1974-1980<\/td>\n<td>280 SEL sedan<\/td>\n<td>2.8 L\u00a0<i><a title=\"Mercedes-Benz M110 motoru\" href=\"http:\/\/en.wikipedia.org\/wiki\/Mercedes-Benz_M110_engine\">M110<\/a><\/i>\u00a0<a title=\"D\u00fcz-6\" href=\"http:\/\/en.wikipedia.org\/wiki\/Straight-6\">\u01306<\/a><\/td>\n<td>7,032<\/td>\n<\/tr>\n<tr>\n<td>W116.028<\/td>\n<td>1973-1980<\/td>\n<td>350 SE sedan<\/td>\n<td>3.5 L\u00a0<i><a title=\"Mercedes-Benz M116 motoru\" href=\"http:\/\/en.wikipedia.org\/wiki\/Mercedes-Benz_M116_engine\">M116<\/a><\/i>\u00a0<a title=\"V8 motoru\" href=\"http:\/\/en.wikipedia.org\/wiki\/V8_engine\">V8<\/a><\/td>\n<td>51,100<\/td>\n<\/tr>\n<tr>\n<td>W116.029<\/td>\n<td>1973-1980<\/td>\n<td>350 SEL sedan<\/td>\n<td>3.5 L\u00a0<i><a title=\"Mercedes-Benz M116 motoru\" href=\"http:\/\/en.wikipedia.org\/wiki\/Mercedes-Benz_M116_engine\">M116<\/a><\/i>\u00a0<a title=\"V8 motoru\" href=\"http:\/\/en.wikipedia.org\/wiki\/V8_engine\">V8<\/a><\/td>\n<td>4,266<\/td>\n<\/tr>\n<tr>\n<td>W116.032<\/td>\n<td>1973-1980<\/td>\n<td>450 SE sedan<\/td>\n<td>4.5 L\u00a0<i><a title=\"Mercedes-Benz M117 motoru\" href=\"http:\/\/en.wikipedia.org\/wiki\/Mercedes-Benz_M117_engine\">M117<\/a><\/i>\u00a0<a title=\"V8 motoru\" href=\"http:\/\/en.wikipedia.org\/wiki\/V8_engine\">V8<\/a><\/td>\n<td>41,604<\/td>\n<\/tr>\n<tr>\n<td>W116.033<\/td>\n<td>1973-1980<\/td>\n<td>450 SEL sedan<\/td>\n<td>4.5 L\u00a0<i><a title=\"Mercedes-Benz M117 motoru\" href=\"http:\/\/en.wikipedia.org\/wiki\/Mercedes-Benz_M117_engine\">M117<\/a><\/i>\u00a0<a title=\"V8 motoru\" href=\"http:\/\/en.wikipedia.org\/wiki\/V8_engine\">V8<\/a><\/td>\n<td>59,578<\/td>\n<\/tr>\n<tr>\n<td>W116.036<\/td>\n<td>1975-1980<\/td>\n<td><a title=\"Mercedes-Benz 450SEL 6.9\" href=\"http:\/\/en.wikipedia.org\/wiki\/Mercedes-Benz_450SEL_6.9\">450 SEL 6.9<\/a><\/td>\n<td>6.9 L\u00a0<i><a title=\"Mercedes-Benz M100 motoru\" href=\"http:\/\/en.wikipedia.org\/wiki\/Mercedes-Benz_M100_engine\">M100<\/a><\/i>\u00a0<a title=\"V8 motoru\" href=\"http:\/\/en.wikipedia.org\/wiki\/V8_engine\">V8<\/a><\/td>\n<td>7,380<\/td>\n<\/tr>\n<tr>\n<td>W116.120<\/td>\n<td>1978-1980<\/td>\n<td>300 SD sedan<\/td>\n<td>3.0 L\u00a0<a title=\"Mercedes-Benz OM617 motoru\" href=\"http:\/\/en.wikipedia.org\/wiki\/Mercedes-Benz_OM617_engine\">OM617<\/a>\u00a0<a title=\"D\u00fcz-5\" href=\"http:\/\/en.wikipedia.org\/wiki\/Straight-5\">\u01305<\/a>\u00a0<a title=\"Turbo dizel\" href=\"http:\/\/en.wikipedia.org\/wiki\/Turbodiesel\">turbo dizel<\/a><br \/>\n(<a title=\"ABD\" href=\"http:\/\/en.wikipedia.org\/wiki\/USA\">ABD<\/a>\u00a0ve\u00a0<a title=\"Kanada\" href=\"http:\/\/en.wikipedia.org\/wiki\/Canada\">Kanada<\/a>\u00a0sadece)<\/td>\n<td>28,63<\/td>\n<\/tr>\n<\/tbody>\n<\/table>\n<p>&nbsp;<\/p>\n<h3>Teknik veriler<\/h3>\n<p>&nbsp;<\/p>\n<div>\n<table>\n<tbody>\n<tr>\n<th>Mercedes-Benz<\/th>\n<th>280 S<br \/>\n(W116 V28)<\/th>\n<th>280 SE<br \/>\n(W116 E28)<\/th>\n<th>350 SE<br \/>\n(W116 E35)<\/th>\n<th>450 SE<br \/>\n(W116 E45)<\/th>\n<th>450 SEL 6.9<br \/>\n(W116 E69)<\/th>\n<th>300 SD<br \/>\n(W116 D30A)<\/th>\n<\/tr>\n<tr>\n<td>\u00dcretilen:<\/td>\n<td>1972-1980<\/td>\n<td>SE: 1972 &#8211; 1980<br \/>\nSEL: 1974 &#8211; 1980<\/td>\n<td>SE: 1972 &#8211; 1980<br \/>\nSEL: 1973 &#8211; 1980<\/td>\n<td>1972-1980<\/td>\n<td>1975-1980<\/td>\n<td>1977-1980<\/td>\n<\/tr>\n<tr>\n<td>Motor:<\/td>\n<td colspan=\"2\"><a title=\"Alt\u0131 silindirli motor\" href=\"http:\/\/en.wikipedia.org\/wiki\/Straight-six_engine\">6-silindir-inline motoru<\/a>\u00a0(<a title=\"D\u00f6rt zamanl\u0131\" href=\"http:\/\/en.wikipedia.org\/wiki\/Four-stroke\">d\u00f6rt zamanl\u0131<\/a>), \u00f6n montajl\u0131<\/td>\n<td colspan=\"3\">90\u00b0\u00a0<a title=\"V8 motoru\" href=\"http:\/\/en.wikipedia.org\/wiki\/V8_engine\">8-silindir-V motoru<\/a>\u00a0(<a title=\"D\u00f6rt zamanl\u0131\" href=\"http:\/\/en.wikipedia.org\/wiki\/Four-stroke\">d\u00f6rt zamanl\u0131<\/a>), \u00f6n montajl\u0131<\/td>\n<td><a title=\"D\u00fcz-5\" href=\"http:\/\/en.wikipedia.org\/wiki\/Straight-5\">5-silindir-inline motoru<\/a>(<a title=\"D\u00f6rt zamanl\u0131\" href=\"http:\/\/en.wikipedia.org\/wiki\/Four-stroke\">d\u00f6rt zamanl\u0131<\/a>), \u00f6n montajl\u0131<\/td>\n<\/tr>\n<tr>\n<td>\u00c7ap x Strok:<\/td>\n<td colspan=\"2\">86 mm mm x 78.8<\/td>\n<td>92 mm x 65.8 mm<\/td>\n<td>92 mm x 85 mm<\/td>\n<td>107 mm x 95 mm<\/td>\n<td>90.9 mm mm x 92,4<\/td>\n<\/tr>\n<tr>\n<td>Deplasman:<\/td>\n<td colspan=\"2\">2746 cc<\/td>\n<td>3499 cc<\/td>\n<td>4517 cc<\/td>\n<td>6834 cc<\/td>\n<td>3005 cc \u00f6nce 1979, 2998 cc sonra 1979<\/td>\n<\/tr>\n<tr>\n<td>Max. G\u00fcc\u00fc @ rpm:<\/td>\n<td>160 PS (120 kW \/ 160 hp) @ 5500<br \/>\nABD: 120 bg (89 kW 122 PS) @ 4800<\/td>\n<td>185 PS (136 kW; 182 hp) @ 6000<br \/>\nABD: 142 bg (106 kW; 144 PS) @ 5750<\/td>\n<td>200 PS (150 kW; 200 hp) @ 5800<\/td>\n<td>225 PS (165 kW; 222 hp) @ 5000<br \/>\nABD: 193 PS (142 kW; 190 hp) @ 4750<\/td>\n<td>286 PS (210 kW; 282 hp) @ 4250<br \/>\n250 bg (186 kW; 253 PS) @ 4000<\/td>\n<td>1979: 110 bg (82 kW; 112 PS) @ 4200<br \/>\n1980: 120 bg (89 kW 122 PS) @ 4350<\/td>\n<\/tr>\n<tr>\n<td>Max. Tork @ rpm:<\/td>\n<td>225 N\u00b7m (166 lb\u00b7ft) @ 4000<br \/>\nABD: 143 ft\u00b7lbf (194 N\u00b7m)<\/td>\n<td>238 N\u00b7m (176 lb\u00b7ft) @ 4500<br \/>\nABD: 149 ft\u00b7lbf (202 N\u00b7m)<\/td>\n<td>286 N\u00b7m (211 lb\u00b7ft) @ 4000<\/td>\n<td>377 N\u00b7m (278 lb\u00b7ft) @ 3000<br \/>\nABD: 240 ft\u00b7lbf (325 N\u00b7m)<\/td>\n<td>550 N\u00b7m (410 lb\u00b7ft) @ 3000<br \/>\nABD: 360 ft\u00b7lbf (488 N\u00b7m)<\/td>\n<td>1979: 168 ft\u00b7lbf (228 N\u00b7m) @ 2400<br \/>\n1980: 170 ft\u00b7lbf (230 N\u00b7m) @ 2400<\/td>\n<\/tr>\n<tr>\n<td>S\u0131k\u0131\u015ft\u0131rma Oran\u0131:<\/td>\n<td>9.0: 1<\/td>\n<td>9.0: 1<\/td>\n<td>9.5: 1<\/td>\n<td>8.8: 1<\/td>\n<td>8.8: 1<\/td>\n<td>21.5: 1<\/td>\n<\/tr>\n<tr>\n<td>Yak\u0131t besleme:<\/td>\n<td>Bir 2-bbl Solex 4A1<\/td>\n<td colspan=\"3\">Bosch D-Jetronic, temmuz 1975 K-Jetronic<\/td>\n<td>Bosch K-Jetronic<\/td>\n<td>Bosch enjeksiyon pompas\u0131<br \/>\nGarrett t\u00fcrbini<\/td>\n<\/tr>\n<tr>\n<td>Yak\u0131t tank kapasitesi:<\/td>\n<td colspan=\"5\">96 L (25.4 US galon; 21.1 \u0131mp gal)<\/td>\n<td>82 L (21.7 US galon; 18.0 \u0131mp gal)<\/td>\n<\/tr>\n<tr>\n<td>Valvetrain:<\/td>\n<td colspan=\"2\"><a title=\"DOHC\" href=\"http:\/\/en.wikipedia.org\/wiki\/DOHC\">DOHC<\/a>, zincir dubleks<\/td>\n<td colspan=\"4\"><a title=\"SOHC\" href=\"http:\/\/en.wikipedia.org\/wiki\/SOHC\">SOHC<\/a>, zincir dubleks<\/td>\n<\/tr>\n<tr>\n<td>So\u011futma:<\/td>\n<td colspan=\"6\">Su<\/td>\n<\/tr>\n<tr>\n<td>\u015eanz\u0131man:<\/td>\n<td colspan=\"3\">4-h\u0131z\u00a0<a title=\"\u015eanz\u0131man\" href=\"http:\/\/en.wikipedia.org\/wiki\/Manual_transmission\">manuel<\/a>\u00a0veya 3-h\u0131z\u0131\u00a0<a title=\"Otomatik \u015fanz\u0131man\" href=\"http:\/\/en.wikipedia.org\/wiki\/Automatic_transmission\">otomatik<\/a>\u00a0(4 vitesli otomatik \u00fczerindeki 6cyl 280)<br \/>\narkadan \u00e7eki\u015fli, standart aks oran\u0131 3.92:1 veya 3.69:1 (V8: 3.46:1 &amp; 3.07:1)<\/td>\n<td>3-ileri otomatik<br \/>\narkadan \u00e7eki\u015fli, standart aks oran\u0131 3.07:1<\/td>\n<td>3-ileri otomatik<br \/>\narkadan \u00e7eki\u015fli, standart aks oran\u0131 2.65:1<\/td>\n<td>4 ileri otomatik<br \/>\narkadan \u00e7eki\u015fli, standart aks oran\u0131 3.07:1<\/td>\n<\/tr>\n<tr>\n<td>Elektrik sistemi:<\/td>\n<td colspan=\"6\">12 volt<\/td>\n<\/tr>\n<tr>\n<td>\u00d6n s\u00fcspansiyon:<\/td>\n<td colspan=\"6\">\u00c7ift lades kemi\u011fi bobin ve ek kau\u00e7uk yaylar, bar dengelenmekte<br \/>\n6.9: \u00c7ift lades kemi\u011fi hidropn\u00f6matik s\u00f6n\u00fcmleme, stabilize torsiyon \u00e7ubu\u011fu<\/td>\n<\/tr>\n<tr>\n<td>Arka s\u00fcspansiyon::<\/td>\n<td colspan=\"6\">Diyagonal aks sal\u0131ncak, firar kol, helezon yaylar, stabilize torsiyon \u00e7ubu\u011fu<br \/>\n6.9: Diyagonal aks sal\u0131ncak, hidropn\u00f6matik s\u00f6n\u00fcmleme, stabilize torsiyon \u00e7ubu\u011fu<\/td>\n<\/tr>\n<tr>\n<td>Frenler:<\/td>\n<td colspan=\"6\">Disk frenler (278 mm \u00d8 \u00f6n, 279 mm arka), g\u00fc\u00e7 yard\u0131ml\u0131, gelen talep \u00fczerine 1979\u00a0<a title=\"Anti-blokaj Fren Sistemi\" href=\"http:\/\/en.wikipedia.org\/wiki\/Anti-lock_Braking_System\">ABS<\/a><\/td>\n<\/tr>\n<tr>\n<td>Direksiyon:<\/td>\n<td colspan=\"6\">Bilyal\u0131 direksiyon, manuel veya servo destekli<\/td>\n<\/tr>\n<tr>\n<td>V\u00fccut yap\u0131:<\/td>\n<td colspan=\"6\">Sac, monokok (yekpare) in\u015faat<\/td>\n<\/tr>\n<tr>\n<td><\/td>\n<td colspan=\"6\"><\/td>\n<\/tr>\n<tr>\n<td><\/td>\n<td colspan=\"6\"><\/td>\n<\/tr>\n<tr>\n<td>Kuru a\u011f\u0131rl\u0131k:<\/td>\n<td>1,660 kg (3,660 lb)<br \/>\nABD: 3,770 lb (1,710 kg)<\/td>\n<td>1,665 kg (3,671 lb)<br \/>\nSEL: 1,700 kg (3,700 lb)<br \/>\nABD: 3,750 lb (1,700 kg)<\/td>\n<td>1725 yapt\u0131 kg (3,803 lb)<br \/>\nSEL: 1,760 kg (3,880 lb)<\/td>\n<td>1,790 kg (3,950 lb)<br \/>\nSEL: 1,825 kg (4,023 lb)<br \/>\nABD: 3,843 lb (1,743 kg)<\/td>\n<td>1,985 kg (4,376 lb)<br \/>\nABD: 4,285 lb (1,944 kg)<\/td>\n<td>1,815 kg (4,001 lb)<\/td>\n<\/tr>\n<tr>\n<td>Y\u00fckl\u00fc a\u011f\u0131rl\u0131\u011f\u0131:<\/td>\n<td>2,130 kg (4,700 lb)<\/td>\n<td>2,130 kg (4,700 lb)<br \/>\nSEL: 2,165 kg (4,773 lb)<\/td>\n<td>2,195 kg (4,839 lb)<br \/>\nSEL: 2,220 kg (4,890 lb)<\/td>\n<td>2,250 kg (4,960 lb)<br \/>\nSEL: 2,285 kg (5,038 lb)<\/td>\n<td>2,420 kg (5,340 lb)<\/td>\n<td>2,215 kg (4,883 lb)<\/td>\n<\/tr>\n<tr>\n<td><\/td>\n<td colspan=\"6\"><\/td>\n<\/tr>\n<tr>\n<td>\u0130z \u00f6n\/<br \/>\narka:<\/td>\n<td colspan=\"6\">1,521 mm (59.9 in) \/ 1,505 mm (59.3)<\/td>\n<\/tr>\n<tr>\n<td>Dingil a\u00e7\u0131kl\u0131\u011f\u0131:<\/td>\n<td colspan=\"6\">S\/SE: 2,865 mm (art\u0131\u015fla 112.8)<br \/>\nSEL: 2,965 mm (116.7)<\/td>\n<\/tr>\n<tr>\n<td><\/td>\n<td colspan=\"6\"><\/td>\n<\/tr>\n<tr>\n<td>Uzunluk:<\/td>\n<td colspan=\"6\">4,960 mm (195)<br \/>\n5,060 mm (199)<\/td>\n<\/tr>\n<tr>\n<td>Geni\u015flik:<\/td>\n<td colspan=\"6\">1,870 mm (74)<\/td>\n<\/tr>\n<tr>\n<td>Y\u00fckseklik:<\/td>\n<td colspan=\"6\">1,410 mm (56) &#8211; 1,430 mm (56)<\/td>\n<\/tr>\n<tr>\n<td><\/td>\n<td colspan=\"6\"><\/td>\n<\/tr>\n<tr>\n<td><\/td>\n<td colspan=\"6\"><\/td>\n<\/tr>\n<tr>\n<td>Lastik\/Lastik boyutlar\u0131:<\/td>\n<td colspan=\"2\">185 HR 14<\/td>\n<td colspan=\"2\">205\/70 HR 14<\/td>\n<td>215\/70 HR 14<\/td>\n<td>185 HR 14<\/td>\n<\/tr>\n<tr>\n<td><\/td>\n<td colspan=\"6\"><\/td>\n<\/tr>\n<tr>\n<td>H\u0131zlanma (0-100 km\/h:<\/td>\n<td>11.5s<\/td>\n<td>10.5s<\/td>\n<td>9.5s (10.0s SEL)<\/td>\n<td>9.3s (9.9s SEL)<\/td>\n<td>7.4s<\/td>\n<td>17.0s 16.2s (10.1979)<\/td>\n<\/tr>\n<tr>\n<td>En \u00fcst h\u0131z:<\/td>\n<td>190 km\/h (120 mph)<\/td>\n<td>200 km\/h (120 mph)<\/td>\n<td>205 km\/h (127 mph)<\/td>\n<td>210 km\/h (130 mph)<\/td>\n<td>225 km\/h (140 mph)<\/td>\n<td>165 km\/h (103 mph)<\/td>\n<\/tr>\n<tr>\n<td>Yak\u0131t T\u00fcketimi (klavuzu DIN 70030: belirlenmi\u015ftir 3\/4 \u00fcst h\u0131z (en fazla 110 km\/h), art\u0131 10%):<\/td>\n<td colspan=\"2\">12.5 litre \/ 100 km (22.6 mpg<sub><small>-\u0131mp<\/small><\/sub>; 18.8 mpg<sub><small>-ABD<\/small><\/sub>)<\/td>\n<td>13.0 litre \/ 100 km (21.7 mpg<sub><small>-\u0131mp<\/small><\/sub>; 18.1 mpg<sub><small>-ABD<\/small><\/sub>)<\/td>\n<td>14.5 litre \/ 100 km (19.5 mpg<sub><small>-\u0131mp<\/small><\/sub>; 16.2 mpg<sub><small>-ABD<\/small><\/sub>)<\/td>\n<td>16.0 litre \/ 100 km (17.7 mpg<sub><small>-\u0131mp<\/small><\/sub>; 14.7 mpg<sub><small>-ABD<\/small><\/sub>)<\/td>\n<td>10.6 litre \/ 100 km (27 mpg<sub><small>-\u0131mp<\/small><\/sub>; 22 mpg<sub><small>-ABD<\/small><\/sub><\/td>\n<\/tr>\n<\/tbody>\n<\/table>\n<\/div>\n<p><b>\u00a0<\/b><\/p>\n<p><b><a href=\"http:\/\/www.benzclassic.net\/wp-content\/uploads\/2014\/02\/1378811_563803047019377_1691598593_n.jpg\"><img loading=\"lazy\" class=\"alignnone size-medium wp-image-497\" alt=\"1378811_563803047019377_1691598593_n\" src=\"http:\/\/www.benzclassic.net\/wp-content\/uploads\/2014\/02\/1378811_563803047019377_1691598593_n-300x216.jpg\" width=\"300\" height=\"216\" srcset=\"http:\/\/www.benzclassic.net\/wp-content\/uploads\/2014\/02\/1378811_563803047019377_1691598593_n-300x216.jpg 300w, http:\/\/www.benzclassic.net\/wp-content\/uploads\/2014\/02\/1378811_563803047019377_1691598593_n.jpg 960w\" sizes=\"(max-width: 300px) 100vw, 300px\" \/><\/a><a href=\"http:\/\/www.benzclassic.net\/wp-content\/uploads\/2014\/02\/22.jpg\"><img loading=\"lazy\" class=\"alignnone size-medium wp-image-489\" alt=\"22\" src=\"http:\/\/www.benzclassic.net\/wp-content\/uploads\/2014\/02\/22-300x224.jpg\" width=\"300\" height=\"224\" srcset=\"http:\/\/www.benzclassic.net\/wp-content\/uploads\/2014\/02\/22-300x224.jpg 300w, http:\/\/www.benzclassic.net\/wp-content\/uploads\/2014\/02\/22.jpg 823w\" sizes=\"(max-width: 300px) 100vw, 300px\" \/><\/a><a href=\"http:\/\/www.benzclassic.net\/wp-content\/uploads\/2014\/02\/564095_10151937764366670_767769842_n.jpg\"><img loading=\"lazy\" class=\"alignnone size-medium wp-image-496\" alt=\"564095_10151937764366670_767769842_n\" src=\"http:\/\/www.benzclassic.net\/wp-content\/uploads\/2014\/02\/564095_10151937764366670_767769842_n-300x200.jpg\" width=\"300\" height=\"200\" srcset=\"http:\/\/www.benzclassic.net\/wp-content\/uploads\/2014\/02\/564095_10151937764366670_767769842_n-300x200.jpg 300w, http:\/\/www.benzclassic.net\/wp-content\/uploads\/2014\/02\/564095_10151937764366670_767769842_n.jpg 960w\" sizes=\"(max-width: 300px) 100vw, 300px\" \/><\/a><\/b><\/p>\n","protected":false},"excerpt":{"rendered":"<p>&nbsp; Mercedes-Benz W116 \u00dcretim 1972-1980 Montaj Sindelfingen, West Germany Barcelona, Venezuela (CKD) Tasar\u0131mc\u0131 Friedrich Geiger (1969, 1970) G\u00f6vde ve \u015fasi S\u0131n\u0131f Tam boy\u00a0l\u00fcks araba G\u00f6vde stili 4 kap\u0131\u00a0sedan D\u00fczeni FR d\u00fczeni \u0130lgili Mercedes-Benz W114 Mercedes-Benz R107 Mercedes-Benz W123 Powertrain Motoru 2.8L\u00a0\u01306 3.5L\u00a0V8 4.5L V8 6.9L\u00a0V8 3.0L\u00a0\u01305\u00a0turbo dizel \u015eanz\u0131man 3-h\u0131zl\u0131\u00a0otomatik 4 ileri otomatik 4-h\u0131z\u00a0manuel 5 ileri &#8230; <span class=\"more\"><a class=\"more-link\" href=\"http:\/\/www.benzclassic.net\/?page_id=701\">[Read more&#8230;]<\/a><\/span><\/p>\n","protected":false},"author":1,"featured_media":0,"parent":673,"menu_order":14,"comment_status":"closed","ping_status":"closed","template":"","meta":[],"_links":{"self":[{"href":"http:\/\/www.benzclassic.net\/index.php?rest_route=\/wp\/v2\/pages\/701"}],"collection":[{"href":"http:\/\/www.benzclassic.net\/index.php?rest_route=\/wp\/v2\/pages"}],"about":[{"href":"http:\/\/www.benzclassic.net\/index.php?rest_route=\/wp\/v2\/types\/page"}],"author":[{"embeddable":true,"href":"http:\/\/www.benzclassic.net\/index.php?rest_route=\/wp\/v2\/users\/1"}],"replies":[{"embeddable":true,"href":"http:\/\/www.benzclassic.net\/index.php?rest_route=%2Fwp%2Fv2%2Fcomments&post=701"}],"version-history":[{"count":2,"href":"http:\/\/www.benzclassic.net\/index.php?rest_route=\/wp\/v2\/pages\/701\/revisions"}],"predecessor-version":[{"id":703,"href":"http:\/\/www.benzclassic.net\/index.php?rest_route=\/wp\/v2\/pages\/701\/revisions\/703"}],"up":[{"embeddable":true,"href":"http:\/\/www.benzclassic.net\/index.php?rest_route=\/wp\/v2\/pages\/673"}],"wp:attachment":[{"href":"http:\/\/www.benzclassic.net\/index.php?rest_route=%2Fwp%2Fv2%2Fmedia&parent=701"}],"curies":[{"name":"wp","href":"https:\/\/api.w.org\/{rel}","templated":true}]}}