{"id":685,"date":"2014-02-21T16:27:46","date_gmt":"2014-02-21T16:27:46","guid":{"rendered":"http:\/\/www.benzclassic.net\/?page_id=685"},"modified":"2019-12-13T07:14:44","modified_gmt":"2019-12-13T07:14:44","slug":"w107","status":"publish","type":"page","link":"http:\/\/www.benzclassic.net\/?page_id=685","title":{"rendered":"W107"},"content":{"rendered":"<h1 id=\"firstHeading\" lang=\"en\">Mercedes-Benz W107<\/h1>\n<table cellspacing=\"3\">\n<tbody>\n<tr>\n<th scope=\"row\">\u00dcretim<\/th>\n<td>SL: 1971-1989<br \/>\nSLC: 1971-1981<br \/>\n<span style=\"line-height: 1.5em;\">300,175 Adet<\/span><br \/>\nSL: 237,287<br \/>\nSLC: 62,888<\/td>\n<\/tr>\n<tr>\n<th scope=\"row\"><a title=\"Model y\u0131l\u0131\" href=\"http:\/\/en.wikipedia.org\/wiki\/Model_year\">Model y\u0131l<\/a><\/th>\n<td>SL: 1972-1989<br \/>\nSLC: 1972-1981<\/td>\n<\/tr>\n<tr>\n<th scope=\"row\">Montaj<\/th>\n<td><a title=\"Sindelfingen\" href=\"http:\/\/en.wikipedia.org\/wiki\/Sindelfingen\">Sindelfingen<\/a>,\u00a0<a title=\"Bat\u0131 Almanya\" href=\"http:\/\/en.wikipedia.org\/wiki\/West_Germany\">Bat\u0131 Almanya<\/a><br \/>\n<a title=\"East London\" href=\"http:\/\/en.wikipedia.org\/wiki\/East_London\">East London<\/a>,\u00a0<a title=\"G\u00fcney Afrika\" href=\"http:\/\/en.wikipedia.org\/wiki\/South_Africa\">G\u00fcney Afrika<\/a>\u00a0(<a title=\"Tam y\u0131kmak\" href=\"http:\/\/en.wikipedia.org\/wiki\/Complete_knock_down\">CKD<\/a>)<\/td>\n<\/tr>\n<tr>\n<th scope=\"row\"><a title=\"Otomotiv tasar\u0131m\" href=\"http:\/\/en.wikipedia.org\/wiki\/Automotive_design\">Tasar\u0131mc\u0131<\/a><\/th>\n<td>Joseph Gallitzend\u00f6rfer; Friedrich Geiger (1968)<\/td>\n<\/tr>\n<tr>\n<th colspan=\"2\">G\u00f6vde ve \u015fasi<\/th>\n<\/tr>\n<tr>\n<th scope=\"row\"><a title=\"Ara\u00e7 s\u0131n\u0131fland\u0131rma\" href=\"http:\/\/en.wikipedia.org\/wiki\/Car_classification\">G\u00f6vde stili<\/a><\/th>\n<td>2-kap\u0131\u00a0<a title=\"Roadster (otomobil)\" href=\"http:\/\/en.wikipedia.org\/wiki\/Roadster_(automobile)\">roadster<\/a><br \/>\n2-kap\u0131\u00a0<a title=\"Coupe\" href=\"http:\/\/en.wikipedia.org\/wiki\/Coupe\">coupe<\/a><\/td>\n<\/tr>\n<tr>\n<th scope=\"row\"><a title=\"Otomobil d\u00fczeni\" href=\"http:\/\/en.wikipedia.org\/wiki\/Automobile_layout\">D\u00fczeni<\/a><\/th>\n<td><a title=\"FR d\u00fczeni\" href=\"http:\/\/en.wikipedia.org\/wiki\/FR_layout\">FR d\u00fczeni<\/a><\/td>\n<\/tr>\n<tr>\n<th colspan=\"2\">Powertrain<\/th>\n<\/tr>\n<tr>\n<th scope=\"row\"><a title=\"Motoru\" href=\"http:\/\/en.wikipedia.org\/wiki\/Engine\">Motoru<\/a><\/th>\n<td><b><a title=\"Alt\u0131 silindirli motor\" href=\"http:\/\/en.wikipedia.org\/wiki\/Straight-six_engine\">\u01306<\/a><\/b><br \/>\n2, 8L (SL, SLC)<br \/>\n3.0L (SL)<br \/>\n<b><a title=\"V8 motoru\" href=\"http:\/\/en.wikipedia.org\/wiki\/V8_engine\">V8<\/a><\/b><br \/>\n3.5L (SL, SLC)<br \/>\n3.8L (SL, SLC)<br \/>\n4.2L (SL)<br \/>\n4.5L (SL, SLC)<br \/>\n5.0L (SL, SLC)<br \/>\n5.6L (SL)<\/td>\n<\/tr>\n<tr>\n<th scope=\"row\"><a title=\"\u0130letim (mekani\u011fi)\" href=\"http:\/\/en.wikipedia.org\/wiki\/Transmission_(mechanics)\">\u015eanz\u0131man<\/a><\/th>\n<td><b><a title=\"Otomatik \u015fanz\u0131man\" href=\"http:\/\/en.wikipedia.org\/wiki\/Automatic_transmission\">Otomatik<\/a><\/b><br \/>\n3 h\u0131z (350\/450 SL\/SLC)<br \/>\n4 h\u0131z (280\/350\/380\/420\/500\/560 SL\/SLC)<br \/>\n<b><a title=\"\u015eanz\u0131man\" href=\"http:\/\/en.wikipedia.org\/wiki\/Manual_transmission\">Manuel<\/a><\/b><br \/>\n4 h\u0131z (280\/350 SL\/SLC)<br \/>\n5 h\u0131z (280\/300 SL\/SLC)<\/td>\n<\/tr>\n<tr>\n<th colspan=\"2\">Boyutlar<\/th>\n<\/tr>\n<tr>\n<th scope=\"row\"><a title=\"Dingil mesafesi\" href=\"http:\/\/en.wikipedia.org\/wiki\/Wheelbase\">Dingil mesafesi<\/a><\/th>\n<td>1970 SL: 2,460 mm (96.9)<br \/>\n1970 SLC: 2,820 mm (111.0)<br \/>\n1980&#8217;ler: 96.7 (2,456 mm)<\/td>\n<\/tr>\n<tr>\n<th scope=\"row\">Uzunluk<\/th>\n<td>1970 SL: 4,390 mm (172.8)<br \/>\n1970 SLC: 4,750 mm (187.0)<br \/>\n1980&#8217;ler: &#8216;de 180.3 (4,580 mm)<\/td>\n<\/tr>\n<tr>\n<th scope=\"row\">Geni\u015flik<\/th>\n<td>1970: 1,790 mm (70.5)<br \/>\n1980&#8217;ler: 70.5 (1,791 mm)<\/td>\n<\/tr>\n<tr>\n<th scope=\"row\">Y\u00fckseklik<\/th>\n<td>1970 SL: 1,300 mm (51.2)<br \/>\n1970 SLC: 1,330 mm (52.4)<br \/>\n1980: 51.1 (1,298 mm)<\/td>\n<\/tr>\n<\/tbody>\n<\/table>\n<p><b>Teknik veriler Mercedes-Benz R107\/C107 (standart s\u00fcr\u00fcm \u2013 non USA, S, J, AUS) Modelleri<\/b><\/p>\n<table>\n<tbody>\n<tr bgcolor=\"#ffdead\">\n<th width=\"16%\">Mercedes-Benz<\/th>\n<th width=\"12%\">280 SL\/SLC*<\/th>\n<th width=\"12%\">300 SL<\/th>\n<th width=\"12%\">350 SL\/SLC**<\/th>\n<th width=\"12%\">380 SL\/SLC\u2020<\/th>\n<th width=\"12%\">420 SL<\/th>\n<th width=\"12%\">450 SL\/SLC<\/th>\n<th width=\"12%\">500 SL\/SLC<\/th>\n<\/tr>\n<tr bgcolor=\"#eeeeee\">\n<td>\u00dcretilen:<\/td>\n<td align=\"center\">\u00a01974-1985 (SL)<br \/>\n1974-1981 (SLC)<\/td>\n<td align=\"center\">\u00a01985-1989<\/td>\n<td align=\"center\">\u00a01971-1980<\/td>\n<td align=\"center\">\u00a01980-1985 (SL)<br \/>\n1980-1981 (SLC)<\/td>\n<td align=\"center\">\u00a01985-1989<\/td>\n<td align=\"center\">\u00a01973-1980<\/td>\n<td align=\"center\">1980-1989 (SL)<br \/>\n1980-1981 (SLC)<\/td>\n<\/tr>\n<tr bgcolor=\"#eeeeee\">\n<td>Motor:<\/td>\n<td colspan=\"2\" align=\"center\"><a title=\"Alt\u0131 silindirli motor\" href=\"http:\/\/en.wikipedia.org\/wiki\/Straight-six_engine\">6-silindir-inline motoru<\/a>\u00a0(<a title=\"D\u00f6rt zamanl\u0131\" href=\"http:\/\/en.wikipedia.org\/wiki\/Four-stroke\">d\u00f6rt zamanl\u0131<\/a>), \u00f6n montajl\u0131<\/td>\n<td colspan=\"5\" align=\"center\">90\u00b0\u00a0<a title=\"V8 motoru\" href=\"http:\/\/en.wikipedia.org\/wiki\/V8_engine\">8-silindir-V motoru<\/a>\u00a0(<a title=\"D\u00f6rt zamanl\u0131\" href=\"http:\/\/en.wikipedia.org\/wiki\/Four-stroke\">d\u00f6rt zamanl\u0131<\/a>), \u00f6n montajl\u0131<\/td>\n<\/tr>\n<tr bgcolor=\"#eeeeee\">\n<td>\u00c7ap x Strok:<\/td>\n<td align=\"center\">86 mm mm x 78.8<\/td>\n<td align=\"center\">88.5 mm x 80.25 mm<\/td>\n<td align=\"center\">92 mm x 65.8 mm<\/td>\n<td align=\"center\">92 mm x 71.8 mm<\/td>\n<td align=\"center\">92 mm x 78.9 mm<\/td>\n<td align=\"center\">92 mm x 85 mm<\/td>\n<td align=\"center\">96.5 mm x 85 mm<\/td>\n<\/tr>\n<tr bgcolor=\"#eeeeee\">\n<td>Deplasman:<\/td>\n<td align=\"center\">2746 cc<\/td>\n<td align=\"center\">2962 cc<\/td>\n<td align=\"center\">3499 cc<\/td>\n<td align=\"center\">3818 cc<\/td>\n<td align=\"center\">4196 cc<\/td>\n<td align=\"center\">4520 cc<\/td>\n<td align=\"center\">4973 cc<\/td>\n<\/tr>\n<tr bgcolor=\"#eeeeee\">\n<td>Max. G\u00fcc\u00fc @ rpm:<\/td>\n<td align=\"center\">185 PS (136 kW; 182 hp) @ 6000<\/td>\n<td align=\"center\">188 PS (138 kW; 185 hp) @ 5700<\/td>\n<td align=\"center\">200 PS (150 kW; 200 hp) @ 5800<\/td>\n<td align=\"center\">218 PS (160 kW; 215 hp) @ 5500<\/td>\n<td align=\"center\">218 PS (160 kW; 215 hp) @ 5200<\/td>\n<td align=\"center\">225 PS (165 kW; 222 hp) @ 5000<\/td>\n<td align=\"center\">240 PS (180 kW; 240 hp) @ 5000<\/td>\n<\/tr>\n<tr bgcolor=\"#eeeeee\">\n<td>Max. Tork @ rpm:<\/td>\n<td align=\"center\">238 N\u00b7m (176 lb\u00b7ft) @ 4500<\/td>\n<td align=\"center\">255 N\u00b7m (188 lb\u00b7ft) @ 4400<\/td>\n<td align=\"center\">286 N\u00b7m (211 lb\u00b7ft) @ 4000<\/td>\n<td align=\"center\">299 N\u00b7m (221 lb\u00b7ft) @ 4000<\/td>\n<td align=\"center\">392 N\u00b7m (289 lb\u00b7ft) @ 3750<\/td>\n<td align=\"center\">377 N\u00b7m (278 lb\u00b7ft) @ 3000<\/td>\n<td align=\"center\">402 N\u00b7m (297 lb\u00b7ft) @ 3200<\/td>\n<\/tr>\n<tr bgcolor=\"#eeeeee\">\n<td>S\u0131k\u0131\u015ft\u0131rma Oran\u0131:<\/td>\n<td align=\"center\">9.0: 1<\/td>\n<td align=\"center\">9.2: 1<\/td>\n<td align=\"center\">9.5: 1<\/td>\n<td align=\"center\">9.0: 1<\/td>\n<td align=\"center\">9.0: 1<\/td>\n<td align=\"center\">8.8: 1<\/td>\n<td align=\"center\">9.0: 1<\/td>\n<\/tr>\n<tr bgcolor=\"#eeeeee\">\n<td>Yak\u0131t besleme:<\/td>\n<td colspan=\"7\" align=\"center\">Yak\u0131t enjeksiyonu,\u00a0<a title=\"Robert Bosch GmbH\" href=\"http:\/\/en.wikipedia.org\/wiki\/Robert_Bosch_GmbH\">Bosch<\/a>\u00a0D \u2013 K-Jetronic, 1985 y\u0131l\u0131ndan KE-Jetronic<\/td>\n<\/tr>\n<tr bgcolor=\"#eeeeee\">\n<td>Yak\u0131t tank kapasitesi:<\/td>\n<td colspan=\"7\" align=\"center\">90 L (23.8 US galon; 19.8 \u0131mp gal), 1985: 85 L (22.5 US galon; 18.7 \u0131mp gal)<\/td>\n<\/tr>\n<tr bgcolor=\"#eeeeee\">\n<td>Valvetrain:<\/td>\n<td align=\"center\"><a title=\"DOHC\" href=\"http:\/\/en.wikipedia.org\/wiki\/DOHC\">DOHC<\/a>, zincir dubleks<\/td>\n<td align=\"center\"><a title=\"SOHC\" href=\"http:\/\/en.wikipedia.org\/wiki\/SOHC\">SOHC<\/a>, simpleks zinciri<\/td>\n<td colspan=\"5\" align=\"center\"><a title=\"SOHC\" href=\"http:\/\/en.wikipedia.org\/wiki\/SOHC\">SOHC<\/a>, zincir dubleks<\/td>\n<\/tr>\n<tr bgcolor=\"#eeeeee\">\n<td>So\u011futma:<\/td>\n<td colspan=\"7\" align=\"center\">Su<\/td>\n<\/tr>\n<tr bgcolor=\"#eeeeee\">\n<td>\u015eanz\u0131man:<\/td>\n<td colspan=\"7\" align=\"center\">4 \u2013 veya 5 ileri manuel<br \/>\nstandart 380\/420\/450\/500: 3-ileri otomatik, 1980: 4 ileri otomatik<br \/>\narkadan \u00e7eki\u015fli<\/td>\n<\/tr>\n<tr bgcolor=\"#eeeeee\">\n<td>Elektrik sistemi:<\/td>\n<td colspan=\"7\" align=\"center\">12 volt<\/td>\n<\/tr>\n<tr bgcolor=\"#eeeeee\">\n<td>\u00d6n s\u00fcspansiyon:<\/td>\n<td colspan=\"7\" align=\"center\">\u00c7ift lades kemi\u011fi helezon yaylar, ek kau\u00e7uk yaylar, bar dengelenmekte<\/td>\n<\/tr>\n<tr bgcolor=\"#eeeeee\">\n<td>Arka s\u00fcspansiyon::<\/td>\n<td colspan=\"7\" align=\"center\">Diyagonal aks sal\u0131ncak, helezon yaylar, bar dengelenmekte<\/td>\n<\/tr>\n<tr bgcolor=\"#eeeeee\">\n<td>Frenler:<\/td>\n<td colspan=\"7\" align=\"center\">Disk frenler (278 mm \u00d8 \u00f6n, 279 mm arka; 1985: 284\/279 mm), g\u00fc\u00e7 yard\u0131ml\u0131<br \/>\nABS 1980 gelen talep \u00fczerine veya standart<\/td>\n<\/tr>\n<tr bgcolor=\"#eeeeee\">\n<td>Direksiyon:<\/td>\n<td colspan=\"7\" align=\"center\">Bilyal\u0131 direksiyon<\/td>\n<\/tr>\n<tr bgcolor=\"#eeeeee\">\n<td>V\u00fccut yap\u0131:<\/td>\n<td colspan=\"7\" align=\"center\">Sac, yekpare yap\u0131<\/td>\n<\/tr>\n<tr bgcolor=\"#eeeeee\">\n<td><\/td>\n<td colspan=\"7\" align=\"center\"><\/td>\n<\/tr>\n<tr bgcolor=\"#eeeeee\">\n<td><\/td>\n<td colspan=\"7\" align=\"center\"><\/td>\n<\/tr>\n<tr bgcolor=\"#eeeeee\">\n<td>Kuru a\u011f\u0131rl\u0131k:<\/td>\n<td align=\"center\">SL: 1,560 kg (3,440 lb)<br \/>\nSLC: 1,610 kg (3.550 hanehalklar\u0131n\u0131n lb)<\/td>\n<td align=\"center\">1,530 kg (3,370 lb)<\/td>\n<td align=\"center\">SL: 1,600 kg (3,500 lb)<br \/>\nSLC: 1,650 kg (3,640 lb)<\/td>\n<td align=\"center\">SL: 1,640 kg (3,620 lb)<br \/>\nSLC: 1,690 kg (3,730 lb)<\/td>\n<td align=\"center\">1,600 kg (3,500 lb)<\/td>\n<td align=\"center\">SL: 1,640 kg (3,620 lb)<br \/>\nSLC: 1,690 kg (3,730 lb)<\/td>\n<td align=\"center\">SL: 1,600 kg (3,500 lb)<br \/>\nSLC: 1,570 kg (3,460 lb)<\/td>\n<\/tr>\n<tr bgcolor=\"#eeeeee\">\n<td>Y\u00fckl\u00fc a\u011f\u0131rl\u0131\u011f\u0131:<\/td>\n<td align=\"center\">SL: 1,920 kg (4,230 lb)<br \/>\nSLC: 2,040 kg (4,500 lb)<\/td>\n<td align=\"center\">1,930 kg (4,250 lb)<\/td>\n<td align=\"center\">SL: 1,960 kg (4,320 lb)<br \/>\nSLC: 2,050 kg (4,520 lb)<\/td>\n<td align=\"center\">SL: 1,960 kg (4,320 lb)<br \/>\nSLC: 2,050 kg (4,520 lb)<\/td>\n<td align=\"center\">2,020 kg (4,450 lb)<\/td>\n<td align=\"center\">SL: 2,015 kg (4,442 lb)<br \/>\nSLC: 2,095 kg (4,619 lb)<\/td>\n<td align=\"center\">SL: 1,960 kg (4,320 lb)<br \/>\nSLC: 2,005 kg (4,420 lb)<\/td>\n<\/tr>\n<tr bgcolor=\"#eeeeee\">\n<td><\/td>\n<td colspan=\"7\" align=\"center\"><\/td>\n<\/tr>\n<tr bgcolor=\"#eeeeee\">\n<td>\u0130z \u00f6n\/<br \/>\narka:<\/td>\n<td colspan=\"7\" align=\"center\">1,452 mm (57.2) 1,440 mm (57)<br \/>\n1985: 1,461 mm (57.5) 1,465 mm (57.7)<\/td>\n<\/tr>\n<tr bgcolor=\"#eeeeee\">\n<td>Dingil a\u00e7\u0131kl\u0131\u011f\u0131:<\/td>\n<td colspan=\"7\" align=\"center\">SL: 2,460 mm (97)<br \/>\nSLC: 2,820 mm (111)<\/td>\n<\/tr>\n<tr bgcolor=\"#eeeeee\">\n<td><\/td>\n<td colspan=\"7\" align=\"center\"><\/td>\n<\/tr>\n<tr bgcolor=\"#eeeeee\">\n<td>Uzunluk:<\/td>\n<td colspan=\"7\" align=\"center\">SL: 4,390 mm (173)<br \/>\nSLC: 4,750 mm (187)<\/td>\n<\/tr>\n<tr bgcolor=\"#eeeeee\">\n<td>Geni\u015flik:<\/td>\n<td colspan=\"7\" align=\"center\">1,790 mm (70)<\/td>\n<\/tr>\n<tr bgcolor=\"#eeeeee\">\n<td>Y\u00fckseklik:<\/td>\n<td colspan=\"7\" align=\"center\">SL: 1,300 mm (51)<br \/>\nSLC: 1,330 mm (52 in)<\/td>\n<\/tr>\n<tr bgcolor=\"#eeeeee\">\n<td><\/td>\n<td colspan=\"7\" align=\"center\"><\/td>\n<\/tr>\n<tr bgcolor=\"#eeeeee\">\n<td><\/td>\n<td colspan=\"7\" align=\"center\"><\/td>\n<\/tr>\n<tr bgcolor=\"#eeeeee\">\n<td>Lastik boyutlar\u0131:<\/td>\n<td align=\"center\">185HR14<\/td>\n<td align=\"center\">205\/65VR15<\/td>\n<td align=\"center\">205\/70VR14<\/td>\n<td align=\"center\">205\/70VR14<\/td>\n<td align=\"center\">205\/65VR15<\/td>\n<td align=\"center\">205\/70VR14<\/td>\n<td align=\"center\">205\/70VR14<\/td>\n<\/tr>\n<tr bgcolor=\"#eeeeee\">\n<td><\/td>\n<td colspan=\"7\" align=\"center\"><\/td>\n<\/tr>\n<tr bgcolor=\"#eeeeee\">\n<td><\/td>\n<td colspan=\"7\" align=\"center\"><\/td>\n<\/tr>\n<tr bgcolor=\"#eeeeee\">\n<td>En \u00fcst h\u0131z:<\/td>\n<td align=\"center\">207 km\/h (129 mph)<\/td>\n<td align=\"center\">210 km\/h (130 mph)<\/td>\n<td align=\"center\">212 km\/h (132 mph)<\/td>\n<td align=\"center\">215 km\/h (134 mph)<\/td>\n<td align=\"center\">210 km\/h (130 mph)<\/td>\n<td align=\"center\">218 km\/h (135 mph)<\/td>\n<td align=\"center\">215 km\/h (134 mph)<\/td>\n<\/tr>\n<tr bgcolor=\"#eeeeee\">\n<td>Yak\u0131t T\u00fcketimi (tahminleri):<\/td>\n<td align=\"center\">15.5 litre \/ 100 km (18.2 mpg<sub><small>-\u0131mp<\/small><\/sub>; 15.2 mpg<sub><small>-ABD<\/small><\/sub>)<\/td>\n<td align=\"center\">14.5 litre \/ 100 km (19.5 mpg<sub><small>-\u0131mp<\/small><\/sub>; 16.2 mpg<sub><small>-ABD<\/small><\/sub>)<\/td>\n<td align=\"center\">18.5 litre \/ 100 km (15.3 mpg<sub><small>-\u0131mp<\/small><\/sub>; 12.7 mpg<sub><small>-ABD<\/small><\/sub>)<\/td>\n<td align=\"center\">18.5 litre \/ 100 km (15.3 mpg<sub><small>-\u0131mp<\/small><\/sub>; 12.7 mpg<sub><small>-ABD<\/small><\/sub>)<\/td>\n<td align=\"center\">15.5 litre \/ 100 km (18.2 mpg<sub><small>-\u0131mp<\/small><\/sub>; 15.2 mpg<sub><small>-ABD<\/small><\/sub>)<\/td>\n<td align=\"center\">18.5 litre \/ 100 km (15.3 mpg<sub><small>-\u0131mp<\/small><\/sub>; 12.7 mpg<sub><small>-ABD<\/small><\/sub>)<\/td>\n<td align=\"center\">18.5 litre \/ 100 km (15.3 mpg<sub><small>-\u0131mp<\/small><\/sub>; 12.7 mpg<sub><small>-ABD<\/small><\/sub>)<\/td>\n<\/tr>\n<\/tbody>\n<\/table>\n<p>&nbsp;<\/p>\n<div>\n<div align=\"left\"><b>Teknik veriler Mercedes-Benz R107\/C107 (Kuzey Amerika modellerinde)<sup id=\"cite_ref-4\"><a href=\"http:\/\/en.wikipedia.org\/wiki\/Mercedes-Benz_R107_and_C107#cite_note-4\"><br \/>\n<\/a><\/sup><\/b><\/div>\n<p><a id=\"NavToggle2\" href=\"http:\/\/en.wikipedia.org\/wiki\/Mercedes-Benz_R107_and_C107#\">\u00a0<\/a><\/p>\n<\/div>\n<div>\n<table>\n<tbody>\n<tr bgcolor=\"#ffdead\">\n<th width=\"16%\">Mercedes-Benz<\/th>\n<th width=\"28%\">350 (450) SL\/SLC<\/th>\n<th width=\"28%\">380 SL\/SLC<\/th>\n<th width=\"28%\">560 SL<\/th>\n<\/tr>\n<tr bgcolor=\"#eeeeee\">\n<td>\u00dcretilen:<\/td>\n<td align=\"center\">\u00a01972-1980<\/td>\n<td align=\"center\">\u00a01981-1985 (SL)<br \/>\n1981-1982 (SLC)<\/td>\n<td align=\"center\">1986-1989<\/td>\n<\/tr>\n<tr bgcolor=\"#eeeeee\">\n<td>Motor:<\/td>\n<td colspan=\"3\" align=\"center\">90\u00b0\u00a0<a title=\"V8 motoru\" href=\"http:\/\/en.wikipedia.org\/wiki\/V8_engine\">8-silindir-V motoru<\/a>\u00a0(<a title=\"D\u00f6rt zamanl\u0131\" href=\"http:\/\/en.wikipedia.org\/wiki\/Four-stroke\">d\u00f6rt zamanl\u0131<\/a>), \u00f6n montajl\u0131<\/td>\n<\/tr>\n<tr bgcolor=\"#eeeeee\">\n<td>\u00c7ap x Strok:<\/td>\n<td align=\"center\">92 mm (3,6) x 85 mm (3.3)<\/td>\n<td align=\"center\">88 mm (3.5 in) x 79 mm (3.1)<\/td>\n<td align=\"center\">96.5 mm (3.8) 94.7 x mm (3.7)<\/td>\n<\/tr>\n<tr bgcolor=\"#eeeeee\">\n<td>Deplasman:<\/td>\n<td align=\"center\">4520 cc<\/td>\n<td align=\"center\">3839 cc<\/td>\n<td align=\"center\">5549 cc<\/td>\n<\/tr>\n<tr bgcolor=\"#eeeeee\">\n<td>Max. G\u00fcc\u00fc @ rpm:<\/td>\n<td align=\"center\">190 hp (142 kW) @ 4750<br \/>\ndaha sonra 180 bg (134 kW) @ 4750<\/td>\n<td align=\"center\">155 bg (116 kW) @ 4750<\/td>\n<td align=\"center\">227 bg (169 kW) @ 5200<\/td>\n<\/tr>\n<tr bgcolor=\"#eeeeee\">\n<td>Max. Tork @ rpm:<\/td>\n<td align=\"center\">240 lb\u00b7ft (325 N\u00b7m) @ 3000<br \/>\ndaha sonra 220 lb\u00b7ft (298 N\u00b7m) @ 3000<\/td>\n<td align=\"center\">196 lb\u00b7ft (266 N\u00b7m) @ 2750<\/td>\n<td align=\"center\">287 lb\u00b7ft (389 N\u00b7m) @ 3500<\/td>\n<\/tr>\n<tr bgcolor=\"#eeeeee\">\n<td>S\u0131k\u0131\u015ft\u0131rma Oran\u0131:<\/td>\n<td align=\"center\">8.0: 1<\/td>\n<td align=\"center\">8.3: 1<\/td>\n<td align=\"center\">9.0: 1<\/td>\n<\/tr>\n<tr bgcolor=\"#eeeeee\">\n<td>Yak\u0131t besleme:<\/td>\n<td colspan=\"3\" align=\"center\">Bosch yak\u0131t enjeksiyon<\/td>\n<\/tr>\n<tr bgcolor=\"#eeeeee\">\n<td>Yak\u0131t tank kapasitesi:<\/td>\n<td colspan=\"3\" align=\"center\">90 L (23.8 US galon; 19.8 \u0131mp gal), 1985: 85 L (22.5 US galon; 18.7 \u0131mp gal)<\/td>\n<\/tr>\n<tr bgcolor=\"#eeeeee\">\n<td>Valvetrain:<\/td>\n<td colspan=\"3\" align=\"center\"><a title=\"SOHC\" href=\"http:\/\/en.wikipedia.org\/wiki\/SOHC\">SOHC<\/a>, 1981-1983: tek zincir, di\u011fer: zincir dubleks<\/td>\n<\/tr>\n<tr bgcolor=\"#eeeeee\">\n<td>So\u011futma:<\/td>\n<td colspan=\"3\" align=\"center\">Su<\/td>\n<\/tr>\n<tr bgcolor=\"#eeeeee\">\n<td>\u015eanz\u0131man:<\/td>\n<td colspan=\"3\" align=\"center\">3-ileri otomatik, 1980: 4 ileri otomatik<br \/>\narkadan \u00e7eki\u015fli<\/td>\n<\/tr>\n<tr bgcolor=\"#eeeeee\">\n<td>Elektrik sistemi:<\/td>\n<td colspan=\"3\" align=\"center\">12 volt<\/td>\n<\/tr>\n<tr bgcolor=\"#eeeeee\">\n<td>\u00d6n s\u00fcspansiyon:<\/td>\n<td colspan=\"3\" align=\"center\">\u00c7ift lades kemi\u011fi helezon yaylar, ek kau\u00e7uk yaylar, bar dengelenmekte<\/td>\n<\/tr>\n<tr bgcolor=\"#eeeeee\">\n<td>Arka s\u00fcspansiyon::<\/td>\n<td colspan=\"3\" align=\"center\">Diyagonal aks sal\u0131ncak, helezon yaylar, bar dengelenmekte<\/td>\n<\/tr>\n<tr bgcolor=\"#eeeeee\">\n<td>Frenler:<\/td>\n<td colspan=\"3\" align=\"center\">Disk frenler (\u00d8 278 mm (10.9) \u00f6n, 279 mm (11.0) arka; 1985: 284\/279 mm), g\u00fc\u00e7 yard\u0131ml\u0131<\/td>\n<\/tr>\n<tr bgcolor=\"#eeeeee\">\n<td>Direksiyon:<\/td>\n<td colspan=\"3\" align=\"center\">Bilyal\u0131 direksiyon<\/td>\n<\/tr>\n<tr bgcolor=\"#eeeeee\">\n<td>V\u00fccut yap\u0131:<\/td>\n<td colspan=\"3\" align=\"center\">Sac, yekpare yap\u0131<\/td>\n<\/tr>\n<tr bgcolor=\"#eeeeee\">\n<td><\/td>\n<td colspan=\"7\" align=\"center\"><\/td>\n<\/tr>\n<tr bgcolor=\"#eeeeee\">\n<td><\/td>\n<td colspan=\"7\" align=\"center\"><\/td>\n<\/tr>\n<tr bgcolor=\"#eeeeee\">\n<td>Kuru a\u011f\u0131rl\u0131k:<\/td>\n<td align=\"center\">SL: 3,597 lb (1,632 kg)<br \/>\nSLC: 3,625 lb (1,644 kg)<\/td>\n<td align=\"center\">SL: 3,460 lb (1,570 kg)<br \/>\nSLC: 3,440 lb (1,560 kg)<\/td>\n<td align=\"center\">3,650 lb (1,660 kg)<\/td>\n<\/tr>\n<tr bgcolor=\"#eeeeee\">\n<td><\/td>\n<td colspan=\"7\" align=\"center\"><\/td>\n<\/tr>\n<tr bgcolor=\"#eeeeee\">\n<td>\u0130z \u00f6n\/<br \/>\narka:<\/td>\n<td colspan=\"2\" align=\"center\">57.2 (taraf\u0131ndan 1453 mm) 56.7 in (1,440 mm)<\/td>\n<td align=\"center\">57.6 (1,463 mm) 57.7 (1,466 mm)<\/td>\n<\/tr>\n<tr bgcolor=\"#eeeeee\">\n<td>Dingil a\u00e7\u0131kl\u0131\u011f\u0131:<\/td>\n<td colspan=\"3\" align=\"center\">SL: 96.9 (2,461 mm)<br \/>\nSLC: 111.0 (2,819 mm)<\/td>\n<\/tr>\n<tr bgcolor=\"#eeeeee\">\n<td><\/td>\n<td colspan=\"7\" align=\"center\"><\/td>\n<\/tr>\n<tr bgcolor=\"#eeeeee\">\n<td>Uzunluk:<\/td>\n<td align=\"center\">SL: 172.5 (4,382 mm)<br \/>\nSLC: 186.6 (4,740 mm)<\/td>\n<td align=\"center\">SL: 182.3 (4,630 mm)<br \/>\nSLC: 196.4 (4,989 mm)<\/td>\n<td align=\"center\">180.3 (4,580 mm)<\/td>\n<\/tr>\n<tr bgcolor=\"#eeeeee\">\n<td>Geni\u015flik:<\/td>\n<td colspan=\"3\" align=\"center\">70.5 (1,791 mm)<\/td>\n<\/tr>\n<tr bgcolor=\"#eeeeee\">\n<td>Y\u00fckseklik:<\/td>\n<td colspan=\"3\" align=\"center\">SL: 50.8 (1,290 mm)<br \/>\nSLC: 52.4 (1,331 mm)<\/td>\n<\/tr>\n<\/tbody>\n<\/table>\n<table border=\"1\" cellspacing=\"0\" cellpadding=\"4\" align=\"right\">\n<tbody>\n<tr>\n<td colspan=\"4\" bgcolor=\"#F0F0F0\">\n<p align=\"center\">Mercedes 107 Chassis Reference<\/p>\n<\/td>\n<\/tr>\n<tr>\n<td>Model<\/td>\n<td>Years<\/td>\n<td>Chassis #<\/td>\n<td>Engine #<\/td>\n<\/tr>\n<tr>\n<td align=\"center\">280SL<\/td>\n<td align=\"center\">72-80<\/td>\n<td align=\"center\">107.042<\/td>\n<td align=\"center\">110.982 \/ 6<\/td>\n<\/tr>\n<tr>\n<td align=\"center\">280SLC<\/td>\n<td align=\"center\">77-80<\/td>\n<td align=\"center\">107.022<\/td>\n<td align=\"center\">110.982 \/ 6<\/td>\n<\/tr>\n<tr>\n<td align=\"center\">350SL<\/td>\n<td align=\"center\">71-73<\/td>\n<td align=\"center\">107.043<\/td>\n<td align=\"center\">116.982 \/ 4<\/td>\n<\/tr>\n<tr>\n<td align=\"center\">350SLC<\/td>\n<td align=\"center\">71-73<\/td>\n<td align=\"center\">107.023<\/td>\n<td align=\"center\">116.982 \/ 4<\/td>\n<\/tr>\n<tr>\n<td align=\"center\">380SL<\/td>\n<td align=\"center\">81-82<\/td>\n<td align=\"center\">107.045<\/td>\n<td align=\"center\">116.960<\/td>\n<\/tr>\n<tr>\n<td align=\"center\">380SL<\/td>\n<td align=\"center\">83-85<\/td>\n<td align=\"center\">107.045<\/td>\n<td align=\"center\">116.962<\/td>\n<\/tr>\n<tr>\n<td align=\"center\">380SLC<\/td>\n<td align=\"center\">81<\/td>\n<td align=\"center\">107.025<\/td>\n<td align=\"center\">116.960<\/td>\n<\/tr>\n<tr>\n<td align=\"center\">450SL<\/td>\n<td align=\"center\">73-75<\/td>\n<td align=\"center\">107.044<\/td>\n<td align=\"center\">117.982<\/td>\n<\/tr>\n<tr>\n<td align=\"center\">450SL<\/td>\n<td align=\"center\">76-80<\/td>\n<td align=\"center\">107.044<\/td>\n<td align=\"center\">117.985<\/td>\n<\/tr>\n<tr>\n<td align=\"center\">450SLC<\/td>\n<td align=\"center\">73-75<\/td>\n<td align=\"center\">107.024<\/td>\n<td align=\"center\">117.982<\/td>\n<\/tr>\n<tr>\n<td align=\"center\">450SLC<\/td>\n<td align=\"center\">76-80<\/td>\n<td align=\"center\">107.024<\/td>\n<td align=\"center\">117.985<\/td>\n<\/tr>\n<tr>\n<td align=\"center\">500SL<\/td>\n<td align=\"center\">81-85<\/td>\n<td align=\"center\">107.046<\/td>\n<td align=\"center\">117.960 \/ 2<\/td>\n<\/tr>\n<tr>\n<td align=\"center\">560SL<\/td>\n<td align=\"center\">86-89<\/td>\n<td align=\"center\">107.048<\/td>\n<td align=\"center\">117.967<\/td>\n<\/tr>\n<\/tbody>\n<\/table>\n<p>&nbsp;<\/p>\n<p><a href=\"http:\/\/www.benzclassic.net\/wp-content\/uploads\/2014\/02\/72374_520827681293139_2010558584_n.jpg\"><img loading=\"lazy\" class=\"alignnone size-medium wp-image-99\" alt=\"72374_520827681293139_2010558584_n\" src=\"http:\/\/www.benzclassic.net\/wp-content\/uploads\/2014\/02\/72374_520827681293139_2010558584_n-300x178.jpg\" width=\"300\" height=\"178\" srcset=\"http:\/\/www.benzclassic.net\/wp-content\/uploads\/2014\/02\/72374_520827681293139_2010558584_n-300x178.jpg 300w, http:\/\/www.benzclassic.net\/wp-content\/uploads\/2014\/02\/72374_520827681293139_2010558584_n.jpg 720w\" sizes=\"(max-width: 300px) 100vw, 300px\" \/><\/a><a href=\"http:\/\/www.benzclassic.net\/wp-content\/uploads\/2014\/02\/phpThumb_generated_thumbnailjpg-67.jpg\"><img loading=\"lazy\" class=\"alignnone size-medium wp-image-101\" alt=\"phpThumb_generated_thumbnailjpg (67)\" src=\"http:\/\/www.benzclassic.net\/wp-content\/uploads\/2014\/02\/phpThumb_generated_thumbnailjpg-67-300x199.jpg\" width=\"300\" height=\"199\" srcset=\"http:\/\/www.benzclassic.net\/wp-content\/uploads\/2014\/02\/phpThumb_generated_thumbnailjpg-67-300x199.jpg 300w, http:\/\/www.benzclassic.net\/wp-content\/uploads\/2014\/02\/phpThumb_generated_thumbnailjpg-67.jpg 674w\" sizes=\"(max-width: 300px) 100vw, 300px\" \/><\/a><\/p>\n<\/div>\n","protected":false},"excerpt":{"rendered":"<p>Mercedes-Benz W107 \u00dcretim SL: 1971-1989 SLC: 1971-1981 300,175 Adet SL: 237,287 SLC: 62,888 Model y\u0131l SL: 1972-1989 SLC: 1972-1981 Montaj Sindelfingen,\u00a0Bat\u0131 Almanya East London,\u00a0G\u00fcney Afrika\u00a0(CKD) Tasar\u0131mc\u0131 Joseph Gallitzend\u00f6rfer; Friedrich Geiger (1968) G\u00f6vde ve \u015fasi G\u00f6vde stili 2-kap\u0131\u00a0roadster 2-kap\u0131\u00a0coupe D\u00fczeni FR d\u00fczeni Powertrain Motoru \u01306 2, 8L (SL, SLC) 3.0L (SL) V8 3.5L (SL, SLC) 3.8L &#8230; <span class=\"more\"><a class=\"more-link\" href=\"http:\/\/www.benzclassic.net\/?page_id=685\">[Read more&#8230;]<\/a><\/span><\/p>\n","protected":false},"author":1,"featured_media":0,"parent":673,"menu_order":11,"comment_status":"closed","ping_status":"closed","template":"","meta":[],"_links":{"self":[{"href":"http:\/\/www.benzclassic.net\/index.php?rest_route=\/wp\/v2\/pages\/685"}],"collection":[{"href":"http:\/\/www.benzclassic.net\/index.php?rest_route=\/wp\/v2\/pages"}],"about":[{"href":"http:\/\/www.benzclassic.net\/index.php?rest_route=\/wp\/v2\/types\/page"}],"author":[{"embeddable":true,"href":"http:\/\/www.benzclassic.net\/index.php?rest_route=\/wp\/v2\/users\/1"}],"replies":[{"embeddable":true,"href":"http:\/\/www.benzclassic.net\/index.php?rest_route=%2Fwp%2Fv2%2Fcomments&post=685"}],"version-history":[{"count":3,"href":"http:\/\/www.benzclassic.net\/index.php?rest_route=\/wp\/v2\/pages\/685\/revisions"}],"predecessor-version":[{"id":2729,"href":"http:\/\/www.benzclassic.net\/index.php?rest_route=\/wp\/v2\/pages\/685\/revisions\/2729"}],"up":[{"embeddable":true,"href":"http:\/\/www.benzclassic.net\/index.php?rest_route=\/wp\/v2\/pages\/673"}],"wp:attachment":[{"href":"http:\/\/www.benzclassic.net\/index.php?rest_route=%2Fwp%2Fv2%2Fmedia&parent=685"}],"curies":[{"name":"wp","href":"https:\/\/api.w.org\/{rel}","templated":true}]}}