{"id":683,"date":"2014-02-21T16:22:29","date_gmt":"2014-02-21T16:22:29","guid":{"rendered":"http:\/\/www.benzclassic.net\/?page_id=683"},"modified":"2016-06-24T06:54:15","modified_gmt":"2016-06-24T06:54:15","slug":"w113","status":"publish","type":"page","link":"http:\/\/www.benzclassic.net\/?page_id=683","title":{"rendered":"W113"},"content":{"rendered":"<h1 lang=\"en\"><\/h1>\n<h1 id=\"firstHeading\" lang=\"en\">Mercedes-Benz W113 \u00a0\u201dPagoda\u201c<\/h1>\n<table cellspacing=\"3\">\n<tbody>\n<tr>\n<th scope=\"row\">\u00dcretim<\/th>\n<td>1963-1971<br \/>\n48,912 Adet<sup id=\"cite_ref-Oswald4_1-0\"><a href=\"http:\/\/en.wikipedia.org\/wiki\/Mercedes-Benz_W113#cite_note-Oswald4-1\"><br \/>\n<\/a><\/sup><\/td>\n<\/tr>\n<tr>\n<th scope=\"row\">Montaj<\/th>\n<td><a title=\"Stuttgart\" href=\"http:\/\/en.wikipedia.org\/wiki\/Stuttgart\">Stuttgart<\/a>\u00a0Untert\u00fcrkheim,\u00a0<a title=\"Almanya\" href=\"http:\/\/en.wikipedia.org\/wiki\/Germany\">Almanya<\/a><\/td>\n<\/tr>\n<tr>\n<th scope=\"row\"><a title=\"Otomotiv tasar\u0131m\" href=\"http:\/\/en.wikipedia.org\/wiki\/Automotive_design\">Tasar\u0131mc\u0131<\/a><\/th>\n<td><a title=\"Paul Bracq\" href=\"http:\/\/en.wikipedia.org\/wiki\/Paul_Bracq\">Paul Bracq<\/a><br \/>\n<a title=\"B\u00e9la Bar\u00e9nyi\" href=\"http:\/\/en.wikipedia.org\/wiki\/B%C3%A9la_Bar%C3%A9nyi\">B\u00e9la Bar\u00e9nyi<\/a><\/td>\n<\/tr>\n<tr>\n<th colspan=\"2\">G\u00f6vde ve \u015fasi<\/th>\n<\/tr>\n<tr>\n<th scope=\"row\"><a title=\"Ara\u00e7 s\u0131n\u0131fland\u0131rma\" href=\"http:\/\/en.wikipedia.org\/wiki\/Car_classification\">S\u0131n\u0131f<\/a><\/th>\n<td><a title=\"Spor otomobil\" href=\"http:\/\/en.wikipedia.org\/wiki\/Sports_car\">spor otomobil<\/a>,\u00a0<a title=\"Grand tourer\" href=\"http:\/\/en.wikipedia.org\/wiki\/Grand_tourer\">GT<\/a><\/td>\n<\/tr>\n<tr>\n<th scope=\"row\"><a title=\"Ara\u00e7 s\u0131n\u0131fland\u0131rma\" href=\"http:\/\/en.wikipedia.org\/wiki\/Car_classification\">G\u00f6vde stili<\/a><\/th>\n<td>2 kap\u0131\u00a0<a title=\"Coup\u00e9\" href=\"http:\/\/en.wikipedia.org\/wiki\/Coup%C3%A9\">coup\u00e9<\/a><br \/>\n2-kap\u0131\u00a0<a title=\"Roadster (otomobil)\" href=\"http:\/\/en.wikipedia.org\/wiki\/Roadster_(automobile)\">roadster<\/a><\/td>\n<\/tr>\n<tr>\n<th scope=\"row\"><a title=\"Otomobil d\u00fczeni\" href=\"http:\/\/en.wikipedia.org\/wiki\/Automobile_layout\">D\u00fczeni<\/a><\/th>\n<td><a title=\"FR d\u00fczeni\" href=\"http:\/\/en.wikipedia.org\/wiki\/FR_layout\">FR d\u00fczeni<\/a><\/td>\n<\/tr>\n<\/tbody>\n<\/table>\n<p>&nbsp;<\/p>\n<table cellspacing=\"3\">\n<tbody>\n<tr>\n<th scope=\"row\"><a title=\"Motoru\" href=\"http:\/\/en.wikipedia.org\/wiki\/Engine\">Motoru<\/a><\/th>\n<td>2,308 cc (2.3 lt)\u00a0<a title=\"Mercedes-Benz M130 motoru\" href=\"http:\/\/en.wikipedia.org\/wiki\/Mercedes-Benz_M130_engine\">M127.\u0130\u0130<\/a>\u00a0<a title=\"Alt\u0131 silindirli motor\" href=\"http:\/\/en.wikipedia.org\/wiki\/Straight-six_engine\">\u01306<\/a><br \/>\n2,496 cc (2.5 L)\u00a0<a title=\"Mercedes-Benz M130 motoru\" href=\"http:\/\/en.wikipedia.org\/wiki\/Mercedes-Benz_M130_engine\">M129.\u0130\u0130<\/a>\u00a0<a title=\"Alt\u0131 silindirli motor\" href=\"http:\/\/en.wikipedia.org\/wiki\/Straight-six_engine\">\u01306<\/a><br \/>\n2,778 cc (2.8 L)\u00a0<a title=\"Mercedes-Benz M130 motoru\" href=\"http:\/\/en.wikipedia.org\/wiki\/Mercedes-Benz_M130_engine\">M130<\/a>\u00a0<a title=\"Alt\u0131 silindirli motor\" href=\"http:\/\/en.wikipedia.org\/wiki\/Straight-six_engine\">\u01306<\/a><\/td>\n<\/tr>\n<tr>\n<th scope=\"row\"><a title=\"\u0130letim (mekani\u011fi)\" href=\"http:\/\/en.wikipedia.org\/wiki\/Transmission_(mechanics)\">\u015eanz\u0131man<\/a><\/th>\n<td>4-h\u0131z\u00a0<a title=\"Otomatik \u015fanz\u0131man\" href=\"http:\/\/en.wikipedia.org\/wiki\/Automatic_transmission\">otomatik<\/a><br \/>\n4-h\u0131z\u00a0<a title=\"\u015eanz\u0131man\" href=\"http:\/\/en.wikipedia.org\/wiki\/Manual_transmission\">manuel<\/a><br \/>\n5-ileri manuel (<a title=\"ZF Friedrichshafen\" href=\"http:\/\/en.wikipedia.org\/wiki\/ZF_Friedrichshafen\">ZF<\/a>\u00a0<a title=\"Liste ZF \u015fanz\u0131man\" href=\"http:\/\/en.wikipedia.org\/wiki\/List_of_ZF_transmissions\">S5-20<\/a>)<\/td>\n<\/tr>\n<tr>\n<th colspan=\"2\">Boyutlar<\/th>\n<\/tr>\n<tr>\n<th scope=\"row\"><a title=\"Dingil mesafesi\" href=\"http:\/\/en.wikipedia.org\/wiki\/Wheelbase\">Dingil mesafesi<\/a><\/th>\n<td>2 bin 400 mm (94.5)<\/td>\n<\/tr>\n<tr>\n<th scope=\"row\">Uzunluk<\/th>\n<td>4,285 mm (168.7)<\/td>\n<\/tr>\n<tr>\n<th scope=\"row\">Geni\u015flik<\/th>\n<td>1,760 mm (69.3)<\/td>\n<\/tr>\n<tr>\n<th scope=\"row\">Y\u00fckseklik<\/th>\n<td>1,305 mm (51.4)<\/td>\n<\/tr>\n<tr>\n<th scope=\"row\"><a title=\"Bo\u015f a\u011f\u0131rl\u0131\u011f\u0131\" href=\"http:\/\/en.wikipedia.org\/wiki\/Curb_weight\">Bo\u015f a\u011f\u0131rl\u0131\u011f\u0131<\/a><\/th>\n<td>1,300 kg (2,866 lb)<\/td>\n<\/tr>\n<\/tbody>\n<\/table>\n<p>&nbsp;<\/p>\n<table>\n<tbody>\n<tr bgcolor=\"#ffdead\">\n<th width=\"25%\">Mercedes-Benz<\/th>\n<th width=\"25%\">230 SL<\/th>\n<th width=\"25%\">250 SL<\/th>\n<th width=\"25%\">280 SL<\/th>\n<\/tr>\n<tr bgcolor=\"#eeeeee\">\n<td>\u00dcretim Y\u0131llar\u0131 :<\/td>\n<td align=\"center\">1963\u20131967<\/td>\n<td align=\"center\">1966\u20131968<\/td>\n<td align=\"center\">1967\u20131971<\/td>\n<\/tr>\n<tr bgcolor=\"#eeeeee\">\n<td>\u015ease Kodlar\u0131:<\/td>\n<td align=\"center\">W113.042<\/td>\n<td align=\"center\">W113.043<\/td>\n<td align=\"center\">W113.044<\/td>\n<\/tr>\n<tr bgcolor=\"#eeeeee\">\n<td>Motor:<\/td>\n<td colspan=\"3\" align=\"center\">6-silindirli s\u0131ral\u0131 motor\u00a0(<a title=\"Four-stroke\" href=\"http:\/\/en.wikipedia.org\/wiki\/Four-stroke\">four-stroke<\/a>), front-mounted<\/td>\n<\/tr>\n<tr bgcolor=\"#eeeeee\">\n<td>Motor Kodu:<\/td>\n<td align=\"center\">M\u00a0127.II<\/td>\n<td align=\"center\">M\u00a0129.II<\/td>\n<td align=\"center\">M\u00a0130<\/td>\n<\/tr>\n<tr bgcolor=\"#eeeeee\">\n<td>\u00c7ap x Stroke:<\/td>\n<td align=\"center\">82\u00a0mm (3.2\u00a0in) x 72.8\u00a0mm (2.9\u00a0in)<\/td>\n<td align=\"center\">82\u00a0mm (3.2\u00a0in) x 78.8\u00a0mm (3.1\u00a0in)<\/td>\n<td align=\"center\">86.5\u00a0mm (3.4\u00a0in) x 78.8\u00a0mm (3.1\u00a0in)<\/td>\n<\/tr>\n<tr bgcolor=\"#eeeeee\">\n<td>Hacim:<\/td>\n<td align=\"center\">2308 cc<\/td>\n<td align=\"center\">2496 cc<\/td>\n<td align=\"center\">2778 cc<\/td>\n<\/tr>\n<tr bgcolor=\"#eeeeee\">\n<td>Max. G\u00fc\u00e7 @ rpm:<\/td>\n<td align=\"center\">150\u00a0PS (110\u00a0kW; 150\u00a0hp) @ 5500<\/td>\n<td align=\"center\">150\u00a0PS (110\u00a0kW; 150\u00a0hp) @ 5500<\/td>\n<td align=\"center\">170\u00a0PS (130\u00a0kW; 170\u00a0hp) @ 5750<\/td>\n<\/tr>\n<tr bgcolor=\"#eeeeee\">\n<td>Max. Tork @ rpm:<\/td>\n<td align=\"center\">196\u00a0N\u00b7m (145\u00a0lb\u00b7ft) @ 4200<\/td>\n<td align=\"center\">216\u00a0N\u00b7m (159\u00a0lb\u00b7ft) @ 4200<\/td>\n<td align=\"center\">240\u00a0N\u00b7m (180\u00a0lb\u00b7ft) @ 4500<\/td>\n<\/tr>\n<tr bgcolor=\"#eeeeee\">\n<td>S\u0131k\u0131\u015ft\u0131rma Oran\u0131:<\/td>\n<td align=\"center\">9.3: 1<\/td>\n<td align=\"center\">9.5: 1<\/td>\n<td align=\"center\">9.5: 1<\/td>\n<\/tr>\n<tr bgcolor=\"#eeeeee\">\n<td>Yak\u0131t Besleme:<\/td>\n<td colspan=\"3\" align=\"center\">Multi-port yak\u0131t enjeksiyonu, Bosch mekanik enjeksiyon pompas\u0131<\/td>\n<\/tr>\n<tr bgcolor=\"#eeeeee\">\n<td>Yak\u0131t Depo Kapasitesi:<\/td>\n<td align=\"center\">65\u00a0L (17.2\u00a0US\u00a0gal; 14.3\u00a0imp\u00a0gal)<\/td>\n<td colspan=\"2\" align=\"center\">82\u00a0L (21.7\u00a0US\u00a0gal; 18.0\u00a0imp\u00a0gal)<\/td>\n<\/tr>\n<tr bgcolor=\"#eeeeee\">\n<td>Valvetrain:<\/td>\n<td><a title=\"SOHC\" href=\"http:\/\/en.wikipedia.org\/wiki\/SOHC\">SOHC<\/a>, single roller chain<\/td>\n<td colspan=\"2\" align=\"center\"><a title=\"SOHC\" href=\"http:\/\/en.wikipedia.org\/wiki\/SOHC\">SOHC<\/a>, duplex chain<\/td>\n<\/tr>\n<tr bgcolor=\"#eeeeee\">\n<td>So\u011futma:<\/td>\n<td colspan=\"3\" align=\"center\">Su<\/td>\n<\/tr>\n<tr bgcolor=\"#eeeeee\">\n<td>Vites:<\/td>\n<td colspan=\"3\" align=\"center\">4-vitesli manuel, 4-ileri otomatik veya 5 ileri manuel<br \/>\narkadan \u00e7eki\u015fli, (istek 3.69:1 ya da 3.92:1 \u00fczerine) standart aks oran\u0131 3.75:1<\/td>\n<\/tr>\n<tr bgcolor=\"#eeeeee\">\n<td>Elektrik sistemi:<\/td>\n<td colspan=\"3\" align=\"center\">12 volt<\/td>\n<\/tr>\n<tr bgcolor=\"#eeeeee\">\n<td>Arka s\u00fcspansiyon :<\/td>\n<td colspan=\"3\" align=\"center\">\u00c7ift lades kemi\u011fi, helezon yaylar, dengeleyici \u00e7ubuk<\/td>\n<\/tr>\n<tr bgcolor=\"#eeeeee\">\n<td>\u00d6n S\u00fcspansiyon<\/td>\n<td colspan=\"3\" align=\"center\">Sal\u0131ncak aks, yar\u0131\u00e7ap\u0131 silah, telafi yay, helezon yaylar<\/td>\n<\/tr>\n<tr bgcolor=\"#eeeeee\">\n<td>Fren:<\/td>\n<td align=\"center\">Disk \/ Kampana frenler (\u00d8 253 mm (10.0) \u00f6n, 230 mm () arka 9.1), g\u00fc\u00e7 destekli<\/td>\n<td colspan=\"2\" align=\"center\">Disk frenler \u00e7evresinde (\u00d8 273 mm (10.7) \u00f6n\u00fcnde) arkada 279 mm (11.0), g\u00fc\u00e7 destekli<\/td>\n<\/tr>\n<tr bgcolor=\"#eeeeee\">\n<td>Steering:<\/td>\n<td colspan=\"3\" align=\"center\">Bilyal\u0131 direksiyon, istek \u00fczerine g\u00fc\u00e7 destekli<\/td>\n<\/tr>\n<tr bgcolor=\"#eeeeee\">\n<td>V\u00fccut yap\u0131s\u0131:<\/td>\n<td colspan=\"3\" align=\"center\">Sac, monokok (yekpare) in\u015faat<\/td>\n<\/tr>\n<tr bgcolor=\"#eeeeee\">\n<td><\/td>\n<td colspan=\"3\" align=\"center\"><\/td>\n<\/tr>\n<tr bgcolor=\"#eeeeee\">\n<td><\/td>\n<td colspan=\"3\" align=\"center\"><\/td>\n<\/tr>\n<tr bgcolor=\"#eeeeee\">\n<td>Kuru A\u011f\u0131rl\u0131k:<\/td>\n<td align=\"center\">1.300 kg (2.900 lb)<br \/>\n(Hardtop + 49 kg )<\/td>\n<td colspan=\"2\" align=\"center\">1.360 kg (3.000 lb)<br \/>\n(Hardtop + 49 kg )<\/td>\n<\/tr>\n<tr bgcolor=\"#eeeeee\">\n<td>Y\u00fckl\u00fc a\u011f\u0131rl\u0131k:<\/td>\n<td align=\"center\">1,650\u00a0kg (3,640\u00a0lb)<\/td>\n<td colspan=\"2\" align=\"center\">1,715\u00a0kg (3,781\u00a0lb)<\/td>\n<\/tr>\n<tr bgcolor=\"#eeeeee\">\n<td><\/td>\n<td colspan=\"3\" align=\"center\"><\/td>\n<\/tr>\n<tr bgcolor=\"#eeeeee\">\n<td>\u00d6n \/<br \/>\narka:<\/td>\n<td colspan=\"3\" align=\"center\">1,485\u00a0mm (58.5\u00a0in) 1,485\u00a0mm (58.5\u00a0in)<\/td>\n<\/tr>\n<tr bgcolor=\"#eeeeee\">\n<td>Dingil mesafesi:<\/td>\n<td colspan=\"3\" align=\"center\">2,400\u00a0mm (94\u00a0in)<\/td>\n<\/tr>\n<tr bgcolor=\"#eeeeee\">\n<td><\/td>\n<td colspan=\"3\" align=\"center\"><\/td>\n<\/tr>\n<tr bgcolor=\"#eeeeee\">\n<td>Uzunluk:<\/td>\n<td colspan=\"3\" align=\"center\">4,285\u00a0mm (168.7\u00a0in)<\/td>\n<\/tr>\n<tr bgcolor=\"#eeeeee\">\n<td>Geni\u015flik:<\/td>\n<td colspan=\"3\" align=\"center\">1,760\u00a0mm (69\u00a0in)<\/td>\n<\/tr>\n<tr bgcolor=\"#eeeeee\">\n<td>Boy:<\/td>\n<td colspan=\"3\" align=\"center\">1,305\u00a0mm (51.4\u00a0in)<\/td>\n<\/tr>\n<tr bgcolor=\"#eeeeee\">\n<td><\/td>\n<td colspan=\"3\" align=\"center\"><\/td>\n<\/tr>\n<tr bgcolor=\"#eeeeee\">\n<td><\/td>\n<td colspan=\"3\" align=\"center\"><\/td>\n<\/tr>\n<tr bgcolor=\"#eeeeee\">\n<td>Lastik \/ Tire boyutlar\u0131:<\/td>\n<td colspan=\"3\" align=\"center\">185 HR 14<\/td>\n<\/tr>\n<tr bgcolor=\"#eeeeee\">\n<td><\/td>\n<td colspan=\"3\" align=\"center\"><\/td>\n<\/tr>\n<tr bgcolor=\"#eeeeee\">\n<td><\/td>\n<td colspan=\"3\" align=\"center\"><\/td>\n<\/tr>\n<tr bgcolor=\"#eeeeee\">\n<td>Azami h\u0131z:<\/td>\n<td align=\"center\">200\u00a0km\/h (120\u00a0mph)<\/td>\n<td align=\"center\">195\u00a0km\/h (121\u00a0mph)<\/td>\n<td align=\"center\">200\u00a0km\/h (124\u00a0mph)<\/td>\n<\/tr>\n<tr bgcolor=\"#eeeeee\">\n<td>Yak\u0131t T\u00fcketimi (tahmini):<\/td>\n<td align=\"center\">15.0 litres per 100 kilometres (18.8\u00a0mpg<sub><small>-imp<\/small><\/sub>; 15.7\u00a0mpg<sub><small>-US<\/small><\/sub>)<\/td>\n<td align=\"center\">16.0 litres per 100 kilometres (17.7\u00a0mpg<sub><small>-imp<\/small><\/sub>; 14.7\u00a0mpg<sub><small>-US<\/small><\/sub>)<\/td>\n<td align=\"center\">16.5 litres per 100 kilometres (17.1\u00a0mpg<sub><small>-imp<\/small><\/sub>; 14.3\u00a0mpg<sub><small>-US<\/small><\/sub>)<\/td>\n<\/tr>\n<\/tbody>\n<\/table>\n<p>\u00dcretim rakamlar\u0131<\/p>\n<table>\n<tbody>\n<tr>\n<th>\u015fasi<\/th>\n<th>Motor<\/th>\n<th><\/th>\n<th>1963<\/th>\n<th>1964<\/th>\n<th>1965<\/th>\n<th>1966<\/th>\n<th>1967<\/th>\n<th>1968<\/th>\n<th>1969<\/th>\n<th>1970<\/th>\n<th>1971<\/th>\n<th><\/th>\n<th>Total<\/th>\n<th>US<\/th>\n<\/tr>\n<tr>\n<th>230\u00a0SL<\/th>\n<td>W113.042<\/td>\n<td>2.3L\u00a0<a title=\"Mercedes-Benz M130 engine\" href=\"http:\/\/en.wikipedia.org\/wiki\/Mercedes-Benz_M130_engine\">M127.II<\/a>\u00a0<a title=\"I6 engine\" href=\"http:\/\/en.wikipedia.org\/wiki\/I6_engine\">I6<\/a><\/td>\n<td><\/td>\n<td>1,465<\/td>\n<td>6,911<\/td>\n<td>6,325<\/td>\n<td>4,945<\/td>\n<td>185<\/td>\n<td colspan=\"4\"><\/td>\n<td><\/td>\n<td>19,831<\/td>\n<td>4,752<\/td>\n<\/tr>\n<tr>\n<th>250\u00a0SL<\/th>\n<td>W113.043<\/td>\n<td>2.5L\u00a0<a title=\"Mercedes-Benz M130 engine\" href=\"http:\/\/en.wikipedia.org\/wiki\/Mercedes-Benz_M130_engine\">M129.II<\/a>\u00a0<a title=\"I6 engine\" href=\"http:\/\/en.wikipedia.org\/wiki\/I6_engine\">I6<\/a><\/td>\n<td><\/td>\n<td colspan=\"3\"><\/td>\n<td>17<\/td>\n<td>5,177<\/td>\n<td>2<\/td>\n<td colspan=\"3\"><\/td>\n<td><\/td>\n<td>5,196<\/td>\n<td>1,761<\/td>\n<\/tr>\n<tr>\n<th>280\u00a0SL<\/th>\n<td>W113.044<\/td>\n<td>2.8L\u00a0<a title=\"Mercedes-Benz M130 engine\" href=\"http:\/\/en.wikipedia.org\/wiki\/Mercedes-Benz_M130_engine\">M130<\/a>\u00a0<a title=\"I6 engine\" href=\"http:\/\/en.wikipedia.org\/wiki\/I6_engine\">I6<\/a><\/td>\n<td><\/td>\n<td colspan=\"4\"><\/td>\n<td>143<\/td>\n<td>6,930<\/td>\n<td>8,047<\/td>\n<td>7,935<\/td>\n<td>830<\/td>\n<td><\/td>\n<td>23,885<\/td>\n<td>12,927<\/td>\n<\/tr>\n<tr>\n<td colspan=\"13\"><\/td>\n<td><\/td>\n<td><b>48,912<\/b><\/td>\n<td><b>19,44<\/b><\/td>\n<\/tr>\n<\/tbody>\n<\/table>\n<p><a href=\"http:\/\/www.benzclassic.net\/wp-content\/uploads\/2014\/02\/nj0k71.jpg\"><img loading=\"lazy\" class=\"alignnone size-medium wp-image-461\" alt=\"nj0k7\" src=\"http:\/\/www.benzclassic.net\/wp-content\/uploads\/2014\/02\/nj0k71-300x209.jpg\" width=\"300\" height=\"209\" srcset=\"http:\/\/www.benzclassic.net\/wp-content\/uploads\/2014\/02\/nj0k71-300x209.jpg 300w, http:\/\/www.benzclassic.net\/wp-content\/uploads\/2014\/02\/nj0k71.jpg 960w\" sizes=\"(max-width: 300px) 100vw, 300px\" \/><\/a><a href=\"http:\/\/www.benzclassic.net\/wp-content\/uploads\/2014\/02\/nj0km1.jpg\"><img loading=\"lazy\" class=\"alignnone size-medium wp-image-462\" alt=\"nj0km\" src=\"http:\/\/www.benzclassic.net\/wp-content\/uploads\/2014\/02\/nj0km1-300x151.jpg\" width=\"300\" height=\"151\" srcset=\"http:\/\/www.benzclassic.net\/wp-content\/uploads\/2014\/02\/nj0km1-300x151.jpg 300w, http:\/\/www.benzclassic.net\/wp-content\/uploads\/2014\/02\/nj0km1.jpg 960w\" sizes=\"(max-width: 300px) 100vw, 300px\" \/><\/a><\/p>\n","protected":false},"excerpt":{"rendered":"<p>Mercedes-Benz W113 \u00a0\u201dPagoda\u201c \u00dcretim 1963-1971 48,912 Adet Montaj Stuttgart\u00a0Untert\u00fcrkheim,\u00a0Almanya Tasar\u0131mc\u0131 Paul Bracq B\u00e9la Bar\u00e9nyi G\u00f6vde ve \u015fasi S\u0131n\u0131f spor otomobil,\u00a0GT G\u00f6vde stili 2 kap\u0131\u00a0coup\u00e9 2-kap\u0131\u00a0roadster D\u00fczeni FR d\u00fczeni &nbsp; Motoru 2,308 cc (2.3 lt)\u00a0M127.\u0130\u0130\u00a0\u01306 2,496 cc (2.5 L)\u00a0M129.\u0130\u0130\u00a0\u01306 2,778 cc (2.8 L)\u00a0M130\u00a0\u01306 \u015eanz\u0131man 4-h\u0131z\u00a0otomatik 4-h\u0131z\u00a0manuel 5-ileri manuel (ZF\u00a0S5-20) Boyutlar Dingil mesafesi 2 bin 400 mm &#8230; <span class=\"more\"><a class=\"more-link\" href=\"http:\/\/www.benzclassic.net\/?page_id=683\">[Read more&#8230;]<\/a><\/span><\/p>\n","protected":false},"author":1,"featured_media":0,"parent":673,"menu_order":10,"comment_status":"closed","ping_status":"closed","template":"","meta":[],"_links":{"self":[{"href":"http:\/\/www.benzclassic.net\/index.php?rest_route=\/wp\/v2\/pages\/683"}],"collection":[{"href":"http:\/\/www.benzclassic.net\/index.php?rest_route=\/wp\/v2\/pages"}],"about":[{"href":"http:\/\/www.benzclassic.net\/index.php?rest_route=\/wp\/v2\/types\/page"}],"author":[{"embeddable":true,"href":"http:\/\/www.benzclassic.net\/index.php?rest_route=\/wp\/v2\/users\/1"}],"replies":[{"embeddable":true,"href":"http:\/\/www.benzclassic.net\/index.php?rest_route=%2Fwp%2Fv2%2Fcomments&post=683"}],"version-history":[{"count":2,"href":"http:\/\/www.benzclassic.net\/index.php?rest_route=\/wp\/v2\/pages\/683\/revisions"}],"predecessor-version":[{"id":1736,"href":"http:\/\/www.benzclassic.net\/index.php?rest_route=\/wp\/v2\/pages\/683\/revisions\/1736"}],"up":[{"embeddable":true,"href":"http:\/\/www.benzclassic.net\/index.php?rest_route=\/wp\/v2\/pages\/673"}],"wp:attachment":[{"href":"http:\/\/www.benzclassic.net\/index.php?rest_route=%2Fwp%2Fv2%2Fmedia&parent=683"}],"curies":[{"name":"wp","href":"https:\/\/api.w.org\/{rel}","templated":true}]}}