{"id":673,"date":"2014-02-21T15:45:28","date_gmt":"2014-02-21T15:45:28","guid":{"rendered":"http:\/\/www.benzclassic.net\/?page_id=673"},"modified":"2016-01-29T08:55:52","modified_gmt":"2016-01-29T08:55:52","slug":"teknik-veriler","status":"publish","type":"page","link":"http:\/\/www.benzclassic.net\/?page_id=673","title":{"rendered":"TEKN\u0130K VER\u0130LER"},"content":{"rendered":"<p><span style=\"color: #333333;\">\u00a0 \u00a0 Kulland\u0131\u011f\u0131m\u0131z ve hayran\u0131 oldu\u011fumuz bir \u00e7ok \u00a0klasik \u00a0Mercedes Benz modelinin kasa kodlar\u0131na g\u00f6re ayr\u0131lm\u0131\u015f ; \u00fcretim y\u0131llar\u0131, model se\u00e7enekleri , motor verileri , \u00a0\u015fasi \u00f6zellikleri \u00a0ve hatta tasar\u0131mc\u0131lar\u0131na kadar \u00a0\u00f6zenle haz\u0131rlanm\u0131\u015f bilgi havuzuna Ho\u015f geldiniz.<\/span><\/p>\n","protected":false},"excerpt":{"rendered":"<p>\u00a0 \u00a0 Kulland\u0131\u011f\u0131m\u0131z ve hayran\u0131 oldu\u011fumuz bir \u00e7ok \u00a0klasik \u00a0Mercedes Benz modelinin kasa kodlar\u0131na g\u00f6re ayr\u0131lm\u0131\u015f ; \u00fcretim y\u0131llar\u0131, model se\u00e7enekleri , motor verileri , \u00a0\u015fasi \u00f6zellikleri \u00a0ve hatta tasar\u0131mc\u0131lar\u0131na kadar \u00a0\u00f6zenle haz\u0131rlanm\u0131\u015f bilgi havuzuna Ho\u015f geldiniz.<\/p>\n","protected":false},"author":1,"featured_media":0,"parent":0,"menu_order":3,"comment_status":"closed","ping_status":"closed","template":"","meta":[],"_links":{"self":[{"href":"http:\/\/www.benzclassic.net\/index.php?rest_route=\/wp\/v2\/pages\/673"}],"collection":[{"href":"http:\/\/www.benzclassic.net\/index.php?rest_route=\/wp\/v2\/pages"}],"about":[{"href":"http:\/\/www.benzclassic.net\/index.php?rest_route=\/wp\/v2\/types\/page"}],"author":[{"embeddable":true,"href":"http:\/\/www.benzclassic.net\/index.php?rest_route=\/wp\/v2\/users\/1"}],"replies":[{"embeddable":true,"href":"http:\/\/www.benzclassic.net\/index.php?rest_route=%2Fwp%2Fv2%2Fcomments&post=673"}],"version-history":[{"count":5,"href":"http:\/\/www.benzclassic.net\/index.php?rest_route=\/wp\/v2\/pages\/673\/revisions"}],"predecessor-version":[{"id":2009,"href":"http:\/\/www.benzclassic.net\/index.php?rest_route=\/wp\/v2\/pages\/673\/revisions\/2009"}],"wp:attachment":[{"href":"http:\/\/www.benzclassic.net\/index.php?rest_route=%2Fwp%2Fv2%2Fmedia&parent=673"}],"curies":[{"name":"wp","href":"https:\/\/api.w.org\/{rel}","templated":true}]}}