{"id":1988,"date":"2016-01-27T14:06:13","date_gmt":"2016-01-27T14:06:13","guid":{"rendered":"http:\/\/www.benzclassic.net\/?page_id=1988"},"modified":"2016-01-27T14:06:13","modified_gmt":"2016-01-27T14:06:13","slug":"boya-ve-doseme-brosurleri","status":"publish","type":"page","link":"http:\/\/www.benzclassic.net\/?page_id=1988","title":{"rendered":"BOYA VE D\u00d6\u015eEME BRO\u015e\u00dcRLER\u0130"},"content":{"rendered":"<ul>\n<li>\n<h1><a href=\"http:\/\/oudemercedesbrochures.nl\/Lak_Bekleding.html\"><img alt=\"\" src=\"http:\/\/oudemercedesbrochures.nl\/Images\/Lak_Bekleding\/001.jpg\" \/>Lak\/Bekleding-Lacken\/Polsterungen-Paint\/Upholsteries<\/a><\/h1>\n<\/li>\n<\/ul>\n","protected":false},"excerpt":{"rendered":"<p>Lak\/Bekleding-Lacken\/Polsterungen-Paint\/Upholsteries<\/p>\n","protected":false},"author":1,"featured_media":0,"parent":1768,"menu_order":0,"comment_status":"closed","ping_status":"closed","template":"","meta":[],"_links":{"self":[{"href":"http:\/\/www.benzclassic.net\/index.php?rest_route=\/wp\/v2\/pages\/1988"}],"collection":[{"href":"http:\/\/www.benzclassic.net\/index.php?rest_route=\/wp\/v2\/pages"}],"about":[{"href":"http:\/\/www.benzclassic.net\/index.php?rest_route=\/wp\/v2\/types\/page"}],"author":[{"embeddable":true,"href":"http:\/\/www.benzclassic.net\/index.php?rest_route=\/wp\/v2\/users\/1"}],"replies":[{"embeddable":true,"href":"http:\/\/www.benzclassic.net\/index.php?rest_route=%2Fwp%2Fv2%2Fcomments&post=1988"}],"version-history":[{"count":1,"href":"http:\/\/www.benzclassic.net\/index.php?rest_route=\/wp\/v2\/pages\/1988\/revisions"}],"predecessor-version":[{"id":1989,"href":"http:\/\/www.benzclassic.net\/index.php?rest_route=\/wp\/v2\/pages\/1988\/revisions\/1989"}],"up":[{"embeddable":true,"href":"http:\/\/www.benzclassic.net\/index.php?rest_route=\/wp\/v2\/pages\/1768"}],"wp:attachment":[{"href":"http:\/\/www.benzclassic.net\/index.php?rest_route=%2Fwp%2Fv2%2Fmedia&parent=1988"}],"curies":[{"name":"wp","href":"https:\/\/api.w.org\/{rel}","templated":true}]}}