{"id":1768,"date":"2016-01-26T13:31:15","date_gmt":"2016-01-26T13:31:15","guid":{"rendered":"http:\/\/www.benzclassic.net\/?page_id=1768"},"modified":"2016-01-28T08:20:08","modified_gmt":"2016-01-28T08:20:08","slug":"mercedes-benz-orijinal-brosur-ve-kataloglar","status":"publish","type":"page","link":"http:\/\/www.benzclassic.net\/?page_id=1768","title":{"rendered":"MERCEDES BENZ OR\u0130J\u0130NAL BRO\u015e\u00dcR VE KATALOGLAR"},"content":{"rendered":"<p>Klasik Mercedes Benz Serilerin \u00dcretim ve sonras\u0131nda ki sat\u0131\u015f s\u00fcre\u00e7lerinin ait d\u00f6nemin orijinal bro\u015f\u00fcr ve kataloglar\u0131n\u0131n bulundu\u011fu \u00e7ok de\u011ferli bilgi ar\u015fivine Ho\u015fgeldiniz.<\/p>\n<p>Model Se\u00e7eneklerini t\u0131klay\u0131p \u00a0ilgili kataloglara ula\u015fabilirsiniz.<\/p>\n<p>&nbsp;<\/p>\n<ul>\n<li>\n<h2><a href=\"http:\/\/oudemercedesbrochures.nl\/tot45.html\"><img alt=\"\" src=\"http:\/\/oudemercedesbrochures.nl\/Images\/icons\/Tot45.jpg\" \/>tot 1945<\/a><\/h2>\n<\/li>\n<li>\n<h2><a href=\"http:\/\/oudemercedesbrochures.nl\/170_220_300.html\"><img alt=\"\" src=\"http:\/\/oudemercedesbrochures.nl\/Images\/icons\/300Aut.jpg\" \/>170-220-300-300S<\/a><\/h2>\n<\/li>\n<li>\n<h2><a href=\"http:\/\/oudemercedesbrochures.nl\/W198.html\"><img alt=\"\" src=\"http:\/\/oudemercedesbrochures.nl\/Images\/icons\/W198.jpg\" \/>190SL\/300SL<\/a><\/h2>\n<\/li>\n<li>\n<h2><a href=\"http:\/\/oudemercedesbrochures.nl\/Ponton.html\"><img alt=\"\" src=\"http:\/\/oudemercedesbrochures.nl\/Images\/icons\/Ponton.jpg\" \/>Ponton<\/a><\/h2>\n<\/li>\n<li>\n<h2><a href=\"http:\/\/oudemercedesbrochures.nl\/W110_W111Sedan.html\"><img alt=\"\" src=\"http:\/\/oudemercedesbrochures.nl\/Images\/icons\/w110.jpg\" \/>W110\/W111 Sedan<\/a><\/h2>\n<\/li>\n<li>\n<h2><a href=\"http:\/\/oudemercedesbrochures.nl\/W111_112CoupCab.html\"><img alt=\"\" src=\"http:\/\/oudemercedesbrochures.nl\/Images\/W112\/icon.jpg\" \/>W111_W112_Coupe\/Cabrio<\/a><\/h2>\n<\/li>\n<li>\n<h2><a href=\"http:\/\/oudemercedesbrochures.nl\/W100.html\"><img alt=\"\" src=\"http:\/\/oudemercedesbrochures.nl\/Images\/icons\/w100.jpg\" \/>W100<\/a><\/h2>\n<\/li>\n<li>\n<h2><a href=\"http:\/\/oudemercedesbrochures.nl\/W113.html\"><img alt=\"\" src=\"http:\/\/oudemercedesbrochures.nl\/Images\/icons\/w113.jpg\" \/>W113<\/a><\/h2>\n<\/li>\n<li>\n<h2><a href=\"http:\/\/oudemercedesbrochures.nl\/w108_w109.html\"><img alt=\"\" src=\"http:\/\/oudemercedesbrochures.nl\/Images\/icons\/w108.jpg\" \/>W108\/W109<\/a><\/h2>\n<\/li>\n<li>\n<h2><a href=\"http:\/\/oudemercedesbrochures.nl\/W114_115.html\"><img alt=\"\" src=\"http:\/\/oudemercedesbrochures.nl\/Images\/icons\/w114.jpg\" \/>W114\/W115<\/a><\/h2>\n<\/li>\n<li>\n<h2><a href=\"http:\/\/oudemercedesbrochures.nl\/W107.html\"><img alt=\"\" src=\"http:\/\/oudemercedesbrochures.nl\/Images\/icons\/R107.jpg\" \/>R\/C 107<\/a><\/h2>\n<\/li>\n<li>\n<h2><a href=\"http:\/\/oudemercedesbrochures.nl\/W116.html\"><img alt=\"\" src=\"http:\/\/oudemercedesbrochures.nl\/Images\/icons\/w116.jpg\" \/>W116<\/a><\/h2>\n<\/li>\n<li>\n<h2><a href=\"http:\/\/oudemercedesbrochures.nl\/W123.html\"><img alt=\"\" src=\"http:\/\/oudemercedesbrochures.nl\/Images\/icons\/w123.jpg\" \/>W123<\/a><\/h2>\n<\/li>\n<li>\n<h2><a href=\"http:\/\/oudemercedesbrochures.nl\/w126.html\"><img alt=\"\" src=\"http:\/\/oudemercedesbrochures.nl\/Images\/icons\/w126.jpg\" \/>W126<\/a><\/h2>\n<\/li>\n<li>\n<h2><a href=\"http:\/\/oudemercedesbrochures.nl\/W201.html\"><img alt=\"\" src=\"http:\/\/oudemercedesbrochures.nl\/Images\/icons\/W201.jpg\" \/>W201<\/a><\/h2>\n<\/li>\n<li>\n<h2><a href=\"http:\/\/oudemercedesbrochures.nl\/W124.html\"><img alt=\"\" src=\"http:\/\/oudemercedesbrochures.nl\/Images\/icons\/W124.jpg\" \/>W124<\/a><\/h2>\n<\/li>\n<li>\n<h2><a href=\"http:\/\/oudemercedesbrochures.nl\/R129.html\"><img alt=\"\" src=\"http:\/\/oudemercedesbrochures.nl\/Images\/R129\/R129.jpg\" \/>R129<\/a><\/h2>\n<\/li>\n<li>\n<h2><a href=\"http:\/\/oudemercedesbrochures.nl\/W140.html\"><img alt=\"\" src=\"http:\/\/oudemercedesbrochures.nl\/Images\/W140\/W140_icon.jpg\" \/>W140<\/a><\/h2>\n<\/li>\n<li>\n<h2><a href=\"http:\/\/oudemercedesbrochures.nl\/G_class.html\"><img alt=\"\" src=\"http:\/\/oudemercedesbrochures.nl\/Images\/G-klasse\/G.jpg\" \/>G-klasse<\/a><\/h2>\n<\/li>\n<li>\n<h2><a href=\"http:\/\/oudemercedesbrochures.nl\/R170.html\"><img alt=\"\" src=\"http:\/\/oudemercedesbrochures.nl\/Images\/R170\/SLK.jpg\" \/>R170 SLK<\/a><\/h2>\n<\/li>\n<li>\n<h2><a href=\"http:\/\/oudemercedesbrochures.nl\/Programma.html\"><img alt=\"\" src=\"http:\/\/oudemercedesbrochures.nl\/Images\/Programma\/USA_Poster1967\/icon.jpg\" \/>Programma brochures<\/a><\/h2>\n<\/li>\n<li>\n<h2><a href=\"http:\/\/oudemercedesbrochures.nl\/Lak_Bekleding.html\"><img alt=\"\" src=\"http:\/\/oudemercedesbrochures.nl\/Images\/Lak_Bekleding\/001.jpg\" \/>Lak\/Bekleding-Lacken\/Polsterungen-Paint\/Upholsteries<\/a><\/h2>\n<\/li>\n<li>\n<h2><a href=\"http:\/\/oudemercedesbrochures.nl\/Zubehor_Accessoires.html\"><img alt=\"\" src=\"http:\/\/oudemercedesbrochures.nl\/Images\/Zubehor_Accessoires\/Acc_0159engels\/icon.jpg\" \/>Accessoires\/Opties<\/a><\/h2>\n<\/li>\n<li>\n<h2><a href=\"http:\/\/oudemercedesbrochures.nl\/Sheets.html\"><img alt=\"\" src=\"http:\/\/oudemercedesbrochures.nl\/Images\/Sheets\/icon.jpg\" \/>sheets<\/a><\/h2>\n<\/li>\n<li>\n<h2><a href=\"http:\/\/oudemercedesbrochures.nl\/persfoto.html\"><img alt=\"\" src=\"http:\/\/oudemercedesbrochures.nl\/Images\/Persfotos\/icon.jpg\" \/>Persfoto&#8217;s<\/a><\/h2>\n<\/li>\n<li>\n<h2><a href=\"http:\/\/oudemercedesbrochures.nl\/Truck_Bus.html\"><img alt=\"\" src=\"http:\/\/oudemercedesbrochures.nl\/Images\/Specials\/bus.jpg\" \/>Truck\/Bus-LKW\/Omnibusse-Trucks\/Buses<\/a><\/h2>\n<\/li>\n<li>\n<h2><a href=\"http:\/\/oudemercedesbrochures.nl\/Specials.html\"><img alt=\"\" src=\"http:\/\/oudemercedesbrochures.nl\/Images\/Specials\/AMG_1986USA\/icon.jpg\" \/>Specials<\/a><\/h2>\n<\/li>\n<li>\n<h2><a href=\"http:\/\/oudemercedesbrochures.nl\/VonAnfang_1070.html\"><img alt=\"\" src=\"http:\/\/oudemercedesbrochures.nl\/Images\/Von%20Anfang%20an\/Box%20blauw\/icon.jpg\" \/>Von Anfang an Dabei<\/a><\/h2>\n<\/li>\n<\/ul>\n","protected":false},"excerpt":{"rendered":"<p>Klasik Mercedes Benz Serilerin \u00dcretim ve sonras\u0131nda ki sat\u0131\u015f s\u00fcre\u00e7lerinin ait d\u00f6nemin orijinal bro\u015f\u00fcr ve kataloglar\u0131n\u0131n bulundu\u011fu \u00e7ok de\u011ferli bilgi ar\u015fivine Ho\u015fgeldiniz. Model Se\u00e7eneklerini t\u0131klay\u0131p \u00a0ilgili kataloglara ula\u015fabilirsiniz. &nbsp; tot 1945 170-220-300-300S 190SL\/300SL Ponton W110\/W111 Sedan W111_W112_Coupe\/Cabrio W100 W113 W108\/W109 W114\/W115 R\/C 107 W116 W123 W126 W201 W124 R129 W140 G-klasse R170 SLK Programma brochures &#8230; <span class=\"more\"><a class=\"more-link\" href=\"http:\/\/www.benzclassic.net\/?page_id=1768\">[Read more&#8230;]<\/a><\/span><\/p>\n","protected":false},"author":1,"featured_media":0,"parent":673,"menu_order":0,"comment_status":"closed","ping_status":"closed","template":"","meta":[],"_links":{"self":[{"href":"http:\/\/www.benzclassic.net\/index.php?rest_route=\/wp\/v2\/pages\/1768"}],"collection":[{"href":"http:\/\/www.benzclassic.net\/index.php?rest_route=\/wp\/v2\/pages"}],"about":[{"href":"http:\/\/www.benzclassic.net\/index.php?rest_route=\/wp\/v2\/types\/page"}],"author":[{"embeddable":true,"href":"http:\/\/www.benzclassic.net\/index.php?rest_route=\/wp\/v2\/users\/1"}],"replies":[{"embeddable":true,"href":"http:\/\/www.benzclassic.net\/index.php?rest_route=%2Fwp%2Fv2%2Fcomments&post=1768"}],"version-history":[{"count":6,"href":"http:\/\/www.benzclassic.net\/index.php?rest_route=\/wp\/v2\/pages\/1768\/revisions"}],"predecessor-version":[{"id":2006,"href":"http:\/\/www.benzclassic.net\/index.php?rest_route=\/wp\/v2\/pages\/1768\/revisions\/2006"}],"up":[{"embeddable":true,"href":"http:\/\/www.benzclassic.net\/index.php?rest_route=\/wp\/v2\/pages\/673"}],"wp:attachment":[{"href":"http:\/\/www.benzclassic.net\/index.php?rest_route=%2Fwp%2Fv2%2Fmedia&parent=1768"}],"curies":[{"name":"wp","href":"https:\/\/api.w.org\/{rel}","templated":true}]}}