{"id":1757,"date":"2015-11-12T09:26:20","date_gmt":"2015-11-12T09:26:20","guid":{"rendered":"http:\/\/www.benzclassic.net\/?page_id=1757"},"modified":"2024-10-04T07:56:12","modified_gmt":"2024-10-04T07:56:12","slug":"doseme","status":"publish","type":"page","link":"http:\/\/www.benzclassic.net\/?page_id=1757","title":{"rendered":"Mercedes Benz  D\u00f6\u015feme Kodlar\u0131"},"content":{"rendered":"<div id=\"c281\">\n<p><strong>\u00a0<\/strong><\/p>\n<\/div>\n<div id=\"c196\">\n<div>\n<div>\n<dl>\n<dd>\n<div id=\"c199\">\n<div>\u00a0<a href=\"http:\/\/www.benzclassic.net\/wp-content\/uploads\/2015\/11\/db-108-109-116-126-velour.jpg\"><img loading=\"lazy\" class=\"alignnone size-full wp-image-1758\" src=\"http:\/\/www.benzclassic.net\/wp-content\/uploads\/2015\/11\/db-108-109-116-126-velour.jpg\" alt=\"db-108-109-116-126-velour\" width=\"393\" height=\"607\" srcset=\"http:\/\/www.benzclassic.net\/wp-content\/uploads\/2015\/11\/db-108-109-116-126-velour.jpg 393w, http:\/\/www.benzclassic.net\/wp-content\/uploads\/2015\/11\/db-108-109-116-126-velour-194x300.jpg 194w\" sizes=\"(max-width: 393px) 100vw, 393px\" \/><\/a><\/div>\n<div><\/div>\n<\/div>\n<\/dd>\n<\/dl>\n<\/div>\n<\/div>\n<\/div>\n","protected":false},"excerpt":{"rendered":"<p>\u00a0 \u00a0<\/p>\n","protected":false},"author":1,"featured_media":0,"parent":673,"menu_order":0,"comment_status":"closed","ping_status":"closed","template":"","meta":[],"_links":{"self":[{"href":"http:\/\/www.benzclassic.net\/index.php?rest_route=\/wp\/v2\/pages\/1757"}],"collection":[{"href":"http:\/\/www.benzclassic.net\/index.php?rest_route=\/wp\/v2\/pages"}],"about":[{"href":"http:\/\/www.benzclassic.net\/index.php?rest_route=\/wp\/v2\/types\/page"}],"author":[{"embeddable":true,"href":"http:\/\/www.benzclassic.net\/index.php?rest_route=\/wp\/v2\/users\/1"}],"replies":[{"embeddable":true,"href":"http:\/\/www.benzclassic.net\/index.php?rest_route=%2Fwp%2Fv2%2Fcomments&post=1757"}],"version-history":[{"count":6,"href":"http:\/\/www.benzclassic.net\/index.php?rest_route=\/wp\/v2\/pages\/1757\/revisions"}],"predecessor-version":[{"id":2823,"href":"http:\/\/www.benzclassic.net\/index.php?rest_route=\/wp\/v2\/pages\/1757\/revisions\/2823"}],"up":[{"embeddable":true,"href":"http:\/\/www.benzclassic.net\/index.php?rest_route=\/wp\/v2\/pages\/673"}],"wp:attachment":[{"href":"http:\/\/www.benzclassic.net\/index.php?rest_route=%2Fwp%2Fv2%2Fmedia&parent=1757"}],"curies":[{"name":"wp","href":"https:\/\/api.w.org\/{rel}","templated":true}]}}